{"id":8618,"date":"2021-06-21T17:49:11","date_gmt":"2021-06-21T21:49:11","guid":{"rendered":"https:\/\/www.canadianfitnessequipment.ca?post_type=product&#038;p=8618"},"modified":"2021-06-21T17:49:11","modified_gmt":"2021-06-21T21:49:11","slug":"le-tapis-de-course-star-trac-etr-usage","status":"publish","type":"product","link":"https:\/\/canadianfitnessequipment.ca\/en\/product\/le-tapis-de-course-star-trac-etr-usage\/","title":{"rendered":"Le tapis de course Star Trac ETR USAG\u00c9"},"content":{"rendered":"<p>Puissant moteur AC 5 CV<\/p>\n<p>Plage de vitesse 0,5 mph \u00e0 15 mph avec des incr\u00e9ments de 0,1 mph<\/p>\n<p>Plage d&rsquo;inclinaison 0 \u00e0 15 % avec des incr\u00e9ments de 0,5 %<\/p>\n<p>Syst\u00e8me brevet\u00e9 d&rsquo;absorption des chocs Soft Trac Triple Cell<br \/>\n12 programmes d&rsquo;entra\u00eenement comprenant plusieurs protocoles de tests de condition physique et des entra\u00eenements de contr\u00f4le de la fr\u00e9quence cardiaque<br \/>\nSurface de course de 21,5 \u00ab\u00a0x 50\u00a0\u00bb<\/p>\n<p>\u00c9cran LED avec une grande fen\u00eatre de message \u00e0 8 caract\u00e8res offrant diff\u00e9rentes lectures, notamment le MET, les calories br\u00fbl\u00e9es, la vitesse, l&rsquo;inclinaison, la fr\u00e9quence cardiaque et bien plus encore<\/p>\n<p>Barre Aero pour un acc\u00e8s pratique aux commandes principales<\/p>\n<p>Deux ventilateurs de refroidissement<\/p>\n<p>Connectivit\u00e9 pour le syst\u00e8me de divertissement PVS<\/p>","protected":false},"excerpt":{"rendered":"<p>Le tapis de course Star Trac ETR est con\u00e7u pour les utilisateurs qui aiment les entra\u00eenements intenses. Le syst\u00e8me d&rsquo;absorption des chocs Soft Trac avec ses trois coussins offre une bonne protection contre les chocs de course, et les ventilateurs r\u00e9glables sur la console gardent les utilisateurs au frais pendant les entra\u00eenements.<\/p>\n<p>Le tapis de course est pr\u00e9c\u00e2bl\u00e9 pour connecter le syst\u00e8me PVS \u00e0 des fins de divertissement et dispose d&rsquo;un port USB pour charger l&rsquo;iPod et d&rsquo;autres appareils similaires. Les capteurs de contact et le syst\u00e8me de t\u00e9l\u00e9m\u00e9trie Polar offrent une surveillance pr\u00e9cise de la fr\u00e9quence cardiaque, et les programmes disponibles sur la machine incluent des entra\u00eenements de contr\u00f4le de la fr\u00e9quence cardiaque.<\/p>","protected":false},"featured_media":8620,"comment_status":"closed","ping_status":"closed","template":"","meta":[],"product_brand":[],"product_cat":[318,319],"product_tag":[],"class_list":{"0":"post-8618","1":"product","2":"type-product","3":"status-publish","4":"has-post-thumbnail","6":"product_cat-cardiovasculaire","7":"product_cat-tapis-roulants","9":"first","10":"instock","11":"taxable","12":"shipping-taxable","13":"product-type-simple"},"_links":{"self":[{"href":"https:\/\/canadianfitnessequipment.ca\/en\/wp-json\/wp\/v2\/product\/8618","targetHints":{"allow":["GET"]}}],"collection":[{"href":"https:\/\/canadianfitnessequipment.ca\/en\/wp-json\/wp\/v2\/product"}],"about":[{"href":"https:\/\/canadianfitnessequipment.ca\/en\/wp-json\/wp\/v2\/types\/product"}],"replies":[{"embeddable":true,"href":"https:\/\/canadianfitnessequipment.ca\/en\/wp-json\/wp\/v2\/comments?post=8618"}],"wp:featuredmedia":[{"embeddable":true,"href":"https:\/\/canadianfitnessequipment.ca\/en\/wp-json\/wp\/v2\/media\/8620"}],"wp:attachment":[{"href":"https:\/\/canadianfitnessequipment.ca\/en\/wp-json\/wp\/v2\/media?parent=8618"}],"wp:term":[{"taxonomy":"product_brand","embeddable":true,"href":"https:\/\/canadianfitnessequipment.ca\/en\/wp-json\/wp\/v2\/product_brand?post=8618"},{"taxonomy":"product_cat","embeddable":true,"href":"https:\/\/canadianfitnessequipment.ca\/en\/wp-json\/wp\/v2\/product_cat?post=8618"},{"taxonomy":"product_tag","embeddable":true,"href":"https:\/\/canadianfitnessequipment.ca\/en\/wp-json\/wp\/v2\/product_tag?post=8618"}],"curies":[{"name":"wp","href":"https:\/\/api.w.org\/{rel}","templated":true}]}}