{"id":8615,"date":"2021-06-21T17:18:37","date_gmt":"2021-06-21T21:18:37","guid":{"rendered":"https:\/\/www.canadianfitnessequipment.ca?post_type=product&#038;p=8615"},"modified":"2021-06-21T17:18:37","modified_gmt":"2021-06-21T21:18:37","slug":"tapis-de-course-technogym-excite-700i","status":"publish","type":"product","link":"https:\/\/canadianfitnessequipment.ca\/en\/product\/tapis-de-course-technogym-excite-700i\/","title":{"rendered":"Tapis de course TECHNOGYM EXCITE 700I"},"content":{"rendered":"<p>Caract\u00e9ristiques<\/p>\n<p>Fr\u00e9quence cardiaque : fr\u00e9quence cardiaque de contact | Compatible avec Polar<\/p>\n<p>Couverture\u00a0: Syst\u00e8me d&rsquo;absorption des chocs \u00e0 impact naturel<\/p>\n<p>Programmes : 14 entra\u00eenements + test de condition physique<\/p>\n<p>Fonctionnalit\u00e9s suppl\u00e9mentaires\u00a0: commande par joystick rapide<\/p>\n<p>Affichage des lectures\u00a0: temps, distance, calories, vitesse, inclinaison, fr\u00e9quence cardiaque<\/p>\n<p>Moteur\u00a0: 6,0\u00a0HP CA<\/p>\n<p>Largeur de la ceinture : 20 \u00a0\u00bb<\/p>\n<p>Vitesse : 0,5 &#8211; 14,2 mph<\/p>\n<p>Inclinaison : 0% &#8211; 15%<\/p>\n<p>Fr\u00e9quence cardiaque : fr\u00e9quence cardiaque de contact | Compatible avec Polar<\/p>\n<p>Couverture\u00a0: Syst\u00e8me d&rsquo;absorption des chocs \u00e0 impact naturel<\/p>\n<p>Programmes : 14 entra\u00eenements + test de condition physique<\/p>\n<p>TV : Syst\u00e8me TV bien-\u00eatre compatible avec TV suppl\u00e9mentaire en option<\/p>\n<p>Prise \u00e9lectrique et prise : NEMA 5-20R 120v<\/p>\n<p>Exigences \u00e9lectriques : 20 amp\u00e8res, circuit d\u00e9di\u00e9 requis, sp\u00e9cifications techniques sans boucle de mise \u00e0 la terre<\/p>\n<p>Poids maximum de l&rsquo;utilisateur : 400 lb (182 kg)<br \/>\nPoids : 430 lb (195 kg)<br \/>\nDimensions : 86&Prime; L x 37&Prime; L x 59&Prime; H \/ (218,5 x 94 x 150 cm)<\/p>","protected":false},"excerpt":{"rendered":"<p>Dans la gamme EXCITE de Technogym, imaginez un tapis de course qui reconna\u00eet vos besoins et pr\u00e9f\u00e9rences individuels pour vous offrir un entra\u00eenement optimal avant m\u00eame de monter sur la ceinture. C&rsquo;est ce que fait le tapis de course TechnoGym 700 gr\u00e2ce \u00e0 une \u00ab interface logicielle personnelle \u00bb plus une connexion \u00e0 une station d&rsquo;accueil pour iPod avec t\u00e9l\u00e9vision et radio int\u00e9gr\u00e9es.<\/p>\n<p>Il s&rsquo;agit d&rsquo;un tapis roulant de haute technologie con\u00e7u pour faire bouger les plus accros \u00e0 la t\u00e9l\u00e9vision. Le \u00ab\u00a0Long Life Balance Deck\u00a0\u00bb, qui assure une absorption et un retour d&rsquo;\u00e9nergie \u00e0 chaque pas, r\u00e9duit le risque de traumatisme et procure une sensation de course optimale.<\/p>","protected":false},"featured_media":8617,"comment_status":"closed","ping_status":"closed","template":"","meta":[],"product_brand":[],"product_cat":[318,319],"product_tag":[],"class_list":{"0":"post-8615","1":"product","2":"type-product","3":"status-publish","4":"has-post-thumbnail","6":"product_cat-cardiovasculaire","7":"product_cat-tapis-roulants","9":"first","10":"instock","11":"taxable","12":"shipping-taxable","13":"product-type-simple"},"_links":{"self":[{"href":"https:\/\/canadianfitnessequipment.ca\/en\/wp-json\/wp\/v2\/product\/8615","targetHints":{"allow":["GET"]}}],"collection":[{"href":"https:\/\/canadianfitnessequipment.ca\/en\/wp-json\/wp\/v2\/product"}],"about":[{"href":"https:\/\/canadianfitnessequipment.ca\/en\/wp-json\/wp\/v2\/types\/product"}],"replies":[{"embeddable":true,"href":"https:\/\/canadianfitnessequipment.ca\/en\/wp-json\/wp\/v2\/comments?post=8615"}],"wp:featuredmedia":[{"embeddable":true,"href":"https:\/\/canadianfitnessequipment.ca\/en\/wp-json\/wp\/v2\/media\/8617"}],"wp:attachment":[{"href":"https:\/\/canadianfitnessequipment.ca\/en\/wp-json\/wp\/v2\/media?parent=8615"}],"wp:term":[{"taxonomy":"product_brand","embeddable":true,"href":"https:\/\/canadianfitnessequipment.ca\/en\/wp-json\/wp\/v2\/product_brand?post=8615"},{"taxonomy":"product_cat","embeddable":true,"href":"https:\/\/canadianfitnessequipment.ca\/en\/wp-json\/wp\/v2\/product_cat?post=8615"},{"taxonomy":"product_tag","embeddable":true,"href":"https:\/\/canadianfitnessequipment.ca\/en\/wp-json\/wp\/v2\/product_tag?post=8615"}],"curies":[{"name":"wp","href":"https:\/\/api.w.org\/{rel}","templated":true}]}}