{"id":8612,"date":"2021-06-21T16:57:22","date_gmt":"2021-06-21T20:57:22","guid":{"rendered":"https:\/\/www.canadianfitnessequipment.ca?post_type=product&#038;p=8612"},"modified":"2021-06-21T16:57:22","modified_gmt":"2021-06-21T20:57:22","slug":"tapis-de-course-precor-956i-usage","status":"publish","type":"product","link":"https:\/\/canadianfitnessequipment.ca\/en\/product\/tapis-de-course-precor-956i-usage\/","title":{"rendered":"Tapis de course PRECOR 956I USAG\u00c9"},"content":{"rendered":"<p>Diam\u00e8tre du rouleau (pouce \/ cm) 4 pouces \/ 10,2 cm<\/p>\n<p>Le contr\u00f4leur de moteur IFT-Drive fonctionne avec un moteur \u00e0 induction AC de pointe de 4 HP pour une sensation douce et naturelle. Technologie d&rsquo;entra\u00eenement \u00e0 fr\u00e9quence variable triphas\u00e9e sans capteur pour une fiabilit\u00e9 \u00e9lev\u00e9e et un contr\u00f4le pr\u00e9cis de la vitesse.<\/p>\n<p>Gestion du cordon d&rsquo;alimentation Le syst\u00e8me de gestion du cordon d&rsquo;alimentation comprend des trous pr\u00e9-perc\u00e9s sous le bo\u00eetier du rail lat\u00e9ral et des attaches de c\u00e2ble coulissantes.<\/p>\n<p>Longueur de la poign\u00e9e (po\/cm) 24 pouces\/61 cm<\/p>\n<p>Poids maximum de l&rsquo;utilisateur 500 lb \/ 227 kg<\/p>\n<p>Hauteur de marche 11,6 pouces \/ 29,5 cm<\/p>\n<p>Plage de vitesse 1-16 mph \/ 1-25,5 km \/ h<\/p>\n<p>Surface d&rsquo;exercice (L x l) 60 x 20 pouces \/ 153 x 51 cm<\/p>\n<p>Plage d&rsquo;inclinaison\/de d\u00e9clin par incr\u00e9ments de 0,5 %, de 0 % \u00e0 15 %<\/p>","protected":false},"excerpt":{"rendered":"<p>Le 956i est sp\u00e9cialement con\u00e7u avec des propri\u00e9t\u00e9s de durabilit\u00e9 \u00e9lev\u00e9es \u00e0 des fr\u00e9quences d&rsquo;utilisation \u00e9lev\u00e9es. Il est \u00e9quip\u00e9 du syst\u00e8me de contr\u00f4le d&rsquo;impact Integrated Footplant Technology \u2122 (IFT) et Ground Effects\u00ae (GFX) pour une sensation fluide et naturelle lors de la marche ou de la course.<\/p>\n<p>Acc\u00e8s \u00e0 26 programmes directement \u00e0 partir de 6 boutons : Manuel 7 Vari\u00e9 : Al\u00e9atoire, 2 Cross Country, 2 Fessiers, 2 Custom 4 Perte de Poids : CRC Perte de Poids Personnalis\u00e9, CRC Perte de Poids, 2 A\u00e9robie 3 Intervalles : 1 : 1, 1 : 2, 1: 3 3 Contr\u00f4le de la fr\u00e9quence cardiaque : Basique, Perte de poids personnalis\u00e9e, Perte de poids 8 Performances : 5K, Piste, Test de condition physique Gerkin, USAF PRT, Navy PRT, Army PFT, USMC PFT, Federal Law Enf. PEB.<\/p>\n<p>Capteurs tactiles de fr\u00e9quence cardiaque mont\u00e9s de mani\u00e8re pratique sur le guidon.<\/p>","protected":false},"featured_media":8614,"comment_status":"closed","ping_status":"closed","template":"","meta":[],"product_brand":[],"product_cat":[318,319],"product_tag":[],"class_list":{"0":"post-8612","1":"product","2":"type-product","3":"status-publish","4":"has-post-thumbnail","6":"product_cat-cardiovasculaire","7":"product_cat-tapis-roulants","9":"first","10":"instock","11":"taxable","12":"shipping-taxable","13":"product-type-simple"},"_links":{"self":[{"href":"https:\/\/canadianfitnessequipment.ca\/en\/wp-json\/wp\/v2\/product\/8612","targetHints":{"allow":["GET"]}}],"collection":[{"href":"https:\/\/canadianfitnessequipment.ca\/en\/wp-json\/wp\/v2\/product"}],"about":[{"href":"https:\/\/canadianfitnessequipment.ca\/en\/wp-json\/wp\/v2\/types\/product"}],"replies":[{"embeddable":true,"href":"https:\/\/canadianfitnessequipment.ca\/en\/wp-json\/wp\/v2\/comments?post=8612"}],"wp:featuredmedia":[{"embeddable":true,"href":"https:\/\/canadianfitnessequipment.ca\/en\/wp-json\/wp\/v2\/media\/8614"}],"wp:attachment":[{"href":"https:\/\/canadianfitnessequipment.ca\/en\/wp-json\/wp\/v2\/media?parent=8612"}],"wp:term":[{"taxonomy":"product_brand","embeddable":true,"href":"https:\/\/canadianfitnessequipment.ca\/en\/wp-json\/wp\/v2\/product_brand?post=8612"},{"taxonomy":"product_cat","embeddable":true,"href":"https:\/\/canadianfitnessequipment.ca\/en\/wp-json\/wp\/v2\/product_cat?post=8612"},{"taxonomy":"product_tag","embeddable":true,"href":"https:\/\/canadianfitnessequipment.ca\/en\/wp-json\/wp\/v2\/product_tag?post=8612"}],"curies":[{"name":"wp","href":"https:\/\/api.w.org\/{rel}","templated":true}]}}