{"id":8601,"date":"2021-06-21T12:14:11","date_gmt":"2021-06-21T16:14:11","guid":{"rendered":"https:\/\/www.canadianfitnessequipment.ca?post_type=product&#038;p=8601"},"modified":"2021-06-21T12:14:11","modified_gmt":"2021-06-21T16:14:11","slug":"velo-droit-star-trac-pro-usage","status":"publish","type":"product","link":"https:\/\/canadianfitnessequipment.ca\/en\/product\/velo-droit-star-trac-pro-usage\/","title":{"rendered":"V\u00c9LO DROIT STAR TRAC PRO USAG\u00c9"},"content":{"rendered":"<p>Sp\u00e9cifications\u00a0:<\/p>\n<p>\u2022 Dimensions hors tout : 48&Prime; x 25&Prime; x 57&Prime; (121,9 x 63,5 x 144,8 cm)<br \/>\n\u2022 Poids total\u00a0: 87\u00a0livres (39,5\u00a0kg)<br \/>\n\u2022 Poids de l&rsquo;utilisateur\u00a0: 350\u00a0lb (159\u00a0kg)<br \/>\n\u2022 Cadre\u00a0: cadre en aluminium personnalis\u00e9<br \/>\n\u2022 P\u00e9dales\/manivelles\u00a0: manivelle monobloc avec roulements scell\u00e9s, sangles de p\u00e9dale extra-longues de 13\u00a0pouces avec<br \/>\nsyst\u00e8me de clips \u00ab\u00a0inline skate\u00a0\u00bb<br \/>\n\u2022 \u00c9lectrique : alimentation autonome, aucune alimentation externe n&rsquo;est n\u00e9cessaire.<br \/>\n\u2022 Couleurs : cadre argent\u00e9 avec couvercles gris ardoise et accents noirs<br \/>\n\u2022 Niveaux de r\u00e9sistance\u00a0: 1-20<br \/>\n\u2022 Surveillance de la fr\u00e9quence cardiaque\u00a0: t\u00e9l\u00e9m\u00e9trie Polar\u00ae et syst\u00e8me de fr\u00e9quence cardiaque par contact avec fr\u00e9quence cardiaque dynamique<br \/>\nContr\u00f4le\u00ae<br \/>\n\u2022 Lectures\u00a0: temps, RPM, fr\u00e9quence cardiaque, calories, cal\/heure, watts, distance, vitesse, niveau MET,<br \/>\nprofil graphique, affichage de piste de motivation \u00bc mile<br \/>\n\u2022 Programmes\u00a0: 11 programmes dont deux programmes de contr\u00f4le de la fr\u00e9quence cardiaque, deux programmes de contr\u00f4le de watt<br \/>\net test de condition physique (test de rime astrand modifi\u00e9)<\/p>","protected":false},"excerpt":{"rendered":"<p>Caract\u00e9ristiques:<br \/>\n\u2022 Le populaire fan personnel de Star Trac cr\u00e9e un entra\u00eenement plus gratifiant<br \/>\n\u2022 La console facile \u00e0 utiliser comprend des porte-gobelets et des accessoires, un support de lecture<br \/>\n\u2022 Les sangles de p\u00e9dale de style patin \u00e0 roues align\u00e9es permettent un ajustement personnalis\u00e9 plus facile et une prise plus s\u00fbre<br \/>\n\u2022 Le cadre tout en aluminium est une conception accessible qui r\u00e9siste \u00e0 la corrosion<br \/>\n\u2022 R\u00e9glage du si\u00e8ge Easy-Up pour des changements de position simples<\/p>","protected":false},"featured_media":8603,"comment_status":"closed","ping_status":"closed","template":"","meta":[],"product_brand":[],"product_cat":[318,322],"product_tag":[],"class_list":{"0":"post-8601","1":"product","2":"type-product","3":"status-publish","4":"has-post-thumbnail","6":"product_cat-cardiovasculaire","7":"product_cat-velo","9":"first","10":"instock","11":"sale","12":"taxable","13":"shipping-taxable","14":"purchasable","15":"product-type-simple"},"_links":{"self":[{"href":"https:\/\/canadianfitnessequipment.ca\/en\/wp-json\/wp\/v2\/product\/8601","targetHints":{"allow":["GET"]}}],"collection":[{"href":"https:\/\/canadianfitnessequipment.ca\/en\/wp-json\/wp\/v2\/product"}],"about":[{"href":"https:\/\/canadianfitnessequipment.ca\/en\/wp-json\/wp\/v2\/types\/product"}],"replies":[{"embeddable":true,"href":"https:\/\/canadianfitnessequipment.ca\/en\/wp-json\/wp\/v2\/comments?post=8601"}],"wp:featuredmedia":[{"embeddable":true,"href":"https:\/\/canadianfitnessequipment.ca\/en\/wp-json\/wp\/v2\/media\/8603"}],"wp:attachment":[{"href":"https:\/\/canadianfitnessequipment.ca\/en\/wp-json\/wp\/v2\/media?parent=8601"}],"wp:term":[{"taxonomy":"product_brand","embeddable":true,"href":"https:\/\/canadianfitnessequipment.ca\/en\/wp-json\/wp\/v2\/product_brand?post=8601"},{"taxonomy":"product_cat","embeddable":true,"href":"https:\/\/canadianfitnessequipment.ca\/en\/wp-json\/wp\/v2\/product_cat?post=8601"},{"taxonomy":"product_tag","embeddable":true,"href":"https:\/\/canadianfitnessequipment.ca\/en\/wp-json\/wp\/v2\/product_tag?post=8601"}],"curies":[{"name":"wp","href":"https:\/\/api.w.org\/{rel}","templated":true}]}}