{"id":8576,"date":"2021-06-18T17:06:35","date_gmt":"2021-06-18T21:06:35","guid":{"rendered":"https:\/\/www.canadianfitnessequipment.ca?post_type=product&#038;p=8576"},"modified":"2021-06-18T17:06:35","modified_gmt":"2021-06-18T21:06:35","slug":"croisement-de-cable-precor-usage","status":"publish","type":"product","link":"https:\/\/canadianfitnessequipment.ca\/en\/product\/croisement-de-cable-precor-usage\/","title":{"rendered":"CROISEMENT DE C\u00c2BLE PRECOR USAG\u00c9"},"content":{"rendered":"<p id=\"tw-target-text\" class=\"tw-data-text tw-text-large XcVN5d tw-ta\" dir=\"ltr\" data-placeholder=\"Traducci\u00f3n\"><span class=\"Y2IQFc\" lang=\"fr\">Dimensions (longueur x largeur x hauteur) : 98&Prime; x 58&Prime; x 91&Prime; <\/span><\/p>\n<p class=\"tw-data-text tw-text-large XcVN5d tw-ta\" dir=\"ltr\" data-placeholder=\"Traducci\u00f3n\"><span class=\"Y2IQFc\" lang=\"fr\">Poids de la machine : 840 lb<\/span><\/p>","protected":false},"excerpt":{"rendered":"<p id=\"tw-target-text\" class=\"tw-data-text tw-text-large XcVN5d tw-ta\" dir=\"ltr\" data-placeholder=\"Traducci\u00f3n\"><span class=\"Y2IQFc\" lang=\"fr\">La description Le syst\u00e8me d&rsquo;entra\u00eenement fonctionnel Icarian FTS est un appareil tr\u00e8s flexible, id\u00e9al pour l&rsquo;entra\u00eenement en force fonctionnelle. Litt\u00e9ralement, des dizaines d&rsquo;exercices du haut et du bas du corps peuvent \u00eatre effectu\u00e9s. <\/span><\/p>\n<p class=\"tw-data-text tw-text-large XcVN5d tw-ta\" dir=\"ltr\" data-placeholder=\"Traducci\u00f3n\"><span class=\"Y2IQFc\" lang=\"fr\">Le syst\u00e8me d&rsquo;entra\u00eenement fonctionnel FTS est de la plus haute qualit\u00e9 commerciale, utilisant une conception de c\u00e2ble et de poulie durable pour l&rsquo;application de la r\u00e9sistance, captur\u00e9 dans la structure de cadre en acier pli\u00e9 Icarian 2 \u00d7 4 pouces (50 x 100 mm). . <\/span><\/p>\n<p class=\"tw-data-text tw-text-large XcVN5d tw-ta\" dir=\"ltr\" data-placeholder=\"Traducci\u00f3n\"><span class=\"Y2IQFc\" lang=\"fr\">Les chariots \u00e0 poulies r\u00e9glables permettent aux utilisateurs une libert\u00e9 de mouvement. Les r\u00e9glages sont intuitifs, simples et faciles \u00e0 utiliser. Gamme de produits : Icarian<\/span><\/p>","protected":false},"featured_media":8578,"comment_status":"closed","ping_status":"closed","template":"","meta":[],"product_brand":[],"product_cat":[323,337],"product_tag":[],"class_list":{"0":"post-8576","1":"product","2":"type-product","3":"status-publish","4":"has-post-thumbnail","6":"product_cat-equipements-de-force","7":"product_cat-equipements-multifonctionnel","9":"first","10":"instock","11":"sale","12":"taxable","13":"shipping-taxable","14":"purchasable","15":"product-type-simple"},"_links":{"self":[{"href":"https:\/\/canadianfitnessequipment.ca\/en\/wp-json\/wp\/v2\/product\/8576","targetHints":{"allow":["GET"]}}],"collection":[{"href":"https:\/\/canadianfitnessequipment.ca\/en\/wp-json\/wp\/v2\/product"}],"about":[{"href":"https:\/\/canadianfitnessequipment.ca\/en\/wp-json\/wp\/v2\/types\/product"}],"replies":[{"embeddable":true,"href":"https:\/\/canadianfitnessequipment.ca\/en\/wp-json\/wp\/v2\/comments?post=8576"}],"wp:featuredmedia":[{"embeddable":true,"href":"https:\/\/canadianfitnessequipment.ca\/en\/wp-json\/wp\/v2\/media\/8578"}],"wp:attachment":[{"href":"https:\/\/canadianfitnessequipment.ca\/en\/wp-json\/wp\/v2\/media?parent=8576"}],"wp:term":[{"taxonomy":"product_brand","embeddable":true,"href":"https:\/\/canadianfitnessequipment.ca\/en\/wp-json\/wp\/v2\/product_brand?post=8576"},{"taxonomy":"product_cat","embeddable":true,"href":"https:\/\/canadianfitnessequipment.ca\/en\/wp-json\/wp\/v2\/product_cat?post=8576"},{"taxonomy":"product_tag","embeddable":true,"href":"https:\/\/canadianfitnessequipment.ca\/en\/wp-json\/wp\/v2\/product_tag?post=8576"}],"curies":[{"name":"wp","href":"https:\/\/api.w.org\/{rel}","templated":true}]}}