{"id":8527,"date":"2021-06-17T11:12:23","date_gmt":"2021-06-17T15:12:23","guid":{"rendered":"https:\/\/www.canadianfitnessequipment.ca?post_type=product&#038;p=8527"},"modified":"2021-06-17T12:00:58","modified_gmt":"2021-06-17T16:00:58","slug":"icarian-support-daccessoires-petit-support-dhalteres-usage","status":"publish","type":"product","link":"https:\/\/canadianfitnessequipment.ca\/en\/product\/icarian-support-daccessoires-petit-support-dhalteres-usage\/","title":{"rendered":"icarian Support d&rsquo;accessoires, petit support d&rsquo;halt\u00e8res Usag\u00e9"},"content":{"rendered":"<p id=\"tw-target-text\" class=\"tw-data-text tw-text-large XcVN5d tw-ta\" dir=\"ltr\" data-placeholder=\"Traducci\u00f3n\"><span class=\"Y2IQFc\" lang=\"fr\">Dimensions<\/span><\/p>\n<p class=\"tw-data-text tw-text-large XcVN5d tw-ta\" dir=\"ltr\" data-placeholder=\"Traducci\u00f3n\"><span class=\"Y2IQFc\" lang=\"fr\">Longueur 36 pouces \/ 90 cm <\/span><\/p>\n<p class=\"tw-data-text tw-text-large XcVN5d tw-ta\" dir=\"ltr\" data-placeholder=\"Traducci\u00f3n\"><span class=\"Y2IQFc\" lang=\"fr\">Largeur 30 pouces \/ 76 cm <\/span><\/p>\n<p class=\"tw-data-text tw-text-large XcVN5d tw-ta\" dir=\"ltr\" data-placeholder=\"Traducci\u00f3n\"><span class=\"Y2IQFc\" lang=\"fr\">Hauteur 57 pouces\/145 cm <\/span><\/p>\n<p class=\"tw-data-text tw-text-large XcVN5d tw-ta\" dir=\"ltr\" data-placeholder=\"Traducci\u00f3n\"><span class=\"Y2IQFc\" lang=\"fr\">Poids de l&rsquo;\u00e9quipement 175 lb \/ 79 kg<\/span><\/p>","protected":false},"excerpt":{"rendered":"<p id=\"tw-target-text\" class=\"tw-data-text tw-text-large XcVN5d tw-ta\" dir=\"ltr\" data-placeholder=\"Traducci\u00f3n\"><span class=\"Y2IQFc\" lang=\"fr\">Offre une efficacit\u00e9 maximale dans la capacit\u00e9 de stockage de poids dans un minimum d&rsquo;espace au sol. Les protections sur les supports de barre et le cadre aident \u00e0 prot\u00e9ger l&rsquo;\u00e9quipement. <\/span><\/p>\n<p class=\"tw-data-text tw-text-large XcVN5d tw-ta\" dir=\"ltr\" data-placeholder=\"Traducci\u00f3n\"><span class=\"Y2IQFc\" lang=\"fr\">Pieds en caoutchouc En option Couvre-pieds en option Cadre et finition Tubes en acier soud\u00e9s de 2 \u00d7 4 pouces pli\u00e9s de calibre 11 (0.120&Prime;) et de calibre 7 (0.188&Prime;). Rev\u00eatement en poudre thermodurci appliqu\u00e9 \u00e9lectrostatiquement.<\/span><\/p>","protected":false},"featured_media":8529,"comment_status":"closed","ping_status":"closed","template":"","meta":[],"product_brand":[],"product_cat":[332],"product_tag":[],"class_list":{"0":"post-8527","1":"product","2":"type-product","3":"status-publish","4":"has-post-thumbnail","6":"product_cat-accessoires","8":"first","9":"instock","10":"sale","11":"taxable","12":"shipping-taxable","13":"purchasable","14":"product-type-simple"},"_links":{"self":[{"href":"https:\/\/canadianfitnessequipment.ca\/en\/wp-json\/wp\/v2\/product\/8527","targetHints":{"allow":["GET"]}}],"collection":[{"href":"https:\/\/canadianfitnessequipment.ca\/en\/wp-json\/wp\/v2\/product"}],"about":[{"href":"https:\/\/canadianfitnessequipment.ca\/en\/wp-json\/wp\/v2\/types\/product"}],"replies":[{"embeddable":true,"href":"https:\/\/canadianfitnessequipment.ca\/en\/wp-json\/wp\/v2\/comments?post=8527"}],"wp:featuredmedia":[{"embeddable":true,"href":"https:\/\/canadianfitnessequipment.ca\/en\/wp-json\/wp\/v2\/media\/8529"}],"wp:attachment":[{"href":"https:\/\/canadianfitnessequipment.ca\/en\/wp-json\/wp\/v2\/media?parent=8527"}],"wp:term":[{"taxonomy":"product_brand","embeddable":true,"href":"https:\/\/canadianfitnessequipment.ca\/en\/wp-json\/wp\/v2\/product_brand?post=8527"},{"taxonomy":"product_cat","embeddable":true,"href":"https:\/\/canadianfitnessequipment.ca\/en\/wp-json\/wp\/v2\/product_cat?post=8527"},{"taxonomy":"product_tag","embeddable":true,"href":"https:\/\/canadianfitnessequipment.ca\/en\/wp-json\/wp\/v2\/product_tag?post=8527"}],"curies":[{"name":"wp","href":"https:\/\/api.w.org\/{rel}","templated":true}]}}