{"id":8512,"date":"2021-06-16T14:56:32","date_gmt":"2021-06-16T18:56:32","guid":{"rendered":"https:\/\/www.canadianfitnessequipment.ca?post_type=product&#038;p=8512"},"modified":"2021-06-16T15:31:40","modified_gmt":"2021-06-16T19:31:40","slug":"life-fitness-club-series-discovery-elliptical-usage","status":"publish","type":"product","link":"https:\/\/canadianfitnessequipment.ca\/en\/product\/life-fitness-club-series-discovery-elliptical-usage\/","title":{"rendered":"Life Fitness Club series discovery elliptical Usag\u00e9"},"content":{"rendered":"<p id=\"tw-target-text\" class=\"tw-data-text tw-text-large XcVN5d tw-ta\" dir=\"ltr\" data-placeholder=\"Traducci\u00f3n\"><span class=\"Y2IQFc\" lang=\"fr\">Longueur maximale de la barre : 20,1 pouces. D\u00e9marrage automatique : oui. Alimentation : 115 volts CA, 15 amp\u00e8res (la tension peut varier en dehors des \u00c9tats-Unis). Cela ne fonctionne que s&rsquo;il n&rsquo;y a pas de t\u00e9l\u00e9viseur r\u00e9parable. Ch\u00e2ssis en acier soud\u00e9, roues de levage des rouleaux avant et niveaux arri\u00e8re &#8211; Non Poids maximum de l&rsquo;utilisateur\u00a0: 182\u00a0kg (400 lb). Poids : 452 lb (206 kg). <\/span><\/p>\n<p class=\"tw-data-text tw-text-large XcVN5d tw-ta\" dir=\"ltr\" data-placeholder=\"Traducci\u00f3n\"><span class=\"Y2IQFc\" lang=\"fr\">Dimensions (longueur x largeur x hauteur)\u00a0: 88,1 po x 30,7 po (224 cm x 78 cm)<\/span><\/p>","protected":false},"excerpt":{"rendered":"<p id=\"tw-target-text\" class=\"tw-data-text tw-text-large XcVN5d tw-ta\" dir=\"ltr\" data-placeholder=\"Traducci\u00f3n\"><span class=\"Y2IQFc\" lang=\"fr\">Programmes d&rsquo;exercices\u00a0: d\u00e9marrage rapide, manuel, al\u00e9atoire, c\u00f4te, cardio, combustion des graisses, fr\u00e9quence cardiaque c\u00f4te, intervalle de fr\u00e9quence cardiaque, fr\u00e9quence cardiaque extr\u00eame, tour du monde, cascades, pentes, Kilimandjaro, Navy PRT, test d&rsquo;ajustement, entra\u00eenements personnalis\u00e9s (8) , Cr\u00e9ez vos propres entra\u00eenements (2), A\u00e9robic elliptique, Entra\u00eenement invers\u00e9, Entra\u00eenement de vitesse, Entra\u00eenement par intervalles de vitesse, Objectif de temps, Objectif de calories, Objectif de distance, Objectif de distance d&rsquo;escalade, Temps dans la zone, Objectif d&rsquo;allure, Temps de recharge personnalis\u00e9.<\/span><\/p>\n<p class=\"tw-data-text tw-text-large XcVN5d tw-ta\" dir=\"ltr\" data-placeholder=\"Traducci\u00f3n\"><span class=\"Y2IQFc\" lang=\"fr\">Affichage des lectures : vitesse, niveau de r\u00e9sistance, fr\u00e9quence cardiaque, allure, temps \u00e9coul\u00e9, temps restant, temps dans la zone, heure de la journ\u00e9e, distance, distance parcourue, distance restante, calories, calories par heure, watts, METS, messages personnalis\u00e9s, profil d&rsquo;entra\u00eenement. <\/span><\/p>\n<p class=\"tw-data-text tw-text-large XcVN5d tw-ta\" dir=\"ltr\" data-placeholder=\"Traducci\u00f3n\"><span class=\"Y2IQFc\" lang=\"fr\">Langues : 19 <\/span><\/p>\n<p class=\"tw-data-text tw-text-large XcVN5d tw-ta\" dir=\"ltr\" data-placeholder=\"Traducci\u00f3n\"><span class=\"Y2IQFc\" lang=\"fr\">Surveillance de la fr\u00e9quence cardiaque\u00a0: tactile\u00a0; Compatible sans fil <\/span><\/p>\n<p class=\"tw-data-text tw-text-large XcVN5d tw-ta\" dir=\"ltr\" data-placeholder=\"Traducci\u00f3n\"><span class=\"Y2IQFc\" lang=\"fr\">P\u00e9dales surdimensionn\u00e9es <\/span><\/p>\n<p class=\"tw-data-text tw-text-large XcVN5d tw-ta\" dir=\"ltr\" data-placeholder=\"Traducci\u00f3n\"><span class=\"Y2IQFc\" lang=\"fr\">Exigences d&rsquo;alimentation: auto-aliment\u00e9 avec option plug-in<\/span><\/p>","protected":false},"featured_media":8514,"comment_status":"closed","ping_status":"closed","template":"","meta":[],"product_brand":[],"product_cat":[318,320],"product_tag":[],"class_list":{"0":"post-8512","1":"product","2":"type-product","3":"status-publish","4":"has-post-thumbnail","6":"product_cat-cardiovasculaire","7":"product_cat-elliptiques","9":"first","10":"instock","11":"taxable","12":"shipping-taxable","13":"product-type-simple"},"_links":{"self":[{"href":"https:\/\/canadianfitnessequipment.ca\/en\/wp-json\/wp\/v2\/product\/8512","targetHints":{"allow":["GET"]}}],"collection":[{"href":"https:\/\/canadianfitnessequipment.ca\/en\/wp-json\/wp\/v2\/product"}],"about":[{"href":"https:\/\/canadianfitnessequipment.ca\/en\/wp-json\/wp\/v2\/types\/product"}],"replies":[{"embeddable":true,"href":"https:\/\/canadianfitnessequipment.ca\/en\/wp-json\/wp\/v2\/comments?post=8512"}],"wp:featuredmedia":[{"embeddable":true,"href":"https:\/\/canadianfitnessequipment.ca\/en\/wp-json\/wp\/v2\/media\/8514"}],"wp:attachment":[{"href":"https:\/\/canadianfitnessequipment.ca\/en\/wp-json\/wp\/v2\/media?parent=8512"}],"wp:term":[{"taxonomy":"product_brand","embeddable":true,"href":"https:\/\/canadianfitnessequipment.ca\/en\/wp-json\/wp\/v2\/product_brand?post=8512"},{"taxonomy":"product_cat","embeddable":true,"href":"https:\/\/canadianfitnessequipment.ca\/en\/wp-json\/wp\/v2\/product_cat?post=8512"},{"taxonomy":"product_tag","embeddable":true,"href":"https:\/\/canadianfitnessequipment.ca\/en\/wp-json\/wp\/v2\/product_tag?post=8512"}],"curies":[{"name":"wp","href":"https:\/\/api.w.org\/{rel}","templated":true}]}}