{"id":8486,"date":"2021-06-15T13:48:57","date_gmt":"2021-06-15T17:48:57","guid":{"rendered":"https:\/\/www.canadianfitnessequipment.ca?post_type=product&#038;p=8486"},"modified":"2021-06-15T13:48:57","modified_gmt":"2021-06-15T17:48:57","slug":"rack-double-set-atlantis","status":"publish","type":"product","link":"https:\/\/canadianfitnessequipment.ca\/en\/product\/rack-double-set-atlantis\/","title":{"rendered":"rack double set Atlantis"},"content":{"rendered":"<p>Caract\u00e9ristiques:<\/p>\n<p>Largeur 94&Prime; (239 cm)<\/p>\n<p>Hauteur 29\u2033 (74 cm)<\/p>\n<p>Longueur 30&Prime; (76 cm)<\/p>\n<p>Poids 230 lb (104 kg)<\/p>","protected":false},"excerpt":{"rendered":"<p>Description du produit<\/p>\n<p>La conception exclusive de la selle \u00e9limine le contact avec les surfaces m\u00e9talliques et les ar\u00eates vives.<\/p>\n<p>Inclin\u00e9 pour un chargement facile.<\/p>\n<p>Cat\u00e9gories : S\u00e9rie Precision (Plaques, Bancs et Poids corporel), Racks de stockage<\/p>","protected":false},"featured_media":8488,"comment_status":"closed","ping_status":"closed","template":"","meta":[],"product_brand":[],"product_cat":[332,333],"product_tag":[],"class_list":{"0":"post-8486","1":"product","2":"type-product","3":"status-publish","4":"has-post-thumbnail","6":"product_cat-accessoires","7":"product_cat-barres-olympiques","9":"first","10":"instock","11":"sale","12":"taxable","13":"shipping-taxable","14":"purchasable","15":"product-type-simple"},"_links":{"self":[{"href":"https:\/\/canadianfitnessequipment.ca\/en\/wp-json\/wp\/v2\/product\/8486","targetHints":{"allow":["GET"]}}],"collection":[{"href":"https:\/\/canadianfitnessequipment.ca\/en\/wp-json\/wp\/v2\/product"}],"about":[{"href":"https:\/\/canadianfitnessequipment.ca\/en\/wp-json\/wp\/v2\/types\/product"}],"replies":[{"embeddable":true,"href":"https:\/\/canadianfitnessequipment.ca\/en\/wp-json\/wp\/v2\/comments?post=8486"}],"wp:featuredmedia":[{"embeddable":true,"href":"https:\/\/canadianfitnessequipment.ca\/en\/wp-json\/wp\/v2\/media\/8488"}],"wp:attachment":[{"href":"https:\/\/canadianfitnessequipment.ca\/en\/wp-json\/wp\/v2\/media?parent=8486"}],"wp:term":[{"taxonomy":"product_brand","embeddable":true,"href":"https:\/\/canadianfitnessequipment.ca\/en\/wp-json\/wp\/v2\/product_brand?post=8486"},{"taxonomy":"product_cat","embeddable":true,"href":"https:\/\/canadianfitnessequipment.ca\/en\/wp-json\/wp\/v2\/product_cat?post=8486"},{"taxonomy":"product_tag","embeddable":true,"href":"https:\/\/canadianfitnessequipment.ca\/en\/wp-json\/wp\/v2\/product_tag?post=8486"}],"curies":[{"name":"wp","href":"https:\/\/api.w.org\/{rel}","templated":true}]}}