{"id":8459,"date":"2021-06-10T16:39:50","date_gmt":"2021-06-10T20:39:50","guid":{"rendered":"https:\/\/www.canadianfitnessequipment.ca?post_type=product&#038;p=8459"},"modified":"2021-06-10T16:39:50","modified_gmt":"2021-06-10T20:39:50","slug":"matrix-aura-shoulder-press","status":"publish","type":"product","link":"https:\/\/canadianfitnessequipment.ca\/en\/product\/matrix-aura-shoulder-press\/","title":{"rendered":"Matrix Aura Shoulder Press"},"content":{"rendered":"<p>Dimensions : 152,0 x 146,9 x 150,7 cm<\/p>","protected":false},"excerpt":{"rendered":"<p>Matrix Aura Shoulder Press a un bras de pression qui comprend des poign\u00e9es neutres et \u00e0 barre pour les pr\u00e9f\u00e9rences individuelles de l&rsquo;utilisateur, ainsi que des coussins ergonomiques pour assurer un alignement optimal du corps et des poign\u00e9es surdimensionn\u00e9es \u00e0 double position permettant une vari\u00e9t\u00e9 et un confort d&rsquo;entra\u00eenement.<\/p>\n<p>Les poids incr\u00e9mentaux int\u00e9gr\u00e9s sont accessibles depuis le si\u00e8ge permettant une facilit\u00e9 d&rsquo;utilisation.1950<\/p>","protected":false},"featured_media":8461,"comment_status":"closed","ping_status":"closed","template":"","meta":[],"product_brand":[],"product_cat":[328,323],"product_tag":[],"class_list":{"0":"post-8459","1":"product","2":"type-product","3":"status-publish","4":"has-post-thumbnail","6":"product_cat-epaules","7":"product_cat-equipements-de-force","9":"first","10":"instock","11":"sale","12":"taxable","13":"shipping-taxable","14":"purchasable","15":"product-type-simple"},"_links":{"self":[{"href":"https:\/\/canadianfitnessequipment.ca\/en\/wp-json\/wp\/v2\/product\/8459","targetHints":{"allow":["GET"]}}],"collection":[{"href":"https:\/\/canadianfitnessequipment.ca\/en\/wp-json\/wp\/v2\/product"}],"about":[{"href":"https:\/\/canadianfitnessequipment.ca\/en\/wp-json\/wp\/v2\/types\/product"}],"replies":[{"embeddable":true,"href":"https:\/\/canadianfitnessequipment.ca\/en\/wp-json\/wp\/v2\/comments?post=8459"}],"wp:featuredmedia":[{"embeddable":true,"href":"https:\/\/canadianfitnessequipment.ca\/en\/wp-json\/wp\/v2\/media\/8461"}],"wp:attachment":[{"href":"https:\/\/canadianfitnessequipment.ca\/en\/wp-json\/wp\/v2\/media?parent=8459"}],"wp:term":[{"taxonomy":"product_brand","embeddable":true,"href":"https:\/\/canadianfitnessequipment.ca\/en\/wp-json\/wp\/v2\/product_brand?post=8459"},{"taxonomy":"product_cat","embeddable":true,"href":"https:\/\/canadianfitnessequipment.ca\/en\/wp-json\/wp\/v2\/product_cat?post=8459"},{"taxonomy":"product_tag","embeddable":true,"href":"https:\/\/canadianfitnessequipment.ca\/en\/wp-json\/wp\/v2\/product_tag?post=8459"}],"curies":[{"name":"wp","href":"https:\/\/api.w.org\/{rel}","templated":true}]}}