{"id":8443,"date":"2021-06-10T12:14:21","date_gmt":"2021-06-10T16:14:21","guid":{"rendered":"https:\/\/www.canadianfitnessequipment.ca?post_type=product&#038;p=8443"},"modified":"2021-06-10T12:14:21","modified_gmt":"2021-06-10T16:14:21","slug":"hammer-strength-jammer-usage","status":"publish","type":"product","link":"https:\/\/canadianfitnessequipment.ca\/en\/product\/hammer-strength-jammer-usage\/","title":{"rendered":"Hammer Strength Jammer USAG\u00c9"},"content":{"rendered":"<p>Caract\u00e9ristiques<\/p>\n<ul>\n<li>Cornes de poids standard\u00a0: 6<\/li>\n<li>R\u00e9sistance de d\u00e9part\u00a0: 8\u00a0lbs (3,6\u00a0kg)<\/li>\n<li>Description du cadre : Le cadre en acier de calibre 11 assure une int\u00e9grit\u00e9 structurelle maximale. Chaque cadre re\u00e7oit une finition en poudre \u00e9lectrostatique pour assurer une adh\u00e9rence et une durabilit\u00e9 maximales<\/li>\n<\/ul>\n<p>P\u00c9CIFICATIONS TECHNIQUES<\/p>\n<ul>\n<li>Dimensions\u00a0: 59\u00a0po L x 66\u00a0po L x 90\u00a0po H (150\u00a0cm x 168\u00a0cm x 229\u00a0cm)<\/li>\n<li>Poids\u00a0: 370\u00a0lb (168\u00a0kg)<\/li>\n<\/ul>\n<p>&nbsp;<\/p>","protected":false},"excerpt":{"rendered":"<p>Hammer Strength P\/L ISO-Lat\u00e9ral Incline Press, permet un d\u00e9veloppement de force \u00e9gal. Son chemin de mouvement unique comble l&rsquo;\u00e9cart entre la presse \u00e0 \u00e9paules et la presse inclin\u00e9e.<\/p>","protected":false},"featured_media":8445,"comment_status":"closed","ping_status":"closed","template":"","meta":[],"product_brand":[],"product_cat":[328,323],"product_tag":[],"class_list":{"0":"post-8443","1":"product","2":"type-product","3":"status-publish","4":"has-post-thumbnail","6":"product_cat-epaules","7":"product_cat-equipements-de-force","9":"first","10":"instock","11":"sale","12":"taxable","13":"shipping-taxable","14":"purchasable","15":"product-type-simple"},"_links":{"self":[{"href":"https:\/\/canadianfitnessequipment.ca\/en\/wp-json\/wp\/v2\/product\/8443","targetHints":{"allow":["GET"]}}],"collection":[{"href":"https:\/\/canadianfitnessequipment.ca\/en\/wp-json\/wp\/v2\/product"}],"about":[{"href":"https:\/\/canadianfitnessequipment.ca\/en\/wp-json\/wp\/v2\/types\/product"}],"replies":[{"embeddable":true,"href":"https:\/\/canadianfitnessequipment.ca\/en\/wp-json\/wp\/v2\/comments?post=8443"}],"wp:featuredmedia":[{"embeddable":true,"href":"https:\/\/canadianfitnessequipment.ca\/en\/wp-json\/wp\/v2\/media\/8445"}],"wp:attachment":[{"href":"https:\/\/canadianfitnessequipment.ca\/en\/wp-json\/wp\/v2\/media?parent=8443"}],"wp:term":[{"taxonomy":"product_brand","embeddable":true,"href":"https:\/\/canadianfitnessequipment.ca\/en\/wp-json\/wp\/v2\/product_brand?post=8443"},{"taxonomy":"product_cat","embeddable":true,"href":"https:\/\/canadianfitnessequipment.ca\/en\/wp-json\/wp\/v2\/product_cat?post=8443"},{"taxonomy":"product_tag","embeddable":true,"href":"https:\/\/canadianfitnessequipment.ca\/en\/wp-json\/wp\/v2\/product_tag?post=8443"}],"curies":[{"name":"wp","href":"https:\/\/api.w.org\/{rel}","templated":true}]}}