{"id":8424,"date":"2021-06-09T15:47:51","date_gmt":"2021-06-09T19:47:51","guid":{"rendered":"https:\/\/www.canadianfitnessequipment.ca?post_type=product&#038;p=8424"},"modified":"2021-06-09T15:51:13","modified_gmt":"2021-06-09T19:51:13","slug":"technogym-element-arm-curl-usage","status":"publish","type":"product","link":"https:\/\/canadianfitnessequipment.ca\/en\/product\/technogym-element-arm-curl-usage\/","title":{"rendered":"TECHNOGYM ELEMENT ARM CURL USAG\u00c9"},"content":{"rendered":"<p>Caract\u00e9ristiques<\/p>\n<p>Les poign\u00e9es pivotent pour s&rsquo;adapter automatiquement aux diff\u00e9rentes longueurs d&rsquo;avant-bras.L&rsquo;\u00e9limination des coudi\u00e8res permet un mouvement naturel autour du coude et \u00e9vite de trop \u00e9tirer le coude.Les bras ind\u00e9pendants permettent d&rsquo;effectuer l&rsquo;exercice avec les deux bras ensemble ou en alternant les bras et entra\u00eene une am\u00e9lioration de la force plus \u00e9quilibr\u00e9e.Entra\u00eenement sp\u00e9cifique des biceps dans les brasStabilit\u00e9 de l&rsquo;articulation du coudeCorrection du d\u00e9s\u00e9quilibre musculaire dans les bras.<\/p>\n<p>SP\u00c9CIFICATIONS TECHNIQUES<\/p>\n<p>Pile de poids \/ Pile de poids Plus : 120 lb. \/ 160 lb<\/p>\n<p>Poids : 310 lb.<\/p>\n<p>Dimensions : 31&Prime; l x 55&Prime; long x 56&Prime; h<\/p>","protected":false},"excerpt":{"rendered":"<p>L&rsquo;Arm Curl fait partie de la ligne Element et est \u00e9quip\u00e9 de poign\u00e9es qui pivotent automatiquement pour s&rsquo;adapter \u00e0 diff\u00e9rentes longueurs d&rsquo;avant-bras tandis que les bras ind\u00e9pendants permettent d&rsquo;effectuer l&rsquo;exercice avec les deux bras ensemble ou avec les bras en alternance et entra\u00eene une am\u00e9lioration de la force \u00e9quilibr\u00e9e. Biomotion, reproduit le mouvement naturel du corps \u00e0 travers l&rsquo;amplitude de mouvement s\u00e9lectionn\u00e9e, la r\u00e9sistance reste stable et permet des mouvements exceptionnellement fluides.<\/p>\n<p>Le Physiocam est un autre programme qui permet de fournir une r\u00e9sistance variable pour s&rsquo;adapter \u00e0 la courbe de force sp\u00e9cifique du groupe musculaire cibl\u00e9, et les utilisateurs per\u00e7oivent une r\u00e9sistance constante tout au long de leur entra\u00eenement.<\/p>\n<p>L&rsquo;Arm Curl est dot\u00e9 d&rsquo;un si\u00e8ge et d&rsquo;un dossier ergonomiques pour aider l&rsquo;utilisateur \u00e0 maintenir la position correcte pendant l&rsquo;entra\u00eenement ainsi que pour soutenir la colonne vert\u00e9brale de l&rsquo;utilisateur.<\/p>","protected":false},"featured_media":8426,"comment_status":"closed","ping_status":"closed","template":"","meta":[],"product_brand":[],"product_cat":[327,323],"product_tag":[],"class_list":{"0":"post-8424","1":"product","2":"type-product","3":"status-publish","4":"has-post-thumbnail","6":"product_cat-biceps","7":"product_cat-equipements-de-force","9":"first","10":"instock","11":"sale","12":"taxable","13":"shipping-taxable","14":"purchasable","15":"product-type-simple"},"_links":{"self":[{"href":"https:\/\/canadianfitnessequipment.ca\/en\/wp-json\/wp\/v2\/product\/8424","targetHints":{"allow":["GET"]}}],"collection":[{"href":"https:\/\/canadianfitnessequipment.ca\/en\/wp-json\/wp\/v2\/product"}],"about":[{"href":"https:\/\/canadianfitnessequipment.ca\/en\/wp-json\/wp\/v2\/types\/product"}],"replies":[{"embeddable":true,"href":"https:\/\/canadianfitnessequipment.ca\/en\/wp-json\/wp\/v2\/comments?post=8424"}],"wp:featuredmedia":[{"embeddable":true,"href":"https:\/\/canadianfitnessequipment.ca\/en\/wp-json\/wp\/v2\/media\/8426"}],"wp:attachment":[{"href":"https:\/\/canadianfitnessequipment.ca\/en\/wp-json\/wp\/v2\/media?parent=8424"}],"wp:term":[{"taxonomy":"product_brand","embeddable":true,"href":"https:\/\/canadianfitnessequipment.ca\/en\/wp-json\/wp\/v2\/product_brand?post=8424"},{"taxonomy":"product_cat","embeddable":true,"href":"https:\/\/canadianfitnessequipment.ca\/en\/wp-json\/wp\/v2\/product_cat?post=8424"},{"taxonomy":"product_tag","embeddable":true,"href":"https:\/\/canadianfitnessequipment.ca\/en\/wp-json\/wp\/v2\/product_tag?post=8424"}],"curies":[{"name":"wp","href":"https:\/\/api.w.org\/{rel}","templated":true}]}}