{"id":8412,"date":"2021-06-08T15:23:51","date_gmt":"2021-06-08T19:23:51","guid":{"rendered":"https:\/\/www.canadianfitnessequipment.ca?post_type=product&#038;p=8412"},"modified":"2021-06-08T15:23:51","modified_gmt":"2021-06-08T19:23:51","slug":"life-fitness-fit-3-multi-gym-usage","status":"publish","type":"product","link":"https:\/\/canadianfitnessequipment.ca\/en\/product\/life-fitness-fit-3-multi-gym-usage\/","title":{"rendered":"LIFE FITNESS FIT 3 MULTI-GYM  USAG\u00c9"},"content":{"rendered":"<p>SP\u00c9CIFICATIONS TECHNIQUES<\/p>\n<p>-Courroies et poulies Les poulies en nylon impr\u00e9gn\u00e9 de fibre de verre de 4-1\/2&Prime; (11 cm) et 6&Prime; (15 cm) de diam\u00e8tre sont dot\u00e9es de roulements scell\u00e9s<\/p>\n<p>-Amorti Les coussins profil\u00e9s utilisent une mousse moul\u00e9e pour un confort et une durabilit\u00e9 sup\u00e9rieurs<\/p>\n<p>-Haubans Capots avant et arri\u00e8re complets et couvercles de poulies<\/p>\n<p>-Plaques de poids et tiges de guidage<\/p>\n<p>-Tiges de guidage en acier massif chrom\u00e9 pour un mouvement fluide-Description du cadre Chaque cadre re\u00e7oit une finition en poudre \u00e9lectrostatique pour assurer une adh\u00e9rence et une durabilit\u00e9 maximales; Le cadre en acier de calibre 11 assure une int\u00e9grit\u00e9 structurelle maximale<\/p>\n<p>-Dimensions (L x l x H) 102&Prime; x 102&Prime; x 85&Prime; (260 cm x 260 cm x 216 cm)Poids 1255 lb (570 kg)Pile de poids 210 lb (95 kg)<\/p>","protected":false},"excerpt":{"rendered":"<p>Le Fit 3 Multi-Gym compact est id\u00e9al pour les installations qui ont de petits espaces mais qui n\u00e9cessitent une option d&rsquo;entra\u00eenement musculaire polyvalente.<\/p>\n<p>Il comporte trois piles de poids diff\u00e9rentes \u00e0 utiliser par trois utilisateurs \u00e0 la fois.<\/p>\n<h1><\/h1>","protected":false},"featured_media":8414,"comment_status":"closed","ping_status":"closed","template":"","meta":[],"product_brand":[],"product_cat":[323,337],"product_tag":[],"class_list":{"0":"post-8412","1":"product","2":"type-product","3":"status-publish","4":"has-post-thumbnail","6":"product_cat-equipements-de-force","7":"product_cat-equipements-multifonctionnel","9":"first","10":"instock","11":"sale","12":"taxable","13":"shipping-taxable","14":"purchasable","15":"product-type-simple"},"_links":{"self":[{"href":"https:\/\/canadianfitnessequipment.ca\/en\/wp-json\/wp\/v2\/product\/8412","targetHints":{"allow":["GET"]}}],"collection":[{"href":"https:\/\/canadianfitnessequipment.ca\/en\/wp-json\/wp\/v2\/product"}],"about":[{"href":"https:\/\/canadianfitnessequipment.ca\/en\/wp-json\/wp\/v2\/types\/product"}],"replies":[{"embeddable":true,"href":"https:\/\/canadianfitnessequipment.ca\/en\/wp-json\/wp\/v2\/comments?post=8412"}],"wp:featuredmedia":[{"embeddable":true,"href":"https:\/\/canadianfitnessequipment.ca\/en\/wp-json\/wp\/v2\/media\/8414"}],"wp:attachment":[{"href":"https:\/\/canadianfitnessequipment.ca\/en\/wp-json\/wp\/v2\/media?parent=8412"}],"wp:term":[{"taxonomy":"product_brand","embeddable":true,"href":"https:\/\/canadianfitnessequipment.ca\/en\/wp-json\/wp\/v2\/product_brand?post=8412"},{"taxonomy":"product_cat","embeddable":true,"href":"https:\/\/canadianfitnessequipment.ca\/en\/wp-json\/wp\/v2\/product_cat?post=8412"},{"taxonomy":"product_tag","embeddable":true,"href":"https:\/\/canadianfitnessequipment.ca\/en\/wp-json\/wp\/v2\/product_tag?post=8412"}],"curies":[{"name":"wp","href":"https:\/\/api.w.org\/{rel}","templated":true}]}}