{"id":8392,"date":"2021-06-08T12:47:24","date_gmt":"2021-06-08T16:47:24","guid":{"rendered":"https:\/\/www.canadianfitnessequipment.ca?post_type=product&#038;p=8392"},"modified":"2021-06-08T12:47:24","modified_gmt":"2021-06-08T16:47:24","slug":"star-trac-spinner-blade-ion-velo-spinning-usage","status":"publish","type":"product","link":"https:\/\/canadianfitnessequipment.ca\/en\/product\/star-trac-spinner-blade-ion-velo-spinning-usage\/","title":{"rendered":"Star Trac Spinner Blade ION V\u00e9lo Spinning USAG\u00c9"},"content":{"rendered":"<ul>\n<li>L&rsquo;affichage r\u00e9capitulatif offre de grandes donn\u00e9es simples et intuitives faciles \u00e0 lire en temps r\u00e9el et en mode r\u00e9capitulatif avec puissance maximale, puissance moyenne, temps, fr\u00e9quence cardiaque moyenne, cadence moyenne, distance totale et calories totales.<\/li>\n<\/ul>\n<ul>\n<li>Affichage de fonctionnement avec puissance, temps, cadence, fr\u00e9quence cardiaque, distance et kilojoules.<\/li>\n<\/ul>\n<p>&nbsp;<\/p>\n<ul>\n<li>Autres caract\u00e9ristiques : syst\u00e8me d&rsquo;entra\u00eenement \u00e0 cha\u00eene lisse offrant une sensation de conduite authentique, p\u00e9dales SPD double face compatibles avec un corps de p\u00e9dale surdimensionn\u00e9 et un bouton de r\u00e9sistance simple et r\u00e9actif avec arr\u00eat d&rsquo;urgence \u00e0 pression directe.<\/li>\n<\/ul>","protected":false},"excerpt":{"rendered":"<ul>\n<li>La lame rotative Star Trac ION est con\u00e7ue pour les exercices d&rsquo;a\u00e9robic dans un environnement de consommation ou commercial pour tous les niveaux de comp\u00e9tence et convient aux cyclistes de 1,2 \u00e0 1,8 m avec une capacit\u00e9 de poids maximale recommand\u00e9e de 150 kg.<\/li>\n<li>Le Spinner Blade IONTM utilise la pr\u00e9cision \u00e9prouv\u00e9e de la technologie de jauge de traction, combin\u00e9e avec le plus haut niveau d&rsquo;\u00e9ducation, pour vous apporter les m\u00e9thodes d&rsquo;entra\u00eenement \u00e0 v\u00e9lo d&rsquo;int\u00e9rieur les plus sophistiqu\u00e9es.<\/li>\n<\/ul>\n<p>&nbsp;<\/p>\n<table width=\"680\">\n<tbody>\n<tr>\n<td width=\"340\">Style<\/td>\n<td>Spin bike<\/td>\n<\/tr>\n<tr>\n<td width=\"340\">Type d&rsquo;affichage<\/td>\n<td>LCD<\/td>\n<\/tr>\n<tr>\n<td width=\"340\">Mat\u00e9riau du cadre<\/td>\n<td>Aluminum<\/td>\n<\/tr>\n<tr>\n<td width=\"340\">Mat\u00e9riau<\/td>\n<td>Aluminum,steel<\/td>\n<\/tr>\n<tr>\n<td width=\"340\">Recommandation Hauteur maximale<\/td>\n<td>7 Pieds<\/td>\n<\/tr>\n<tr>\n<td width=\"340\">Compteur<\/td>\n<td>Heart Rate, Calories Burned, Time, Distance<\/td>\n<\/tr>\n<tr>\n<td width=\"340\">Caract\u00e9sitiques sp\u00e9ciales<\/td>\n<td>Color-screen, Cyclometer-feature, Dual-split, Speedometer-feature, Adjustable, Digital-display, Rechargable, Odometer-feature, Heart-rate-monitor-feature, Calorie-counter-feature, Accessory pockets, LCD-Display, Pedometer-feature<\/td>\n<\/tr>\n<tr>\n<td width=\"340\">Usage<\/td>\n<td>Indoor cycling, spinning workout,exercise<\/td>\n<\/tr>\n<tr>\n<td width=\"340\">Piles comprises?<\/td>\n<td>Non<\/td>\n<\/tr>\n<tr>\n<td width=\"340\">Brand<\/td>\n<td>Star Trac<\/td>\n<\/tr>\n<tr>\n<td width=\"340\">maximum weight capacity<\/td>\n<td>350 Livres<\/td>\n<\/tr>\n<tr>\n<td width=\"340\">Poids de l&rsquo;article<\/td>\n<td>45.4 kg<\/td>\n<\/tr>\n<\/tbody>\n<\/table>\n<p>&nbsp;<\/p>","protected":false},"featured_media":8396,"comment_status":"closed","ping_status":"closed","template":"","meta":[],"product_brand":[],"product_cat":[318,336],"product_tag":[],"class_list":{"0":"post-8392","1":"product","2":"type-product","3":"status-publish","4":"has-post-thumbnail","6":"product_cat-cardiovasculaire","7":"product_cat-velo-spinning","9":"first","10":"instock","11":"sale","12":"taxable","13":"shipping-taxable","14":"purchasable","15":"product-type-simple"},"_links":{"self":[{"href":"https:\/\/canadianfitnessequipment.ca\/en\/wp-json\/wp\/v2\/product\/8392","targetHints":{"allow":["GET"]}}],"collection":[{"href":"https:\/\/canadianfitnessequipment.ca\/en\/wp-json\/wp\/v2\/product"}],"about":[{"href":"https:\/\/canadianfitnessequipment.ca\/en\/wp-json\/wp\/v2\/types\/product"}],"replies":[{"embeddable":true,"href":"https:\/\/canadianfitnessequipment.ca\/en\/wp-json\/wp\/v2\/comments?post=8392"}],"wp:featuredmedia":[{"embeddable":true,"href":"https:\/\/canadianfitnessequipment.ca\/en\/wp-json\/wp\/v2\/media\/8396"}],"wp:attachment":[{"href":"https:\/\/canadianfitnessequipment.ca\/en\/wp-json\/wp\/v2\/media?parent=8392"}],"wp:term":[{"taxonomy":"product_brand","embeddable":true,"href":"https:\/\/canadianfitnessequipment.ca\/en\/wp-json\/wp\/v2\/product_brand?post=8392"},{"taxonomy":"product_cat","embeddable":true,"href":"https:\/\/canadianfitnessequipment.ca\/en\/wp-json\/wp\/v2\/product_cat?post=8392"},{"taxonomy":"product_tag","embeddable":true,"href":"https:\/\/canadianfitnessequipment.ca\/en\/wp-json\/wp\/v2\/product_tag?post=8392"}],"curies":[{"name":"wp","href":"https:\/\/api.w.org\/{rel}","templated":true}]}}