{"id":8301,"date":"2021-04-07T16:31:47","date_gmt":"2021-04-07T20:31:47","guid":{"rendered":"https:\/\/www.canadianfitnessequipment.ca?page_id=8301"},"modified":"2021-04-08T10:12:01","modified_gmt":"2021-04-08T14:12:01","slug":"a-propos","status":"publish","type":"page","link":"https:\/\/canadianfitnessequipment.ca\/en\/a-propos\/","title":{"rendered":"\u00c0 propos"},"content":{"rendered":"<div id=\"fws_6a04c77c26474\"  data-column-margin=\"default\" data-midnight=\"dark\" data-top-percent=\"6%\" data-bottom-percent=\"6%\"  class=\"wpb_row vc_row-fluid vc_row full-width-section  vc_row-o-equal-height vc_row-flex  vc_row-o-content-middle\"  style=\"padding-top: calc(100vw * 0.06); padding-bottom: calc(100vw * 0.06); \"><div class=\"row-bg-wrap\" data-bg-animation=\"none\" data-bg-overlay=\"false\"><div class=\"inner-wrap\"><div class=\"row-bg\"  style=\"\"><\/div><\/div><\/div><div class=\"row_col_wrap_12 col span_12 dark left\">\n\t<div  class=\"vc_col-sm-8 wpb_column column_container vc_column_container col no-extra-padding inherit_tablet inherit_phone\"  data-padding-pos=\"all\" data-has-bg-color=\"false\" data-bg-color=\"\" data-bg-opacity=\"1\" data-animation=\"\" data-delay=\"0\" >\n\t\t<div class=\"vc_column-inner\" >\n\t\t\t<div class=\"wpb_wrapper\">\n\t\t\t\t<div id=\"fws_6a04c77c26972\" data-midnight=\"\" data-column-margin=\"default\" class=\"wpb_row vc_row-fluid vc_row inner_row\"  style=\"\"><div class=\"row-bg-wrap\"> <div class=\"row-bg\" ><\/div> <\/div><div class=\"row_col_wrap_12_inner col span_12  left\">\n\t<div  class=\"vc_col-sm-12 wpb_column column_container vc_column_container col child_column no-extra-padding inherit_tablet inherit_phone\"   data-padding-pos=\"all\" data-has-bg-color=\"false\" data-bg-color=\"\" data-bg-opacity=\"1\" data-animation=\"\" data-delay=\"0\">\n\t\t<div class=\"vc_column-inner\" >\n\t\t<div class=\"wpb_wrapper\">\n\t\t\t<h2 style=\"text-align: left\" class=\"vc_custom_heading\" >Canadian Fitness Equipment<\/h2><h3 style=\"text-align: left\" class=\"vc_custom_heading\" >Nous avons commenc\u00e9 comme une tr\u00e8s petite entreprise<\/h3><div class=\"divider-wrap\" data-alignment=\"default\"><div style=\"height: 20px;\" class=\"divider\"><\/div><\/div>\r\n<div class=\"wpb_text_column wpb_content_element\" >\r\n\t<div class=\"wpb_wrapper\">\r\n\t\t<p>Une majorit\u00e9 de propri\u00e9taire de salle d\u2019entra\u00eenement physique, pr\u00e9f\u00e8rent s\u2019\u00e9quiper exclusivement avec des \u00e9quipements reconditionn\u00e9s, ceux choix s\u2019av\u00e8re \u00e0 \u00eatre une d\u00e9cision avantageuse, \u00e9conomique et pratique pour la proximit\u00e9 des \u00e9quipements. Chez Canadian Fitness Equipment, nous offrons la possibilit\u00e9 d\u2019am\u00e9nager votre salle d\u2019entra\u00eenement avec des \u00e9quipements reconditionner et ceux tout en respectant les limites de votre budget. Nous vous assurons une de plus de 75% en comparaisons avec les prix de nouveaux appareilles d\u2019entra\u00eenement.<\/p>\n<p>Canadian Fitness Equipment vous assure des appareils avec la meilleure qualit\u00e9 et durabilit\u00e9 sur le march\u00e9.<\/p>\n\t<\/div>\r\n<\/div>\r\n\r\n\r\n\r\n<a class=\"nectar-button large regular accent-color  regular-button\"  style=\"margin-top: 20px; \"  href=\"http:\/\/canadianfitnessequipment.cacontact\/\" data-color-override=\"false\" data-hover-color-override=\"false\" data-hover-text-color-override=\"#fff\"><span>Contactez-nous<\/span><\/a>\n\t\t<\/div> \n\t<\/div>\n\t<\/div> \n<\/div><\/div>\n\t\t\t<\/div> \n\t\t<\/div>\n\t<\/div> \n\n\t<div style=\"\" class=\"vc_col-sm-4 wpb_column column_container vc_column_container col no-extra-padding inherit_tablet inherit_phone\" data-using-bg=\"true\" data-bg-cover=\"true\" data-padding-pos=\"all\" data-has-bg-color=\"false\" data-bg-color=\"\" data-bg-opacity=\"1\" data-animation=\"\" data-delay=\"0\" >\n\t\t<div class=\"vc_column-inner\" ><div class=\"column-image-bg-wrap\" data-bg-pos=\"center center\" data-bg-animation=\"none\" data-bg-overlay=\"false\"><div class=\"inner-wrap\"><div class=\"column-image-bg\" style=\" background-image: url('https:\/\/canadianfitnessequipment.ca\/wp-content\/uploads\/2021\/04\/canadian-fitness-equipment-9.jpg'); \"><\/div><\/div><\/div>\n\t\t\t<div class=\"wpb_wrapper\">\n\t\t\t\t<div id=\"fws_6a04c77c277fa\" data-midnight=\"\" data-column-margin=\"default\" class=\"wpb_row vc_row-fluid vc_row inner_row\"  style=\"\"><div class=\"row-bg-wrap\"> <div class=\"row-bg\" ><\/div> <\/div><div class=\"row_col_wrap_12_inner col span_12  left\">\n\t<div  class=\"vc_col-sm-12 wpb_column column_container vc_column_container col child_column padding-5-percent inherit_tablet inherit_phone\"   data-padding-pos=\"all\" data-has-bg-color=\"false\" data-bg-color=\"\" data-bg-opacity=\"1\" data-animation=\"\" data-delay=\"0\">\n\t\t<div class=\"vc_column-inner\" >\n\t\t<div class=\"wpb_wrapper\">\n\t\t\t<div class=\"divider-wrap\" data-alignment=\"default\"><div style=\"height: 200px;\" class=\"divider\"><\/div><\/div>\n\t\t<\/div> \n\t<\/div>\n\t<\/div> \n<\/div><\/div>\n\t\t\t<\/div> \n\t\t<\/div>\n\t<\/div> \n<\/div><\/div>\r\n\t\t<div id=\"fws_6a04c77c27b8d\"  data-column-margin=\"default\" data-midnight=\"light\" data-top-percent=\"6%\" data-bottom-percent=\"6%\"  class=\"wpb_row vc_row-fluid vc_row full-width-section  vc_row-o-equal-height vc_row-flex  vc_row-o-content-middle\"  style=\"padding-top: calc(100vw * 0.06); padding-bottom: calc(100vw * 0.06); \"><div class=\"row-bg-wrap\" data-bg-animation=\"none\" data-bg-overlay=\"true\"><div class=\"inner-wrap using-image\"><div class=\"row-bg using-image\"  style=\"background-image: url(https:\/\/canadianfitnessequipment.ca\/wp-content\/uploads\/2021\/04\/canadian-fitness-equipment-18.jpg); background-position: left top; background-repeat: no-repeat; \"><\/div><\/div><div class=\"row-bg-overlay\" style=\"background-color:#000000;  opacity: 0.5; \"><\/div><\/div><div class=\"row_col_wrap_12 col span_12 light left\">\n\t<div  class=\"vc_col-sm-12 wpb_column column_container vc_column_container col centered-text no-extra-padding inherit_tablet inherit_phone\"  data-padding-pos=\"all\" data-has-bg-color=\"false\" data-bg-color=\"\" data-bg-opacity=\"1\" data-animation=\"\" data-delay=\"0\" >\n\t\t<div class=\"vc_column-inner\" >\n\t\t\t<div class=\"wpb_wrapper\">\n\t\t\t\t<div id=\"fws_6a04c77c27d38\" data-midnight=\"\" data-column-margin=\"default\" class=\"wpb_row vc_row-fluid vc_row inner_row\"  style=\"\"><div class=\"row-bg-wrap\"> <div class=\"row-bg\" ><\/div> <\/div><div class=\"row_col_wrap_12_inner col span_12  left\">\n\t<div  class=\"vc_col-sm-12 wpb_column column_container vc_column_container col child_column no-extra-padding inherit_tablet inherit_phone\"   data-padding-pos=\"all\" data-has-bg-color=\"false\" data-bg-color=\"\" data-bg-opacity=\"1\" data-animation=\"\" data-delay=\"0\">\n\t\t<div class=\"vc_column-inner\" >\n\t\t<div class=\"wpb_wrapper\">\n\t\t\t<h2 style=\"text-align: center\" class=\"vc_custom_heading\" >Canadian Fitness Equipment<\/h2><h3 style=\"text-align: center\" class=\"vc_custom_heading\" >\u00c9quipements et mat\u00e9riel de gym<\/h3><div class=\"divider-wrap\" data-alignment=\"default\"><div style=\"height: 20px;\" class=\"divider\"><\/div><\/div>\r\n<div class=\"wpb_text_column wpb_content_element\" >\r\n\t<div class=\"wpb_wrapper\">\r\n\t\t<p>Canadian Fitness Equipment est une entreprise qu\u00e9b\u00e9coise sp\u00e9cialis\u00e9e dans la vente et la distribution d\u2019\u00e9quipements et mat\u00e9riel de gym, qualit\u00e9 commerciale, reconditionn\u00e9. Canadian Fitness Equipment offre un large choix de grandes marques telles que LIFE FITNESS, STAR TRACK, PRECOR, HAMMER STRENGTH, CYBEX, ATLANTIS, NAUTILUS, ICARIAN, FLEX FITNESS et encore plus.<\/p>\n\t<\/div>\r\n<\/div>\r\n\r\n\r\n\r\n\n\t\t<\/div> \n\t<\/div>\n\t<\/div> \n<\/div><\/div>\t\r\n\t<div class=\"carousel-wrap\">\r\n\t\t<div class=\"row carousel clients five-cols\" data-he=\"opacity\" data-additional_padding=\"2\" data-max=\"5\">\r\n\t\t\t\t<div class=\"no-link\">\r\n\t\t<img loading=\"lazy\" decoding=\"async\" src=\"https:\/\/canadianfitnessequipment.ca\/wp-content\/uploads\/2021\/04\/startrac-logo.png\" alt=\"client\" width=\"300\" height=\"169\" \/>\t<\/div>\r\n\t<div class=\"no-link\">\r\n\t\t<img loading=\"lazy\" decoding=\"async\" src=\"https:\/\/canadianfitnessequipment.ca\/wp-content\/uploads\/2021\/04\/Precor-Logo-1.png\" alt=\"client\" width=\"300\" height=\"169\" \/>\t<\/div>\r\n\t<div class=\"no-link\">\r\n\t\t<img loading=\"lazy\" decoding=\"async\" src=\"https:\/\/canadianfitnessequipment.ca\/wp-content\/uploads\/2021\/04\/logoNautilus.png\" alt=\"client\" width=\"300\" height=\"169\" \/>\t<\/div>\r\n\t<div class=\"no-link\">\r\n\t\t<img loading=\"lazy\" decoding=\"async\" src=\"https:\/\/canadianfitnessequipment.ca\/wp-content\/uploads\/2021\/04\/LOGO_Technogym.png\" alt=\"client\" width=\"300\" height=\"168\" \/>\t<\/div>\r\n\t<div class=\"no-link\">\r\n\t\t<img loading=\"lazy\" decoding=\"async\" src=\"https:\/\/canadianfitnessequipment.ca\/wp-content\/uploads\/2021\/04\/Life_Fitness_logo.svg_.png\" alt=\"client\" width=\"300\" height=\"169\" \/>\t<\/div>\r\n\t<div class=\"no-link\">\r\n\t\t<img loading=\"lazy\" decoding=\"async\" src=\"https:\/\/canadianfitnessequipment.ca\/wp-content\/uploads\/2021\/04\/icarian.png\" alt=\"client\" width=\"300\" height=\"169\" \/>\t<\/div>\r\n\t<div class=\"no-link\">\r\n\t\t<img loading=\"lazy\" decoding=\"async\" src=\"https:\/\/canadianfitnessequipment.ca\/wp-content\/uploads\/2021\/04\/Cybex-fitness-equipment-sq.png\" alt=\"client\" width=\"300\" height=\"169\" \/>\t<\/div>\r\n\t<div class=\"no-link\">\r\n\t\t<img loading=\"lazy\" decoding=\"async\" src=\"https:\/\/canadianfitnessequipment.ca\/wp-content\/uploads\/2021\/04\/350.png\" alt=\"client\" width=\"300\" height=\"168\" \/>\t<\/div>\r\n\t\t<\/div>\r\n\t<\/div>\r\n\t\r\n<a class=\"nectar-button large regular accent-color  regular-button\"  style=\"margin-top: 20px; \"  href=\"http:\/\/canadianfitnessequipment.caboutique\/\" data-color-override=\"false\" data-hover-color-override=\"false\" data-hover-text-color-override=\"#fff\"><span>Nos produits<\/span><\/a>\n\t\t\t<\/div> \n\t\t<\/div>\n\t<\/div> \n<\/div><\/div>\r\n\t\t<div id=\"fws_6a04c77c28f8b\"  data-column-margin=\"default\" data-midnight=\"dark\" data-top-percent=\"6%\" data-bottom-percent=\"6%\"  class=\"wpb_row vc_row-fluid vc_row full-width-section  vc_row-o-equal-height vc_row-flex  vc_row-o-content-middle\"  style=\"padding-top: calc(100vw * 0.06); padding-bottom: calc(100vw * 0.06); \"><div class=\"row-bg-wrap\" data-bg-animation=\"none\" data-bg-overlay=\"false\"><div class=\"inner-wrap\"><div class=\"row-bg\"  style=\"\"><\/div><\/div><\/div><div class=\"row_col_wrap_12 col span_12 dark left\">\n\t<div  class=\"vc_col-sm-4 wpb_column column_container vc_column_container col no-extra-padding inherit_tablet inherit_phone\"  data-padding-pos=\"all\" data-has-bg-color=\"false\" data-bg-color=\"\" data-bg-opacity=\"1\" data-animation=\"\" data-delay=\"0\" >\n\t\t<div class=\"vc_column-inner\" >\n\t\t\t<div class=\"wpb_wrapper\">\n\t\t\t\t<div class=\"team-member\" data-style=\"meta_below\"><img decoding=\"async\" alt=\"\" src=\"https:\/\/canadianfitnessequipment.ca\/wp-content\/uploads\/2021\/04\/Patrick-Famille-4813-623x1024-2.jpg\" title=\"Patrick Ramirez\" \/><h4 class=\"light\">Patrick Ramirez<\/h4><div class=\"position\">Fondateur\/ Pr\u00e9sident<\/div><p class=\"description\"><\/p><\/div>\n\t\t\t<\/div> \n\t\t<\/div>\n\t<\/div> \n\n\t<div  class=\"vc_col-sm-8 wpb_column column_container vc_column_container col no-extra-padding inherit_tablet inherit_phone\"  data-padding-pos=\"all\" data-has-bg-color=\"false\" data-bg-color=\"\" data-bg-opacity=\"1\" data-animation=\"\" data-delay=\"0\" >\n\t\t<div class=\"vc_column-inner\" >\n\t\t\t<div class=\"wpb_wrapper\">\n\t\t\t\t<div id=\"fws_6a04c77c2950f\" data-midnight=\"\" data-column-margin=\"default\" class=\"wpb_row vc_row-fluid vc_row inner_row\"  style=\"\"><div class=\"row-bg-wrap\"> <div class=\"row-bg\" ><\/div> <\/div><div class=\"row_col_wrap_12_inner col span_12  left\">\n\t<div  class=\"vc_col-sm-12 wpb_column column_container vc_column_container col child_column no-extra-padding inherit_tablet inherit_phone\"   data-padding-pos=\"all\" data-has-bg-color=\"false\" data-bg-color=\"\" data-bg-opacity=\"1\" data-animation=\"\" data-delay=\"0\">\n\t\t<div class=\"vc_column-inner\" >\n\t\t<div class=\"wpb_wrapper\">\n\t\t\t<h2 style=\"text-align: left\" class=\"vc_custom_heading\" >Canadian Fitness Equipment<\/h2><h3 style=\"text-align: left\" class=\"vc_custom_heading\" >Pourquoi acheter chez nous ?<\/h3><div class=\"divider-wrap\" data-alignment=\"default\"><div style=\"height: 20px;\" class=\"divider\"><\/div><\/div>\r\n<div class=\"wpb_text_column wpb_content_element\" >\r\n\t<div class=\"wpb_wrapper\">\r\n\t\t<p>Nous comprenons que vos besoins sont uniques, voil\u00e0 pourquoi Canadian Fitness Equipment vous offre un large choix d\u2019\u00e9quipements de musculation, fitness, Cross-fit (appareil de musculation et banc de musculation, halt\u00e8res), et d\u2019\u00e9quipement de cardio (exerciseur elliptique, rameur, tapis de course, v\u00e9lo stationnaire)<\/p>\n<p>Notre \u00e9quipe s\u2019engage \u00e0 offrir des produits de qualit\u00e9 durable \u00e0 des prix imbattables. Nos clients b\u00e9n\u00e9ficient non seulement d\u2019une r\u00e9duction consid\u00e9rable mais aussi une \u00e9limination des co\u00fbts de d\u00e9douanement, de r\u00e9paration et remplacement des pi\u00e8ces.<\/p>\n\t<\/div>\r\n<\/div>\r\n\r\n\r\n\r\n<a class=\"nectar-button large regular accent-color  regular-button\"  style=\"margin-top: 20px; \"  href=\"http:\/\/canadianfitnessequipment.cacontact\/\" data-color-override=\"false\" data-hover-color-override=\"false\" data-hover-text-color-override=\"#fff\"><span>Contactez-nous<\/span><\/a>\n\t\t<\/div> \n\t<\/div>\n\t<\/div> \n<\/div><\/div>\n\t\t\t<\/div> \n\t\t<\/div>\n\t<\/div> \n<\/div><\/div>","protected":false},"excerpt":{"rendered":"Canadian Fitness EquipmentNous avons commenc\u00e9 comme une tr\u00e8s petite entreprise Une majorit\u00e9 de propri\u00e9taire de salle d\u2019entra\u00eenement physique, pr\u00e9f\u00e8rent s\u2019\u00e9quiper exclusivement avec des \u00e9quipements reconditionn\u00e9s, ceux choix s\u2019av\u00e8re \u00e0 \u00eatre...","protected":false},"author":4,"featured_media":0,"parent":0,"menu_order":0,"comment_status":"closed","ping_status":"closed","template":"","meta":{"footnotes":""},"class_list":["post-8301","page","type-page","status-publish"],"_links":{"self":[{"href":"https:\/\/canadianfitnessequipment.ca\/en\/wp-json\/wp\/v2\/pages\/8301","targetHints":{"allow":["GET"]}}],"collection":[{"href":"https:\/\/canadianfitnessequipment.ca\/en\/wp-json\/wp\/v2\/pages"}],"about":[{"href":"https:\/\/canadianfitnessequipment.ca\/en\/wp-json\/wp\/v2\/types\/page"}],"author":[{"embeddable":true,"href":"https:\/\/canadianfitnessequipment.ca\/en\/wp-json\/wp\/v2\/users\/4"}],"replies":[{"embeddable":true,"href":"https:\/\/canadianfitnessequipment.ca\/en\/wp-json\/wp\/v2\/comments?post=8301"}],"version-history":[{"count":5,"href":"https:\/\/canadianfitnessequipment.ca\/en\/wp-json\/wp\/v2\/pages\/8301\/revisions"}],"predecessor-version":[{"id":8380,"href":"https:\/\/canadianfitnessequipment.ca\/en\/wp-json\/wp\/v2\/pages\/8301\/revisions\/8380"}],"wp:attachment":[{"href":"https:\/\/canadianfitnessequipment.ca\/en\/wp-json\/wp\/v2\/media?parent=8301"}],"curies":[{"name":"wp","href":"https:\/\/api.w.org\/{rel}","templated":true}]}}