{"id":8609,"date":"2021-06-21T16:39:40","date_gmt":"2021-06-21T20:39:40","guid":{"rendered":"https:\/\/www.canadianfitnessequipment.ca?post_type=product&#038;p=8609"},"modified":"2021-06-21T16:47:26","modified_gmt":"2021-06-21T20:47:26","slug":"tapis-de-course-matrix-t3x-usage","status":"publish","type":"product","link":"http:\/\/canadianfitnessequipment.ca\/en\/product\/tapis-de-course-matrix-t3x-usage\/","title":{"rendered":"Tapis de course Matrix T3x USAG\u00c9"},"content":{"rendered":"<p>SP\u00c9CIFICATIONS TECHNIQUES<\/p>\n<p>Exigences d&rsquo;alimentationCircuit d\u00e9di\u00e9 de: 20 amp\u00e8res requis, mise \u00e0 la terre sans boucle<br \/>\nPrise \u00e9lectrique et prise: NEMA 5-20R 120v<br \/>\nDimensions assembl\u00e9es: 215 x 85 x 142 cm \/ 84,6&Prime; x 33,5&Prime; x 56&Prime;<br \/>\nPoids maximum de l&rsquo;utilisateur: 182 kg \/ 400 lbs.<br \/>\nPoids assembl\u00e9: 172 kg \/ 378 lbs.<br \/>\nPoids \u00e0 l&rsquo;exp\u00e9dition. 185 kg \/ 408 lbs.<\/p>","protected":false},"excerpt":{"rendered":"<p>L&rsquo;\u00e9quilibre parfait entre ing\u00e9nierie, efficacit\u00e9, esth\u00e9tique et faible entretien, le tapis de course MATRIX T3x est con\u00e7u avec une courroie plus durable et un moteur plus lisse.<\/p>\n<p>L&rsquo;affichage de la console LED est facile \u00e0 naviguer par les utilisateurs de tous les niveaux d&rsquo;exp\u00e9rience<\/p>\n<p>Syst\u00e8me de pont ultime pour des performances et une durabilit\u00e9 sup\u00e9rieures<\/p>\n<p>Hauteur de marche basse de 19 cm \/ 7,5&Prime; pour un acc\u00e8s facile<\/p>\n<p>Syst\u00e8me d&rsquo;entra\u00eenement \u00e0 r\u00e9ponse dynamique AC de 4,2 ch avec garantie moteur de 7 ans<\/p>","protected":false},"featured_media":8611,"comment_status":"closed","ping_status":"closed","template":"","meta":[],"product_brand":[],"product_cat":[318,319],"product_tag":[],"class_list":{"0":"post-8609","1":"product","2":"type-product","3":"status-publish","4":"has-post-thumbnail","6":"product_cat-cardiovasculaire","7":"product_cat-tapis-roulants","9":"first","10":"instock","11":"taxable","12":"shipping-taxable","13":"product-type-simple"},"_links":{"self":[{"href":"http:\/\/canadianfitnessequipment.ca\/en\/wp-json\/wp\/v2\/product\/8609","targetHints":{"allow":["GET"]}}],"collection":[{"href":"http:\/\/canadianfitnessequipment.ca\/en\/wp-json\/wp\/v2\/product"}],"about":[{"href":"http:\/\/canadianfitnessequipment.ca\/en\/wp-json\/wp\/v2\/types\/product"}],"replies":[{"embeddable":true,"href":"http:\/\/canadianfitnessequipment.ca\/en\/wp-json\/wp\/v2\/comments?post=8609"}],"wp:featuredmedia":[{"embeddable":true,"href":"http:\/\/canadianfitnessequipment.ca\/en\/wp-json\/wp\/v2\/media\/8611"}],"wp:attachment":[{"href":"http:\/\/canadianfitnessequipment.ca\/en\/wp-json\/wp\/v2\/media?parent=8609"}],"wp:term":[{"taxonomy":"product_brand","embeddable":true,"href":"http:\/\/canadianfitnessequipment.ca\/en\/wp-json\/wp\/v2\/product_brand?post=8609"},{"taxonomy":"product_cat","embeddable":true,"href":"http:\/\/canadianfitnessequipment.ca\/en\/wp-json\/wp\/v2\/product_cat?post=8609"},{"taxonomy":"product_tag","embeddable":true,"href":"http:\/\/canadianfitnessequipment.ca\/en\/wp-json\/wp\/v2\/product_tag?post=8609"}],"curies":[{"name":"wp","href":"https:\/\/api.w.org\/{rel}","templated":true}]}}