{"id":8606,"date":"2021-06-21T16:23:44","date_gmt":"2021-06-21T20:23:44","guid":{"rendered":"https:\/\/www.canadianfitnessequipment.ca?post_type=product&#038;p=8606"},"modified":"2021-06-21T16:23:45","modified_gmt":"2021-06-21T20:23:45","slug":"le-tapis-de-course-life-fitness-95ti-usage","status":"publish","type":"product","link":"http:\/\/canadianfitnessequipment.ca\/en\/product\/le-tapis-de-course-life-fitness-95ti-usage\/","title":{"rendered":"Le tapis de course Life Fitness 95Ti USAG\u00c9"},"content":{"rendered":"<p>Caract\u00e9ristiques:<\/p>\n<p>-Programmes d&rsquo;exercices : manuel, d\u00e9marrage rapide, entra\u00eenement de zone de fr\u00e9quence cardiaque, fr\u00e9quence cardiaque en pente, intervalle de fr\u00e9quence cardiaque, fr\u00e9quence cardiaque extr\u00eame, cardio, combustion des graisses, entra\u00eenements par intervalles, al\u00e9atoire, c\u00f4te, 5 k, 10 k, entra\u00eenement par intervalle de vitesse, entra\u00eenement avec objectif, calories , distance, temps dans la zone, entra\u00eenements personnalis\u00e9s (6), protocoles de test de condition physique : protocole Gerkin, Navy PRT, Army PFT, Marine PFT, Air Force PRT, batterie d&rsquo;efficacit\u00e9 physique (PEB), test d&rsquo;ajustement et refroidissement personnalis\u00e9.<br \/>\nAffichage des lectures\u00a0: temps \u00e9coul\u00e9, vitesse, distance, inclinaison, calories, fr\u00e9quence cardiaque, distance parcourue, watts, MET et messagerie personnalis\u00e9e<br \/>\n-Langues : 9<br \/>\n-Vitesse : 0,5 \u00e0 12 mph<br \/>\n-Inclinaison : 0 \u201315 %<br \/>\n-Surveillance de la fr\u00e9quence cardiaque : contact ; Compatible sans fil<br \/>\n-Dimensions de la ceinture : 20&Prime; x 60&Prime;<br \/>\n-Support de lecture int\u00e9gr\u00e9 et porte-bouteille d&rsquo;eau<br \/>\n-Prise \u00e9lectrique et prise : NEMA 5-20R 120v<br \/>\n-Exigences \u00e9lectriques : 20 amp\u00e8res, circuit d\u00e9di\u00e9 requis, mise \u00e0 la terre sans boucle<\/p>\n<p>SP\u00c9CIFICATIONS TECHNIQUES<\/p>\n<p>-Poids maximum de l&rsquo;utilisateur : 400 lb (181,5 kg)<br \/>\n-Poids : 431 lb (195,5 kg)<br \/>\n-Dimensions : 83&Prime; L x 37&Prime; L x 64&Prime; H \/ (211 x 94 x 162,5 cm)<\/p>","protected":false},"excerpt":{"rendered":"<p>Le tapis de course LifeFitness 95Ti, alias \u00ab\u00a0The Silver Bullet\u00a0\u00bb, ainsi nomm\u00e9 en raison de son apparence brillante et s\u00e9duisante, est le tapis de course commercial le plus populaire et le plus vendu de LifeFitness. Un \u00e9quipement commun dans la plupart des gymnases commerciaux en fait un achat id\u00e9al.<\/p>\n<p>Le tapis roulant 95Ti est dot\u00e9 du syst\u00e8me exclusif brevet\u00e9 d&rsquo;absorption des chocs FlexDeck. Il r\u00e9duit l&rsquo;impact sur le corps de pr\u00e8s de 30 % de plus que les autres tapis roulants. Le 95 Ti est \u00e9galement dot\u00e9 d&rsquo;un puissant moteur \u00e0 courant alternatif \u00e0 entra\u00eenement direct de 4 CV (le plus durable du march\u00e9) et des syst\u00e8mes brevet\u00e9s de surveillance num\u00e9rique de la fr\u00e9quence cardiaque par t\u00e9l\u00e9m\u00e9trie Lifepulse et Polar.<\/p>\n<p>De plus, la maintenance est plus rapide et plus facile gr\u00e2ce \u00e0 ses diagnostics d&rsquo;alerte automatique brevet\u00e9s, qui vous informe des besoins de service et enregistre en permanence et date la maintenance effectu\u00e9e.<\/p>","protected":false},"featured_media":8608,"comment_status":"closed","ping_status":"closed","template":"","meta":[],"product_brand":[],"product_cat":[318,319],"product_tag":[],"class_list":{"0":"post-8606","1":"product","2":"type-product","3":"status-publish","4":"has-post-thumbnail","6":"product_cat-cardiovasculaire","7":"product_cat-tapis-roulants","9":"first","10":"instock","11":"taxable","12":"shipping-taxable","13":"product-type-simple"},"_links":{"self":[{"href":"http:\/\/canadianfitnessequipment.ca\/en\/wp-json\/wp\/v2\/product\/8606","targetHints":{"allow":["GET"]}}],"collection":[{"href":"http:\/\/canadianfitnessequipment.ca\/en\/wp-json\/wp\/v2\/product"}],"about":[{"href":"http:\/\/canadianfitnessequipment.ca\/en\/wp-json\/wp\/v2\/types\/product"}],"replies":[{"embeddable":true,"href":"http:\/\/canadianfitnessequipment.ca\/en\/wp-json\/wp\/v2\/comments?post=8606"}],"wp:featuredmedia":[{"embeddable":true,"href":"http:\/\/canadianfitnessequipment.ca\/en\/wp-json\/wp\/v2\/media\/8608"}],"wp:attachment":[{"href":"http:\/\/canadianfitnessequipment.ca\/en\/wp-json\/wp\/v2\/media?parent=8606"}],"wp:term":[{"taxonomy":"product_brand","embeddable":true,"href":"http:\/\/canadianfitnessequipment.ca\/en\/wp-json\/wp\/v2\/product_brand?post=8606"},{"taxonomy":"product_cat","embeddable":true,"href":"http:\/\/canadianfitnessequipment.ca\/en\/wp-json\/wp\/v2\/product_cat?post=8606"},{"taxonomy":"product_tag","embeddable":true,"href":"http:\/\/canadianfitnessequipment.ca\/en\/wp-json\/wp\/v2\/product_tag?post=8606"}],"curies":[{"name":"wp","href":"https:\/\/api.w.org\/{rel}","templated":true}]}}