{"id":8596,"date":"2021-06-18T18:05:00","date_gmt":"2021-06-18T22:05:00","guid":{"rendered":"https:\/\/www.canadianfitnessequipment.ca?post_type=product&#038;p=8596"},"modified":"2021-06-18T18:05:00","modified_gmt":"2021-06-18T22:05:00","slug":"velo-droit-precor-815-usage","status":"publish","type":"product","link":"http:\/\/canadianfitnessequipment.ca\/en\/product\/velo-droit-precor-815-usage\/","title":{"rendered":"V\u00e9lo droit PRECOR 815 USAG\u00c9"},"content":{"rendered":"<p>Watts minimum 18 watts (niveau 1 \u00e0 20 RPM)<\/p>\n<p>Watts maximum 750 watts (niveau 25 \u00e0 150 tr\/min)<\/p>\n<p>Niveau de r\u00e9sistance 25<\/p>\n<p>Manivelle 3 pi\u00e8ces La manivelle 3 pi\u00e8ces se serre positivement, ce qui r\u00e9duit le besoin d&rsquo;ajustements p\u00e9riodiques. Le bras de manivelle de 170 mm accepte n&rsquo;importe quelle p\u00e9dale standard de v\u00e9lo de route ou de VTT.<\/p>\n<p>Syst\u00e8me d&rsquo;entra\u00eenement Le syst\u00e8me d&rsquo;entra\u00eenement \u00e0 deux \u00e9tages offre un fonctionnement doux, confortable et silencieux avec une r\u00e9sistance de d\u00e9marrage plus faible et une progression de r\u00e9sistance plus coh\u00e9rente que les syst\u00e8mes d&rsquo;entra\u00eenement \u00e0 un \u00e9tage.<\/p>\n<p>G\u00e9n\u00e9rateur triphas\u00e9 G\u00e9n\u00e9rateur triphas\u00e9 \/ Le syst\u00e8me de r\u00e9sistance aux courants de Foucault ne n\u00e9cessite aucune batterie de secours afin d&rsquo;alimenter efficacement le v\u00e9lo.<\/p>\n<p>Entra\u00eenement par courroie Entra\u00eenement par courroie pour un fonctionnement plus doux et plus silencieux et une maintenance r\u00e9duite.<\/p>","protected":false},"excerpt":{"rendered":"<p>Le v\u00e9lo droit auto-aliment\u00e9 UBK 815 est dot\u00e9 d&rsquo;un guidon con\u00e7u sur mesure avec une fr\u00e9quence cardiaque portable int\u00e9gr\u00e9e pour un confort maximal et une exp\u00e9rience d&rsquo;entra\u00eenement efficace.<\/p>\n<p>Le r\u00e9glage du si\u00e8ge \u00e0 une main sur ou hors du v\u00e9lo, la selle repens\u00e9e pour le confort de conduite et la g\u00e9om\u00e9trie am\u00e9lior\u00e9e de l&rsquo;axe du genou sur la p\u00e9dale (KOPS) pour un p\u00e9dalage efficace signifient un entra\u00eenement fluide et confortable.<\/p>","protected":false},"featured_media":8598,"comment_status":"closed","ping_status":"closed","template":"","meta":[],"product_brand":[],"product_cat":[318,322],"product_tag":[],"class_list":{"0":"post-8596","1":"product","2":"type-product","3":"status-publish","4":"has-post-thumbnail","6":"product_cat-cardiovasculaire","7":"product_cat-velo","9":"first","10":"instock","11":"sale","12":"taxable","13":"shipping-taxable","14":"purchasable","15":"product-type-simple"},"_links":{"self":[{"href":"http:\/\/canadianfitnessequipment.ca\/en\/wp-json\/wp\/v2\/product\/8596","targetHints":{"allow":["GET"]}}],"collection":[{"href":"http:\/\/canadianfitnessequipment.ca\/en\/wp-json\/wp\/v2\/product"}],"about":[{"href":"http:\/\/canadianfitnessequipment.ca\/en\/wp-json\/wp\/v2\/types\/product"}],"replies":[{"embeddable":true,"href":"http:\/\/canadianfitnessequipment.ca\/en\/wp-json\/wp\/v2\/comments?post=8596"}],"wp:featuredmedia":[{"embeddable":true,"href":"http:\/\/canadianfitnessequipment.ca\/en\/wp-json\/wp\/v2\/media\/8598"}],"wp:attachment":[{"href":"http:\/\/canadianfitnessequipment.ca\/en\/wp-json\/wp\/v2\/media?parent=8596"}],"wp:term":[{"taxonomy":"product_brand","embeddable":true,"href":"http:\/\/canadianfitnessequipment.ca\/en\/wp-json\/wp\/v2\/product_brand?post=8596"},{"taxonomy":"product_cat","embeddable":true,"href":"http:\/\/canadianfitnessequipment.ca\/en\/wp-json\/wp\/v2\/product_cat?post=8596"},{"taxonomy":"product_tag","embeddable":true,"href":"http:\/\/canadianfitnessequipment.ca\/en\/wp-json\/wp\/v2\/product_tag?post=8596"}],"curies":[{"name":"wp","href":"https:\/\/api.w.org\/{rel}","templated":true}]}}