{"id":8593,"date":"2021-06-18T17:56:39","date_gmt":"2021-06-18T21:56:39","guid":{"rendered":"https:\/\/www.canadianfitnessequipment.ca?post_type=product&#038;p=8593"},"modified":"2021-06-18T17:56:39","modified_gmt":"2021-06-18T21:56:39","slug":"le-stairmaster-sc5-stepper-usage","status":"publish","type":"product","link":"http:\/\/canadianfitnessequipment.ca\/en\/product\/le-stairmaster-sc5-stepper-usage\/","title":{"rendered":"Le Stairmaster SC5 Stepper USAG\u00c9"},"content":{"rendered":"<p>SP\u00c9CIFICATIONS TECHNIQUES<br \/>\nPoids maximum de l&rsquo;utilisateur : 300 lb (136,07 kg)<br \/>\nPoids : 155 lb (70,30 kg)<br \/>\nDimensions\u00a0: 43&Prime; L x 27&Prime; L x 68&Prime; H \/ (109,22 x 68,58 x 172,72 cm)<\/p>\n<p>Step Action La g\u00e9om\u00e9trie de p\u00e9dale ind\u00e9pendante et brevet\u00e9e avec liaison \u00e0 quatre barres maintient les p\u00e9dales \u00e0 niveau assurant un mouvement s\u00fbr et biom\u00e9caniquement correct<br \/>\nNiveaux de r\u00e9sistance 20<br \/>\nGamme de pas 1&Prime; \u00e0 14&Prime;<br \/>\nFr\u00e9quence de pas 26 \u00e0 174 pas\/minute<br \/>\nSurveillance de la fr\u00e9quence cardiaque sans fil compatible Polar\u00a0; capteurs de contact<\/p>\n<p>&nbsp;<\/p>","protected":false},"excerpt":{"rendered":"<p>La description<\/p>\n<p>Le Stairmaster SC5 Stepper est un ajout puissant et passionnant \u00e0 votre installation lorsqu&rsquo;il est utilis\u00e9 \u00e0 la fois dans le cadre de programmes d&rsquo;entra\u00eenement en circuit ou seul. Il dispose d&rsquo;une large gamme d&rsquo;options de programmation dans un faible encombrement. L&rsquo;entra\u00eenement de haute intensit\u00e9 et de courte dur\u00e9e que vous obtenez de cette machine est imbattable\u00a0!<\/p>","protected":false},"featured_media":8595,"comment_status":"closed","ping_status":"closed","template":"","meta":[],"product_brand":[],"product_cat":[318,336],"product_tag":[],"class_list":{"0":"post-8593","1":"product","2":"type-product","3":"status-publish","4":"has-post-thumbnail","6":"product_cat-cardiovasculaire","7":"product_cat-velo-spinning","9":"first","10":"instock","11":"taxable","12":"shipping-taxable","13":"product-type-simple"},"_links":{"self":[{"href":"http:\/\/canadianfitnessequipment.ca\/en\/wp-json\/wp\/v2\/product\/8593","targetHints":{"allow":["GET"]}}],"collection":[{"href":"http:\/\/canadianfitnessequipment.ca\/en\/wp-json\/wp\/v2\/product"}],"about":[{"href":"http:\/\/canadianfitnessequipment.ca\/en\/wp-json\/wp\/v2\/types\/product"}],"replies":[{"embeddable":true,"href":"http:\/\/canadianfitnessequipment.ca\/en\/wp-json\/wp\/v2\/comments?post=8593"}],"wp:featuredmedia":[{"embeddable":true,"href":"http:\/\/canadianfitnessequipment.ca\/en\/wp-json\/wp\/v2\/media\/8595"}],"wp:attachment":[{"href":"http:\/\/canadianfitnessequipment.ca\/en\/wp-json\/wp\/v2\/media?parent=8593"}],"wp:term":[{"taxonomy":"product_brand","embeddable":true,"href":"http:\/\/canadianfitnessequipment.ca\/en\/wp-json\/wp\/v2\/product_brand?post=8593"},{"taxonomy":"product_cat","embeddable":true,"href":"http:\/\/canadianfitnessequipment.ca\/en\/wp-json\/wp\/v2\/product_cat?post=8593"},{"taxonomy":"product_tag","embeddable":true,"href":"http:\/\/canadianfitnessequipment.ca\/en\/wp-json\/wp\/v2\/product_tag?post=8593"}],"curies":[{"name":"wp","href":"https:\/\/api.w.org\/{rel}","templated":true}]}}