{"id":8589,"date":"2021-06-18T17:48:44","date_gmt":"2021-06-18T21:48:44","guid":{"rendered":"https:\/\/www.canadianfitnessequipment.ca?post_type=product&#038;p=8589"},"modified":"2021-06-18T17:52:04","modified_gmt":"2021-06-18T21:52:04","slug":"8589","status":"publish","type":"product","link":"http:\/\/canadianfitnessequipment.ca\/en\/product\/8589\/","title":{"rendered":"V\u00c9LO DE SPINNING MATRIX LIVESTRONG USAG\u00c9"},"content":{"rendered":"<p>Dimensions\/Poids : 47,2\u2033L x 21,2\u2033W x 40,9\u2033H \/ 113 lbs<\/p>","protected":false},"excerpt":{"rendered":"<p>La description<br \/>\nLe v\u00e9lo d&rsquo;int\u00e9rieur Livestrong S-Series est dot\u00e9 de l&rsquo;ensemble de conception exclusif LIVESTRONG\u00ae : une finition de peinture en poudre platine brillante sur un cadre en acier avec des d\u00e9tails en plastique \u00e0 effet carbone sup\u00e9rieur. Le rev\u00eatement en poudre r\u00e9sistant \u00e0 la rouille et la protection d&rsquo;entra\u00eenement prot\u00e8gent contre la transpiration et l&rsquo;abrasion.<\/p>\n<p>Ce v\u00e9lo de spin attrayant et ultra doux sera un ajout pr\u00e9cieux pour compl\u00e9ter votre salle de gym \u00e0 domicile. Le cycle Livestrong S-Series obtient d&rsquo;excellentes critiques pour \u00eatre un v\u00e9lo sur lequel Lance Armstrong lui-m\u00eame s&rsquo;entra\u00eenerait \u00e0 l&rsquo;int\u00e9rieur.<\/p>\n<p>Les caract\u00e9ristiques du v\u00e9lo d&rsquo;int\u00e9rieur Livestrong S-Series :<\/p>\n<p>\u2013 Volant d&rsquo;inertie de 40 lb<br \/>\n\u2013 Syst\u00e8me de r\u00e9sistance de freinage en porte-\u00e0-faux<br \/>\n\u2013 Syst\u00e8me de ceinture Kevlar<br \/>\n\u2013 P\u00e9dales combin\u00e9es compatibles SPD<br \/>\n\u2013 Ordinateur de cyclisme en salle\u2122<br \/>\n\u2013 R\u00e9glages avant\/arri\u00e8re de la selle<br \/>\n\u2013 Surveillance t\u00e9l\u00e9m\u00e9trique de la fr\u00e9quence cardiaque (sangle non incluse)<br \/>\n\u2013 Porte-bouteille, roues de transport<br \/>\n\u2013 Poids maximum de l&rsquo;utilisateur : 290 lb<\/p>","protected":false},"featured_media":8591,"comment_status":"closed","ping_status":"closed","template":"","meta":[],"product_brand":[],"product_cat":[318,336],"product_tag":[],"class_list":{"0":"post-8589","1":"product","2":"type-product","3":"status-publish","4":"has-post-thumbnail","6":"product_cat-cardiovasculaire","7":"product_cat-velo-spinning","9":"first","10":"instock","11":"taxable","12":"shipping-taxable","13":"product-type-simple"},"_links":{"self":[{"href":"http:\/\/canadianfitnessequipment.ca\/en\/wp-json\/wp\/v2\/product\/8589","targetHints":{"allow":["GET"]}}],"collection":[{"href":"http:\/\/canadianfitnessequipment.ca\/en\/wp-json\/wp\/v2\/product"}],"about":[{"href":"http:\/\/canadianfitnessequipment.ca\/en\/wp-json\/wp\/v2\/types\/product"}],"replies":[{"embeddable":true,"href":"http:\/\/canadianfitnessequipment.ca\/en\/wp-json\/wp\/v2\/comments?post=8589"}],"wp:featuredmedia":[{"embeddable":true,"href":"http:\/\/canadianfitnessequipment.ca\/en\/wp-json\/wp\/v2\/media\/8591"}],"wp:attachment":[{"href":"http:\/\/canadianfitnessequipment.ca\/en\/wp-json\/wp\/v2\/media?parent=8589"}],"wp:term":[{"taxonomy":"product_brand","embeddable":true,"href":"http:\/\/canadianfitnessequipment.ca\/en\/wp-json\/wp\/v2\/product_brand?post=8589"},{"taxonomy":"product_cat","embeddable":true,"href":"http:\/\/canadianfitnessequipment.ca\/en\/wp-json\/wp\/v2\/product_cat?post=8589"},{"taxonomy":"product_tag","embeddable":true,"href":"http:\/\/canadianfitnessequipment.ca\/en\/wp-json\/wp\/v2\/product_tag?post=8589"}],"curies":[{"name":"wp","href":"https:\/\/api.w.org\/{rel}","templated":true}]}}