{"id":8586,"date":"2021-06-18T17:35:52","date_gmt":"2021-06-18T21:35:52","guid":{"rendered":"https:\/\/www.canadianfitnessequipment.ca?post_type=product&#038;p=8586"},"modified":"2021-06-18T17:35:52","modified_gmt":"2021-06-18T21:35:52","slug":"velo-dinterieur-freemotion-s11-9","status":"publish","type":"product","link":"http:\/\/canadianfitnessequipment.ca\/en\/product\/velo-dinterieur-freemotion-s11-9\/","title":{"rendered":"V\u00e9lo d&rsquo;int\u00e9rieur Freemotion S11.9"},"content":{"rendered":"<p>Poids unitaire 130lbs Volant 38lbs<\/p>\n<p>Dimensions L: 22,5&Prime;, L: 50&Prime;, H: 40&Prime; Ajustements Si\u00e8ge et poign\u00e9es micro-r\u00e9glables Cadre Cadre robuste.<\/p>\n<p>R\u00e9sistant \u00e0 la corrosion et \u00e0 la rouille<\/p>","protected":false},"excerpt":{"rendered":"<p>V\u00e9lo d&rsquo;int\u00e9rieur Freemotion S11.9<br \/>\nUn v\u00e9lo d&rsquo;int\u00e9rieur pour les entra\u00eenements HIIT ? Le Freemotion S11.9 est le mod\u00e8le parfait pour cela. Gr\u00e2ce \u00e0 son syst\u00e8me de r\u00e9sistance magn\u00e9tique, il vous permet de faire des entra\u00eenements intenses avec lesquels augmenter votre masse musculaire et perdre des calories. Pr\u00e9par\u00e9?<\/p>\n<p>D\u00e9lai de livraison approximatif : 2 \u00e0 5 jours ouvrables.<\/p>","protected":false},"featured_media":8588,"comment_status":"closed","ping_status":"closed","template":"","meta":[],"product_brand":[],"product_cat":[318,336],"product_tag":[],"class_list":{"0":"post-8586","1":"product","2":"type-product","3":"status-publish","4":"has-post-thumbnail","6":"product_cat-cardiovasculaire","7":"product_cat-velo-spinning","9":"first","10":"instock","11":"sale","12":"taxable","13":"shipping-taxable","14":"purchasable","15":"product-type-simple"},"_links":{"self":[{"href":"http:\/\/canadianfitnessequipment.ca\/en\/wp-json\/wp\/v2\/product\/8586","targetHints":{"allow":["GET"]}}],"collection":[{"href":"http:\/\/canadianfitnessequipment.ca\/en\/wp-json\/wp\/v2\/product"}],"about":[{"href":"http:\/\/canadianfitnessequipment.ca\/en\/wp-json\/wp\/v2\/types\/product"}],"replies":[{"embeddable":true,"href":"http:\/\/canadianfitnessequipment.ca\/en\/wp-json\/wp\/v2\/comments?post=8586"}],"wp:featuredmedia":[{"embeddable":true,"href":"http:\/\/canadianfitnessequipment.ca\/en\/wp-json\/wp\/v2\/media\/8588"}],"wp:attachment":[{"href":"http:\/\/canadianfitnessequipment.ca\/en\/wp-json\/wp\/v2\/media?parent=8586"}],"wp:term":[{"taxonomy":"product_brand","embeddable":true,"href":"http:\/\/canadianfitnessequipment.ca\/en\/wp-json\/wp\/v2\/product_brand?post=8586"},{"taxonomy":"product_cat","embeddable":true,"href":"http:\/\/canadianfitnessequipment.ca\/en\/wp-json\/wp\/v2\/product_cat?post=8586"},{"taxonomy":"product_tag","embeddable":true,"href":"http:\/\/canadianfitnessequipment.ca\/en\/wp-json\/wp\/v2\/product_tag?post=8586"}],"curies":[{"name":"wp","href":"https:\/\/api.w.org\/{rel}","templated":true}]}}