{"id":8582,"date":"2021-06-18T17:23:30","date_gmt":"2021-06-18T21:23:30","guid":{"rendered":"https:\/\/www.canadianfitnessequipment.ca?post_type=product&#038;p=8582"},"modified":"2021-06-18T17:23:31","modified_gmt":"2021-06-18T21:23:31","slug":"life-fitness-fit-3-gymnase-a-domicile","status":"publish","type":"product","link":"http:\/\/canadianfitnessequipment.ca\/en\/product\/life-fitness-fit-3-gymnase-a-domicile\/","title":{"rendered":"LIFE FITNESS FIT 3 GYMNASE \u00c0 DOMICILE"},"content":{"rendered":"<p>Caract\u00e9ristiques<\/p>\n<p>Le cadre en acier de calibre 11 assure une int\u00e9grit\u00e9 structurelle maximale<\/p>\n<p>Les coussins profil\u00e9s utilisent une mousse moul\u00e9e pour un confort et une durabilit\u00e9 sup\u00e9rieurs<br \/>\nChaque pile de poids est prot\u00e9g\u00e9e par des haubans standard pour am\u00e9liorer la s\u00e9curit\u00e9 de l&rsquo;installation\u00a0; Fit 3 a des haubans de pile de poids complets, et Fit Duals ont des haubans arri\u00e8re complets et partiels avant<\/p>\n<p>Les tiges de guidage chrom\u00e9es permettent un mouvement flottant libre des plaques de poids pour un mouvement ultra-fluide; L&rsquo;arbre de s\u00e9lection en acier lamin\u00e9 \u00e0 froid et usin\u00e9 avec pr\u00e9cision offre une fonction douce et silencieuse et maintient un alignement correct dans la pile de poids pendant le mouvement de l&rsquo;exercice<\/p>\n<p>Le c\u00e2ble d&rsquo;avion en acier lubrifi\u00e9 \u00e0 l&rsquo;int\u00e9rieur, recouvert de nylon jusqu&rsquo;\u00e0 3\/16&Prime;, offre des performances fluides\u00a0; Les poulies en nylon impr\u00e9gn\u00e9 de fibre de verre de 4 1\/2&Prime; et 6&Prime; de diam\u00e8tre sont dot\u00e9es de roulements \u00e0 billes scell\u00e9s\u00a0; Un ajustement de c\u00e2ble filet\u00e9 sur le poids sup\u00e9rieur permet de r\u00e9glages faciles et maintient les c\u00e2bles correctement tendus<br \/>\nLes poign\u00e9es de la Fit 3 sont en compos\u00e9 de caoutchouc durable qui r\u00e9siste \u00e0 l&rsquo;usure et \u00e0 la d\u00e9chirure ; Les poign\u00e9es \u00e0 double poulie r\u00e9glable sont en composite d&rsquo;ur\u00e9thane durable<\/p>\n<p>SP\u00c9CIFICATIONS TECHNIQUES<\/p>\n<p>Pile de poids : 3 x 210 lb<br \/>\nPoids\u00a0: 1\u00a0255 lb<br \/>\nDimensions\u00a0: 102&Prime; de long x 102&Prime; de large x 85&Prime; de haut<\/p>","protected":false},"excerpt":{"rendered":"<p id=\"tw-target-text\" class=\"tw-data-text tw-text-large XcVN5d tw-ta\" dir=\"ltr\" data-placeholder=\"Traducci\u00f3n\"><span class=\"Y2IQFc\" lang=\"fr\">La description Le Life Fitness Fit 3 Gym vous aidera \u00e0 maximiser votre espace et votre budget. <\/span><\/p>\n<p class=\"tw-data-text tw-text-large XcVN5d tw-ta\" dir=\"ltr\" data-placeholder=\"Traducci\u00f3n\"><span class=\"Y2IQFc\" lang=\"fr\">Le Life Fitness Fit 3 Gym est la solution id\u00e9ale si votre \u00e9tablissement dispose d&rsquo;un espace et d&rsquo;un budget limit\u00e9s. Cet \u00e9quipement de musculation abordable tire le meilleur parti d&rsquo;un petit espace. <\/span><\/p>\n<p class=\"tw-data-text tw-text-large XcVN5d tw-ta\" dir=\"ltr\" data-placeholder=\"Traducci\u00f3n\"><span class=\"Y2IQFc\" lang=\"fr\">Il comprend (3) trois piles de poids pour plusieurs utilisateurs. Cet \u00e9quipement attrayant et facile \u00e0 utiliser offre la durabilit\u00e9 que vous attendez de Life Fitness.<\/span><\/p>","protected":false},"featured_media":8584,"comment_status":"closed","ping_status":"closed","template":"","meta":[],"product_brand":[],"product_cat":[323,337],"product_tag":[],"class_list":{"0":"post-8582","1":"product","2":"type-product","3":"status-publish","4":"has-post-thumbnail","6":"product_cat-equipements-de-force","7":"product_cat-equipements-multifonctionnel","9":"first","10":"instock","11":"taxable","12":"shipping-taxable","13":"product-type-simple"},"_links":{"self":[{"href":"http:\/\/canadianfitnessequipment.ca\/en\/wp-json\/wp\/v2\/product\/8582","targetHints":{"allow":["GET"]}}],"collection":[{"href":"http:\/\/canadianfitnessequipment.ca\/en\/wp-json\/wp\/v2\/product"}],"about":[{"href":"http:\/\/canadianfitnessequipment.ca\/en\/wp-json\/wp\/v2\/types\/product"}],"replies":[{"embeddable":true,"href":"http:\/\/canadianfitnessequipment.ca\/en\/wp-json\/wp\/v2\/comments?post=8582"}],"wp:featuredmedia":[{"embeddable":true,"href":"http:\/\/canadianfitnessequipment.ca\/en\/wp-json\/wp\/v2\/media\/8584"}],"wp:attachment":[{"href":"http:\/\/canadianfitnessequipment.ca\/en\/wp-json\/wp\/v2\/media?parent=8582"}],"wp:term":[{"taxonomy":"product_brand","embeddable":true,"href":"http:\/\/canadianfitnessequipment.ca\/en\/wp-json\/wp\/v2\/product_brand?post=8582"},{"taxonomy":"product_cat","embeddable":true,"href":"http:\/\/canadianfitnessequipment.ca\/en\/wp-json\/wp\/v2\/product_cat?post=8582"},{"taxonomy":"product_tag","embeddable":true,"href":"http:\/\/canadianfitnessequipment.ca\/en\/wp-json\/wp\/v2\/product_tag?post=8582"}],"curies":[{"name":"wp","href":"https:\/\/api.w.org\/{rel}","templated":true}]}}