{"id":8579,"date":"2021-06-18T17:14:37","date_gmt":"2021-06-18T21:14:37","guid":{"rendered":"https:\/\/www.canadianfitnessequipment.ca?post_type=product&#038;p=8579"},"modified":"2021-06-18T17:14:37","modified_gmt":"2021-06-18T21:14:37","slug":"colonne-de-cable-de-reglage-freemotion-usage","status":"publish","type":"product","link":"http:\/\/canadianfitnessequipment.ca\/en\/product\/colonne-de-cable-de-reglage-freemotion-usage\/","title":{"rendered":"COLONNE DE C\u00c2BLE DE R\u00c9GLAGE FREEMOTION USAG\u00c9"},"content":{"rendered":"<p>Longueur : 35&Prime; (89 cm)<br \/>\nLargeur : 43&Prime; (109 cm)<br \/>\nHauteur : 91&Prime; (231 cm)<br \/>\nPoids : 380 lb (172 kg)<\/p>","protected":false},"excerpt":{"rendered":"<p id=\"tw-target-text\" class=\"tw-data-text tw-text-large XcVN5d tw-ta\" dir=\"ltr\" data-placeholder=\"Traducci\u00f3n\"><span class=\"Y2IQFc\" lang=\"fr\">La colonne de c\u00e2ble FreeMotion est l&rsquo;un des principaux \u00e9quipements de fitness de la nouvelle s\u00e9rie d&rsquo;entra\u00eeneurs fonctionnels, de poulies et de syst\u00e8mes de c\u00e2bles sur le march\u00e9. <\/span><\/p>\n<p class=\"tw-data-text tw-text-large XcVN5d tw-ta\" dir=\"ltr\" data-placeholder=\"Traducci\u00f3n\"><span class=\"Y2IQFc\" lang=\"fr\">La colonne de c\u00e2ble Freemotion est un incontournable pour les utilisateurs qui cherchent \u00e0 incorporer une gamme compl\u00e8te de mouvements dans leurs routines de fitness. <\/span><\/p>\n<p class=\"tw-data-text tw-text-large XcVN5d tw-ta\" dir=\"ltr\" data-placeholder=\"Traducci\u00f3n\"><span class=\"Y2IQFc\" lang=\"fr\">Son syst\u00e8me de poulie pivotante s&rsquo;ajuste de 18&Prime; \u00e0 84&Prime; avec 96&Prime; de d\u00e9battement de c\u00e2ble. Chaque colonne de c\u00e2ble est livr\u00e9e avec 2 poign\u00e9es longues, 1 poign\u00e9e courte et 1 manchette de cheville pour une grande vari\u00e9t\u00e9 d&rsquo;exercices. <\/span><\/p>\n<p class=\"tw-data-text tw-text-large XcVN5d tw-ta\" dir=\"ltr\" data-placeholder=\"Traducci\u00f3n\"><span class=\"Y2IQFc\" lang=\"fr\">La machine \u00e0 colonne de c\u00e2bles FreeMotion est con\u00e7ue avec la s\u00e9curit\u00e9 de l&rsquo;utilisateur comme priorit\u00e9 absolue. Les roues robustes facilitent le d\u00e9placement et le verrouillage en place, tandis que les pieds inclin\u00e9s stabilisent la colonne de c\u00e2ble. <\/span><\/p>\n<p class=\"tw-data-text tw-text-large XcVN5d tw-ta\" dir=\"ltr\" data-placeholder=\"Traducci\u00f3n\"><span class=\"Y2IQFc\" lang=\"fr\">La pile de poids est \u00e9galement ferm\u00e9e, limitant l&rsquo;acc\u00e8s aux pi\u00e8ces mobiles. La colonne de c\u00e2ble est durable et construite en acier de calibre 11 et 7 avec une finition thermodurcissable enduite de poudre \u00e9lectrostatique.<\/span><\/p>\n<p class=\"tw-data-text tw-text-large XcVN5d tw-ta\" dir=\"ltr\" data-placeholder=\"Traducci\u00f3n\"><span class=\"Y2IQFc\" lang=\"fr\">La colonne de c\u00e2ble FreeMotion est id\u00e9ale pour les studios, les centres d&rsquo;entra\u00eenement personnel et de r\u00e9\u00e9ducation. Il a des roulettes verrouillables pour un d\u00e9placement facile.<\/span><\/p>","protected":false},"featured_media":8581,"comment_status":"closed","ping_status":"closed","template":"","meta":[],"product_brand":[],"product_cat":[323,337],"product_tag":[],"class_list":{"0":"post-8579","1":"product","2":"type-product","3":"status-publish","4":"has-post-thumbnail","6":"product_cat-equipements-de-force","7":"product_cat-equipements-multifonctionnel","9":"first","10":"instock","11":"sale","12":"taxable","13":"shipping-taxable","14":"purchasable","15":"product-type-simple"},"_links":{"self":[{"href":"http:\/\/canadianfitnessequipment.ca\/en\/wp-json\/wp\/v2\/product\/8579","targetHints":{"allow":["GET"]}}],"collection":[{"href":"http:\/\/canadianfitnessequipment.ca\/en\/wp-json\/wp\/v2\/product"}],"about":[{"href":"http:\/\/canadianfitnessequipment.ca\/en\/wp-json\/wp\/v2\/types\/product"}],"replies":[{"embeddable":true,"href":"http:\/\/canadianfitnessequipment.ca\/en\/wp-json\/wp\/v2\/comments?post=8579"}],"wp:featuredmedia":[{"embeddable":true,"href":"http:\/\/canadianfitnessequipment.ca\/en\/wp-json\/wp\/v2\/media\/8581"}],"wp:attachment":[{"href":"http:\/\/canadianfitnessequipment.ca\/en\/wp-json\/wp\/v2\/media?parent=8579"}],"wp:term":[{"taxonomy":"product_brand","embeddable":true,"href":"http:\/\/canadianfitnessequipment.ca\/en\/wp-json\/wp\/v2\/product_brand?post=8579"},{"taxonomy":"product_cat","embeddable":true,"href":"http:\/\/canadianfitnessequipment.ca\/en\/wp-json\/wp\/v2\/product_cat?post=8579"},{"taxonomy":"product_tag","embeddable":true,"href":"http:\/\/canadianfitnessequipment.ca\/en\/wp-json\/wp\/v2\/product_tag?post=8579"}],"curies":[{"name":"wp","href":"https:\/\/api.w.org\/{rel}","templated":true}]}}