{"id":8565,"date":"2021-06-18T11:53:32","date_gmt":"2021-06-18T15:53:32","guid":{"rendered":"https:\/\/www.canadianfitnessequipment.ca?post_type=product&#038;p=8565"},"modified":"2021-06-18T11:53:32","modified_gmt":"2021-06-18T15:53:32","slug":"velo-dexercice-couche-precor-846i-usage","status":"publish","type":"product","link":"http:\/\/canadianfitnessequipment.ca\/en\/product\/velo-dexercice-couche-precor-846i-usage\/","title":{"rendered":"V\u00e9lo d&rsquo;exercice couch\u00e9 Precor 846i USAG\u00c9"},"content":{"rendered":"<p>Caract\u00e9ristiques<br \/>\n*Niveaux de r\u00e9sistance : 25<br \/>\n*Programmes : Cross Country, Personnalis\u00e9, Test de condition physique, Fr\u00e9quence cardiaque, Escalade, Intervalle (3), Manuel, Al\u00e9atoire, Contr\u00f4le de la puissance, Perte de poids.<br \/>\n*Lectures \u00e9lectroniques : fr\u00e9quence cardiaque moyenne, vitesse moyenne, calories, calories par heure, calories par minute, distance, temps \u00e9coul\u00e9, objectif, fr\u00e9quence cardiaque, fr\u00e9quence cardiaque maximale, MET, profil, temps restant, r\u00e9sistance, RPM, temps de segment, SmartRate, Vitesse, fr\u00e9quence cardiaque cible, unit\u00e9s, watts, r\u00e9sum\u00e9 de l&rsquo;entra\u00eenement.<br \/>\n*Surveillance de la fr\u00e9quence cardiaque : contact et sans fil<br \/>\n*Conception ergonomique &#8211; Les si\u00e8ges sont con\u00e7us pour offrir un confort \u00e0 un large \u00e9ventail de types de corps.<br \/>\n*P\u00e9dales \u00e0 manivelle en 3 pi\u00e8ces &#8211; La manivelle en 3 pi\u00e8ces est serr\u00e9e positivement, ce qui r\u00e9duit le besoin d&rsquo;ajustements p\u00e9riodiques. Le bras de manivelle de 9\/16&Prime; accepte n&rsquo;importe quelle p\u00e9dale de v\u00e9lo de route ou de montagne standard.<\/p>\n<p>SP\u00c9CIFICATIONS TECHNIQUES<\/p>\n<p>*Poids maximum de l&rsquo;utilisateur : 400 lb \/ (181,43 kilogrammes)<br \/>\n*Poids : 160 livres \/ (72,57 kilogrammes)<br \/>\n*Dimensions : 57&Prime; L x 24&Prime; L x 48&Prime; H \/ (144,78 cm L x 60,96 cm L x 121,92 cm H)<\/p>","protected":false},"excerpt":{"rendered":"<p id=\"tw-target-text\" class=\"tw-data-text tw-text-large XcVN5d tw-ta\" dir=\"ltr\" data-placeholder=\"Traducci\u00f3n\"><span class=\"Y2IQFc\" lang=\"fr\">V\u00e9lo d&rsquo;exercice couch\u00e9 Precor 846i. Le syst\u00e8me de g\u00e9n\u00e9rateur magn\u00e9tique triphas\u00e9 sans contact de ce precor offre une large gamme de r\u00e9sistances. <\/span><\/p>\n<p class=\"tw-data-text tw-text-large XcVN5d tw-ta\" dir=\"ltr\" data-placeholder=\"Traducci\u00f3n\"><span class=\"Y2IQFc\" lang=\"fr\">25 r\u00e9glages de r\u00e9sistance diff\u00e9rents permettent aux utilisateurs de maximiser les entra\u00eenements. Les niveaux de r\u00e9sistance vont de 18 watts (niveau 1 \u00e0 20 tr\/min) \u00e0 500 watts (niveau 25 \u00e0 100 tr\/min) et 750 watts (niveau 25 \u00e0 150 tr\/min). <\/span><\/p>\n<p class=\"tw-data-text tw-text-large XcVN5d tw-ta\" dir=\"ltr\" data-placeholder=\"Traducci\u00f3n\"><span class=\"Y2IQFc\" lang=\"fr\">Cette s\u00e9rie d&rsquo;exp\u00e9riences precor a une manivelle en 3 pi\u00e8ces qui se resserre positivement, r\u00e9duisant ainsi le besoin d&rsquo;ajustements p\u00e9riodiques. Le bras de manivelle de 9\/16 \u00a0\u00bb accepte n&rsquo;importe quelle p\u00e9dale standard de v\u00e9lo de route ou de montagne. Le syst\u00e8me d&rsquo;entra\u00eenement \u00e0 double pas offre un fonctionnement doux, confortable et silencieux. <\/span><\/p>\n<p class=\"tw-data-text tw-text-large XcVN5d tw-ta\" dir=\"ltr\" data-placeholder=\"Traducci\u00f3n\"><span class=\"Y2IQFc\" lang=\"fr\">Le v\u00e9lo couch\u00e9 846i dispose d&rsquo;un syst\u00e8me de g\u00e9n\u00e9rateur \/ r\u00e9sistance triphas\u00e9. Courants de Foucault qui ne besoin d&rsquo;une batterie de secours pour alimenter le v\u00e9lo.<\/span><\/p>","protected":false},"featured_media":8567,"comment_status":"closed","ping_status":"closed","template":"","meta":[],"product_brand":[],"product_cat":[318,322],"product_tag":[],"class_list":{"0":"post-8565","1":"product","2":"type-product","3":"status-publish","4":"has-post-thumbnail","6":"product_cat-cardiovasculaire","7":"product_cat-velo","9":"first","10":"instock","11":"sale","12":"taxable","13":"shipping-taxable","14":"purchasable","15":"product-type-simple"},"_links":{"self":[{"href":"http:\/\/canadianfitnessequipment.ca\/en\/wp-json\/wp\/v2\/product\/8565","targetHints":{"allow":["GET"]}}],"collection":[{"href":"http:\/\/canadianfitnessequipment.ca\/en\/wp-json\/wp\/v2\/product"}],"about":[{"href":"http:\/\/canadianfitnessequipment.ca\/en\/wp-json\/wp\/v2\/types\/product"}],"replies":[{"embeddable":true,"href":"http:\/\/canadianfitnessequipment.ca\/en\/wp-json\/wp\/v2\/comments?post=8565"}],"wp:featuredmedia":[{"embeddable":true,"href":"http:\/\/canadianfitnessequipment.ca\/en\/wp-json\/wp\/v2\/media\/8567"}],"wp:attachment":[{"href":"http:\/\/canadianfitnessequipment.ca\/en\/wp-json\/wp\/v2\/media?parent=8565"}],"wp:term":[{"taxonomy":"product_brand","embeddable":true,"href":"http:\/\/canadianfitnessequipment.ca\/en\/wp-json\/wp\/v2\/product_brand?post=8565"},{"taxonomy":"product_cat","embeddable":true,"href":"http:\/\/canadianfitnessequipment.ca\/en\/wp-json\/wp\/v2\/product_cat?post=8565"},{"taxonomy":"product_tag","embeddable":true,"href":"http:\/\/canadianfitnessequipment.ca\/en\/wp-json\/wp\/v2\/product_tag?post=8565"}],"curies":[{"name":"wp","href":"https:\/\/api.w.org\/{rel}","templated":true}]}}