{"id":8551,"date":"2021-06-17T19:51:33","date_gmt":"2021-06-17T23:51:33","guid":{"rendered":"https:\/\/www.canadianfitnessequipment.ca?post_type=product&#038;p=8551"},"modified":"2021-06-17T19:51:33","modified_gmt":"2021-06-17T23:51:33","slug":"banc-ajustable-life-fitness-usage","status":"publish","type":"product","link":"http:\/\/canadianfitnessequipment.ca\/en\/product\/banc-ajustable-life-fitness-usage\/","title":{"rendered":"BANC AJUSTABLE LIFE FITNESS USAG\u00c9"},"content":{"rendered":"<p id=\"tw-target-text\" class=\"tw-data-text tw-text-large XcVN5d tw-ta\" dir=\"ltr\" data-placeholder=\"Traducci\u00f3n\"><span class=\"Y2IQFc\" lang=\"fr\">R\u00e9glages R\u00e9glages du si\u00e8ge assist\u00e9s par ressort. <\/span><\/p>\n<p class=\"tw-data-text tw-text-large XcVN5d tw-ta\" dir=\"ltr\" data-placeholder=\"Traducci\u00f3n\"><span class=\"Y2IQFc\" lang=\"fr\">Empreinte (L x l x H) 53 \u00ab\u00a0x 32\u00a0\u00bb x 45 \u00ab\u00a0(cm m\u00e9trique: 135 x 81 x 114). <\/span><\/p>\n<p class=\"tw-data-text tw-text-large XcVN5d tw-ta\" dir=\"ltr\" data-placeholder=\"Traducci\u00f3n\"><span class=\"Y2IQFc\" lang=\"fr\">Zone active recommand\u00e9e (L x l x H) 94 \u00ab\u00a0x 67\u00a0\u00bb x 45 \u00ab\u00a0(cm m\u00e9trique: 239 x 170 x 114). <\/span><\/p>\n<p class=\"tw-data-text tw-text-large XcVN5d tw-ta\" dir=\"ltr\" data-placeholder=\"Traducci\u00f3n\"><span class=\"Y2IQFc\" lang=\"fr\">Poids de la machine 125 lb (57 kg).<\/span><\/p>\n<p class=\"tw-data-text tw-text-large XcVN5d tw-ta\" dir=\"ltr\" data-placeholder=\"Traducci\u00f3n\"><span class=\"Y2IQFc\" lang=\"fr\">Poids d&rsquo;entra\u00eenement maximal 500 lb (227 kg). <\/span><\/p>\n<p class=\"tw-data-text tw-text-large XcVN5d tw-ta\" dir=\"ltr\" data-placeholder=\"Traducci\u00f3n\"><span class=\"Y2IQFc\" lang=\"fr\">Hauteur verticale du sol au coussin de si\u00e8ge 17 \u00ab\u00a0(43,2 cm) \u00e0 la position \u00e0 plat.<\/span><\/p>","protected":false},"excerpt":{"rendered":"<p id=\"tw-target-text\" class=\"tw-data-text tw-text-large XcVN5d tw-ta\" dir=\"ltr\" data-placeholder=\"Traducci\u00f3n\"><span class=\"Y2IQFc\" lang=\"fr\">Le banc multi-r\u00e9glable de la s\u00e9rie Signature a un si\u00e8ge r\u00e9glable et un dossier rembourr\u00e9 qui peut \u00eatre ajust\u00e9 dans sept positions diff\u00e9rentes de 0 \u00e0 70 degr\u00e9s, vous pouvez donc personnaliser votre routine pour cibler des muscles sp\u00e9cifiques. Les bancs et les racks Premium Signature Series s&rsquo;int\u00e8grent parfaitement aux autres \u00e9quipements de la m\u00eame gamme pour compl\u00e9ter une famille de produits de musculation de haute qualit\u00e9.<\/span><\/p>","protected":false},"featured_media":8553,"comment_status":"closed","ping_status":"closed","template":"","meta":[],"product_brand":[],"product_cat":[332,338],"product_tag":[],"class_list":{"0":"post-8551","1":"product","2":"type-product","3":"status-publish","4":"has-post-thumbnail","6":"product_cat-accessoires","7":"product_cat-bancs","9":"first","10":"instock","11":"sale","12":"taxable","13":"shipping-taxable","14":"purchasable","15":"product-type-simple"},"_links":{"self":[{"href":"http:\/\/canadianfitnessequipment.ca\/en\/wp-json\/wp\/v2\/product\/8551","targetHints":{"allow":["GET"]}}],"collection":[{"href":"http:\/\/canadianfitnessequipment.ca\/en\/wp-json\/wp\/v2\/product"}],"about":[{"href":"http:\/\/canadianfitnessequipment.ca\/en\/wp-json\/wp\/v2\/types\/product"}],"replies":[{"embeddable":true,"href":"http:\/\/canadianfitnessequipment.ca\/en\/wp-json\/wp\/v2\/comments?post=8551"}],"wp:featuredmedia":[{"embeddable":true,"href":"http:\/\/canadianfitnessequipment.ca\/en\/wp-json\/wp\/v2\/media\/8553"}],"wp:attachment":[{"href":"http:\/\/canadianfitnessequipment.ca\/en\/wp-json\/wp\/v2\/media?parent=8551"}],"wp:term":[{"taxonomy":"product_brand","embeddable":true,"href":"http:\/\/canadianfitnessequipment.ca\/en\/wp-json\/wp\/v2\/product_brand?post=8551"},{"taxonomy":"product_cat","embeddable":true,"href":"http:\/\/canadianfitnessequipment.ca\/en\/wp-json\/wp\/v2\/product_cat?post=8551"},{"taxonomy":"product_tag","embeddable":true,"href":"http:\/\/canadianfitnessequipment.ca\/en\/wp-json\/wp\/v2\/product_tag?post=8551"}],"curies":[{"name":"wp","href":"https:\/\/api.w.org\/{rel}","templated":true}]}}