{"id":8541,"date":"2021-06-17T16:58:40","date_gmt":"2021-06-17T20:58:40","guid":{"rendered":"https:\/\/www.canadianfitnessequipment.ca?post_type=product&#038;p=8541"},"modified":"2021-06-17T16:58:40","modified_gmt":"2021-06-17T20:58:40","slug":"body-master-bicep-curl-usage","status":"publish","type":"product","link":"http:\/\/canadianfitnessequipment.ca\/en\/product\/body-master-bicep-curl-usage\/","title":{"rendered":"Body Master Bicep Curl Usag\u00e9"},"content":{"rendered":"<p id=\"tw-target-text\" class=\"tw-data-text tw-text-large XcVN5d tw-ta\" dir=\"ltr\" data-placeholder=\"Traducci\u00f3n\"><span class=\"Y2IQFc\" lang=\"fr\">Sp\u00e9cifications techniques: <\/span><\/p>\n<p class=\"tw-data-text tw-text-large XcVN5d tw-ta\" dir=\"ltr\" data-placeholder=\"Traducci\u00f3n\"><span class=\"Y2IQFc\" lang=\"fr\">Dimensions 49 \u00ab\u00a0L par 40\u00a0\u00bb L par 61 \u00ab\u00a0H <\/span><\/p>\n<p class=\"tw-data-text tw-text-large XcVN5d tw-ta\" dir=\"ltr\" data-placeholder=\"Traducci\u00f3n\"><span class=\"Y2IQFc\" lang=\"fr\">Poids 440 livres. <\/span><\/p>\n<p class=\"tw-data-text tw-text-large XcVN5d tw-ta\" dir=\"ltr\" data-placeholder=\"Traducci\u00f3n\"><span class=\"Y2IQFc\" lang=\"fr\">Capacit\u00e9 de la pile de poids 200 lb.<\/span><\/p>\n<p class=\"tw-data-text tw-text-large XcVN5d tw-ta\" dir=\"ltr\" data-placeholder=\"Traducci\u00f3n\"><span class=\"Y2IQFc\" lang=\"fr\">Le bo\u00eetier de protection moul\u00e9 par injection \u00e0 fort impact pour les courroies et les poulies compl\u00e8te la conception moderne des installations et offre un fonctionnement doux et silencieux<\/span><\/p>","protected":false},"excerpt":{"rendered":"<p>Le bras Curl de la s\u00e9rie Body Masters CX est con\u00e7u pour \u00e9liminer le stress sur l&rsquo;articulation du coude tout en permettant une gamme compl\u00e8te de mouvements et offre une conception de poign\u00e9e \u00e0 double pivot nouvellement am\u00e9lior\u00e9e. Sa poign\u00e9e pivotante unique permet une meilleure isolation des muscles biceps.<\/p>\n<p>La s\u00e9rie Body Masters CX est une gamme d&rsquo;\u00e9quipements de r\u00e9sistance \u00e0 r\u00e9sistance variable de 26 pi\u00e8ces qui offre une durabilit\u00e9 accrue gr\u00e2ce \u00e0 ses mat\u00e9riaux de haute qualit\u00e9 et \u00e0 une pile de poids entra\u00een\u00e9e par courroie pour un mouvement fluide et naturel. De la sensation et de la fonction sup\u00e9rieures de chaque mouvement \u00e0 un nouveau look innovant, la s\u00e9rie CX est ce que vous et vos membres attendiez.<\/p>\n<p>La nouvelle s\u00e9rie CX a un look \u00e9l\u00e9gant et moderne utilisant des tubes rectangulaires de calibre 11, 2 \u00ab\u00a0x 3\u00a0\u00bb. Plusieurs unit\u00e9s comportent des tubes coud\u00e9s qui compl\u00e8tent la nouvelle conception du cadre tout en offrant une stabilit\u00e9 suppl\u00e9mentaire.<\/p>\n<p>Chaque machine a une pr\u00e9cision accrue dans les amplitudes de mouvement pour des groupes musculaires sp\u00e9cifiques. La s\u00e9rie CX fournit des r\u00e9sultats \u00e0 vos membres, tandis que Body Masters continue d&rsquo;offrir une qualit\u00e9 et un engagement in\u00e9gal\u00e9s.<\/p>","protected":false},"featured_media":8543,"comment_status":"closed","ping_status":"closed","template":"","meta":[],"product_brand":[],"product_cat":[332,338],"product_tag":[],"class_list":{"0":"post-8541","1":"product","2":"type-product","3":"status-publish","4":"has-post-thumbnail","6":"product_cat-accessoires","7":"product_cat-bancs","9":"first","10":"instock","11":"sale","12":"taxable","13":"shipping-taxable","14":"purchasable","15":"product-type-simple"},"_links":{"self":[{"href":"http:\/\/canadianfitnessequipment.ca\/en\/wp-json\/wp\/v2\/product\/8541","targetHints":{"allow":["GET"]}}],"collection":[{"href":"http:\/\/canadianfitnessequipment.ca\/en\/wp-json\/wp\/v2\/product"}],"about":[{"href":"http:\/\/canadianfitnessequipment.ca\/en\/wp-json\/wp\/v2\/types\/product"}],"replies":[{"embeddable":true,"href":"http:\/\/canadianfitnessequipment.ca\/en\/wp-json\/wp\/v2\/comments?post=8541"}],"wp:featuredmedia":[{"embeddable":true,"href":"http:\/\/canadianfitnessequipment.ca\/en\/wp-json\/wp\/v2\/media\/8543"}],"wp:attachment":[{"href":"http:\/\/canadianfitnessequipment.ca\/en\/wp-json\/wp\/v2\/media?parent=8541"}],"wp:term":[{"taxonomy":"product_brand","embeddable":true,"href":"http:\/\/canadianfitnessequipment.ca\/en\/wp-json\/wp\/v2\/product_brand?post=8541"},{"taxonomy":"product_cat","embeddable":true,"href":"http:\/\/canadianfitnessequipment.ca\/en\/wp-json\/wp\/v2\/product_cat?post=8541"},{"taxonomy":"product_tag","embeddable":true,"href":"http:\/\/canadianfitnessequipment.ca\/en\/wp-json\/wp\/v2\/product_tag?post=8541"}],"curies":[{"name":"wp","href":"https:\/\/api.w.org\/{rel}","templated":true}]}}