{"id":8538,"date":"2021-06-17T16:41:21","date_gmt":"2021-06-17T20:41:21","guid":{"rendered":"https:\/\/www.canadianfitnessequipment.ca?post_type=product&#038;p=8538"},"modified":"2021-06-17T16:41:21","modified_gmt":"2021-06-17T20:41:21","slug":"matrix-smith-machine","status":"publish","type":"product","link":"http:\/\/canadianfitnessequipment.ca\/en\/product\/matrix-smith-machine\/","title":{"rendered":"MATRIX SMITH MACHINE"},"content":{"rendered":"<p id=\"tw-target-text\" class=\"tw-data-text tw-text-large XcVN5d tw-ta\" dir=\"ltr\" data-placeholder=\"Traducci\u00f3n\"><span class=\"Y2IQFc\" lang=\"fr\">Dimensions : 153,4 x 230,9 x 244,8 cm<\/span><\/p>","protected":false},"excerpt":{"rendered":"<p id=\"tw-target-text\" class=\"tw-data-text tw-text-large XcVN5d tw-ta\" dir=\"ltr\" data-placeholder=\"Traducci\u00f3n\"><span class=\"Y2IQFc\" lang=\"fr\">Matrix Smith Machine a des roulements lin\u00e9aires pour fournir un mouvement fluide et une trajectoire de mouvement \u00e0 90 degr\u00e9s pour une adaptabilit\u00e9 \u00e0 tous les exercices. <\/span><\/p>\n<p class=\"tw-data-text tw-text-large XcVN5d tw-ta\" dir=\"ltr\" data-placeholder=\"Traducci\u00f3n\"><span class=\"Y2IQFc\" lang=\"fr\">D\u00e9collage de 15 lb pour une faible r\u00e9sistance de d\u00e9marrage. 6 cornes de stockage de plaque de poids int\u00e9gr\u00e9es.<\/span><\/p>","protected":false},"featured_media":8540,"comment_status":"closed","ping_status":"closed","template":"","meta":[],"product_brand":[],"product_cat":[323,337],"product_tag":[],"class_list":{"0":"post-8538","1":"product","2":"type-product","3":"status-publish","4":"has-post-thumbnail","6":"product_cat-equipements-de-force","7":"product_cat-equipements-multifonctionnel","9":"first","10":"instock","11":"sale","12":"taxable","13":"shipping-taxable","14":"purchasable","15":"product-type-simple"},"_links":{"self":[{"href":"http:\/\/canadianfitnessequipment.ca\/en\/wp-json\/wp\/v2\/product\/8538","targetHints":{"allow":["GET"]}}],"collection":[{"href":"http:\/\/canadianfitnessequipment.ca\/en\/wp-json\/wp\/v2\/product"}],"about":[{"href":"http:\/\/canadianfitnessequipment.ca\/en\/wp-json\/wp\/v2\/types\/product"}],"replies":[{"embeddable":true,"href":"http:\/\/canadianfitnessequipment.ca\/en\/wp-json\/wp\/v2\/comments?post=8538"}],"wp:featuredmedia":[{"embeddable":true,"href":"http:\/\/canadianfitnessequipment.ca\/en\/wp-json\/wp\/v2\/media\/8540"}],"wp:attachment":[{"href":"http:\/\/canadianfitnessequipment.ca\/en\/wp-json\/wp\/v2\/media?parent=8538"}],"wp:term":[{"taxonomy":"product_brand","embeddable":true,"href":"http:\/\/canadianfitnessequipment.ca\/en\/wp-json\/wp\/v2\/product_brand?post=8538"},{"taxonomy":"product_cat","embeddable":true,"href":"http:\/\/canadianfitnessequipment.ca\/en\/wp-json\/wp\/v2\/product_cat?post=8538"},{"taxonomy":"product_tag","embeddable":true,"href":"http:\/\/canadianfitnessequipment.ca\/en\/wp-json\/wp\/v2\/product_tag?post=8538"}],"curies":[{"name":"wp","href":"https:\/\/api.w.org\/{rel}","templated":true}]}}