{"id":8533,"date":"2021-06-17T12:56:19","date_gmt":"2021-06-17T16:56:19","guid":{"rendered":"https:\/\/www.canadianfitnessequipment.ca?post_type=product&#038;p=8533"},"modified":"2021-06-17T12:56:19","modified_gmt":"2021-06-17T16:56:19","slug":"presse-a-jambes-nitro-nautilus-usage","status":"publish","type":"product","link":"http:\/\/canadianfitnessequipment.ca\/en\/product\/presse-a-jambes-nitro-nautilus-usage\/","title":{"rendered":"presse \u00e0 jambes nitro nautilus Usag\u00e9"},"content":{"rendered":"<p>DimensionsS\u00e9rie\u00a0: Nitro<\/p>\n<p>Couleur du cadre\u00a0: blanc<\/p>\n<p>Couleur de la sellerie\u00a0: Noir<\/p>\n<p>Dimensions (L x l x H) 75&Prime; de long x 39&Prime; de large x 67&Prime; de haut<\/p>\n<p>Poids\u00a0: 970.0000<\/p>","protected":false},"excerpt":{"rendered":"<p>La presse \u00e0 jambes Nautilus Nitro offre un engagement musculaire maximal avec une tension minimale sur les genoux et le dos. Le Nautilus Nitro Leg Press est un syst\u00e8me de musculation de haute qualit\u00e9 disponible pour votre club de remise en forme commercial ou \u00e0 domicile.<\/p>\n<p>La tringlerie brevet\u00e9e \u00e0 quatre barres contr\u00f4le la position et l&rsquo;angle du repose-pieds pour r\u00e9duire la tension du genou Coussin dorsal \u00e9pais et profil\u00e9 pour le confort et le soutien lombaire<\/p>\n<p>Le si\u00e8ge r\u00e9glable offre une large gamme de r\u00e9glages pour tous les utilisateurs de grande taille.<\/p>\n<p>L&rsquo;angle r\u00e9glable du dossier du si\u00e8ge permet \u00e0 l&rsquo;utilisateur de cibler diff\u00e9rents groupes musculaires<\/p>","protected":false},"featured_media":8535,"comment_status":"closed","ping_status":"closed","template":"","meta":[],"product_brand":[],"product_cat":[323,330],"product_tag":[],"class_list":{"0":"post-8533","1":"product","2":"type-product","3":"status-publish","4":"has-post-thumbnail","6":"product_cat-equipements-de-force","7":"product_cat-jambes","9":"first","10":"instock","11":"sale","12":"taxable","13":"shipping-taxable","14":"purchasable","15":"product-type-simple"},"_links":{"self":[{"href":"http:\/\/canadianfitnessequipment.ca\/en\/wp-json\/wp\/v2\/product\/8533","targetHints":{"allow":["GET"]}}],"collection":[{"href":"http:\/\/canadianfitnessequipment.ca\/en\/wp-json\/wp\/v2\/product"}],"about":[{"href":"http:\/\/canadianfitnessequipment.ca\/en\/wp-json\/wp\/v2\/types\/product"}],"replies":[{"embeddable":true,"href":"http:\/\/canadianfitnessequipment.ca\/en\/wp-json\/wp\/v2\/comments?post=8533"}],"wp:featuredmedia":[{"embeddable":true,"href":"http:\/\/canadianfitnessequipment.ca\/en\/wp-json\/wp\/v2\/media\/8535"}],"wp:attachment":[{"href":"http:\/\/canadianfitnessequipment.ca\/en\/wp-json\/wp\/v2\/media?parent=8533"}],"wp:term":[{"taxonomy":"product_brand","embeddable":true,"href":"http:\/\/canadianfitnessequipment.ca\/en\/wp-json\/wp\/v2\/product_brand?post=8533"},{"taxonomy":"product_cat","embeddable":true,"href":"http:\/\/canadianfitnessequipment.ca\/en\/wp-json\/wp\/v2\/product_cat?post=8533"},{"taxonomy":"product_tag","embeddable":true,"href":"http:\/\/canadianfitnessequipment.ca\/en\/wp-json\/wp\/v2\/product_tag?post=8533"}],"curies":[{"name":"wp","href":"https:\/\/api.w.org\/{rel}","templated":true}]}}