{"id":8530,"date":"2021-06-17T12:09:13","date_gmt":"2021-06-17T16:09:13","guid":{"rendered":"https:\/\/www.canadianfitnessequipment.ca?post_type=product&#038;p=8530"},"modified":"2021-06-17T12:09:13","modified_gmt":"2021-06-17T16:09:13","slug":"hammer-strength-preacher-curl-bench-usage","status":"publish","type":"product","link":"http:\/\/canadianfitnessequipment.ca\/en\/product\/hammer-strength-preacher-curl-bench-usage\/","title":{"rendered":"HAMMER STRENGTH Preacher curl bench Usag\u00e9"},"content":{"rendered":"<p>Dimensions (L x l x H)<\/p>\n<p>39 po x 36 po x 43 po (100 cm x 92 cm x 110 cm)<\/p>\n<p>160 livres<\/p>\n<p>La barre de curl et les plaques de poids illustr\u00e9es ne sont pas incluses. Peut \u00eatre achet\u00e9 s\u00e9par\u00e9ment.<\/p>","protected":false},"excerpt":{"rendered":"<p>Offre la position de curl de pr\u00e9dicateur traditionnelle avec la m\u00eame durabilit\u00e9 et la m\u00eame qualit\u00e9 de haute qualit\u00e9 que celles fournies avec les bancs et les supports Hammer Strength.<\/p>","protected":false},"featured_media":8532,"comment_status":"closed","ping_status":"closed","template":"","meta":[],"product_brand":[],"product_cat":[332,338],"product_tag":[],"class_list":{"0":"post-8530","1":"product","2":"type-product","3":"status-publish","4":"has-post-thumbnail","6":"product_cat-accessoires","7":"product_cat-bancs","9":"first","10":"instock","11":"sale","12":"taxable","13":"shipping-taxable","14":"purchasable","15":"product-type-simple"},"_links":{"self":[{"href":"http:\/\/canadianfitnessequipment.ca\/en\/wp-json\/wp\/v2\/product\/8530","targetHints":{"allow":["GET"]}}],"collection":[{"href":"http:\/\/canadianfitnessequipment.ca\/en\/wp-json\/wp\/v2\/product"}],"about":[{"href":"http:\/\/canadianfitnessequipment.ca\/en\/wp-json\/wp\/v2\/types\/product"}],"replies":[{"embeddable":true,"href":"http:\/\/canadianfitnessequipment.ca\/en\/wp-json\/wp\/v2\/comments?post=8530"}],"wp:featuredmedia":[{"embeddable":true,"href":"http:\/\/canadianfitnessequipment.ca\/en\/wp-json\/wp\/v2\/media\/8532"}],"wp:attachment":[{"href":"http:\/\/canadianfitnessequipment.ca\/en\/wp-json\/wp\/v2\/media?parent=8530"}],"wp:term":[{"taxonomy":"product_brand","embeddable":true,"href":"http:\/\/canadianfitnessequipment.ca\/en\/wp-json\/wp\/v2\/product_brand?post=8530"},{"taxonomy":"product_cat","embeddable":true,"href":"http:\/\/canadianfitnessequipment.ca\/en\/wp-json\/wp\/v2\/product_cat?post=8530"},{"taxonomy":"product_tag","embeddable":true,"href":"http:\/\/canadianfitnessequipment.ca\/en\/wp-json\/wp\/v2\/product_tag?post=8530"}],"curies":[{"name":"wp","href":"https:\/\/api.w.org\/{rel}","templated":true}]}}