{"id":8521,"date":"2021-06-16T17:04:24","date_gmt":"2021-06-16T21:04:24","guid":{"rendered":"https:\/\/www.canadianfitnessequipment.ca?post_type=product&#038;p=8521"},"modified":"2021-06-16T17:04:25","modified_gmt":"2021-06-16T21:04:25","slug":"velo-allant-precor-846i-usage","status":"publish","type":"product","link":"http:\/\/canadianfitnessequipment.ca\/en\/product\/velo-allant-precor-846i-usage\/","title":{"rendered":"VELO ALLANT PRECOR 846I USAG\u00c9"},"content":{"rendered":"<p>1550Niveaux de r\u00e9sistance : 25<\/p>\n<p>Programmes : Cross Country, Custom, Fitness Test, Heart Rate, Hill Climb, Interval (3), Manual, Random, Watts Control, Weight Loss<\/p>\n<p>Lectures \u00e9lectroniques\u00a0: fr\u00e9quence cardiaque moyenne, vitesse moyenne, calories, calories par heure, calories par minute, distance, temps \u00e9coul\u00e9, objectif, fr\u00e9quence cardiaque, fr\u00e9quence cardiaque maximale, MET, profil, temps restant, r\u00e9sistance, RPM, temps de segment, SmartRate, Vitesse, fr\u00e9quence cardiaque cible, unit\u00e9s, watts, r\u00e9sum\u00e9 de l&rsquo;entra\u00eenement<\/p>\n<p>Conception ergonomique : les si\u00e8ges sont con\u00e7us pour le confort d&rsquo;un large \u00e9ventail de types de corps.<\/p>\n<p>P\u00e9dales \u00e0 manivelle en 3 parties : La manivelle en 3 parties se serre positivement, r\u00e9duisant le besoin d&rsquo;ajustements p\u00e9riodiques. Le bras de manivelle de 9\/16&Prime; accepte n&rsquo;importe quelle p\u00e9dale de v\u00e9lo de route ou de montagne standard.<\/p>\n<p>Caract\u00e9ristiques du style de v\u00e9lo couch\u00e9 : Un soutien dorsal complet et un si\u00e8ge profil\u00e9 correctement inclin\u00e9 offrent un confort maximal. Le v\u00e9lo couch\u00e9 met davantage l&rsquo;accent sur les ischio-jambiers et les muscles fessiers.<\/p>\n<p>\u00c9cran avec Tap Control : les palettes tactiles contr\u00f4lent la r\u00e9sistance, confirmant l&rsquo;entr\u00e9e de l&rsquo;utilisateur avec un clic satisfaisant. Les multiples options de r\u00e9troaction facilitent le suivi des entra\u00eenements.<\/p>\n<p>SP\u00c9CIFICATIONS TECHNIQUES<\/p>\n<p>Poids maximum de l&rsquo;utilisateur\u00a0:\u00a0400 lb\/181,43\u00a0kg)<\/p>\n<p>Poids : 160 lb \/ (72,57 kilogrammes)<\/p>\n<p>Dimensions\u00a0:\u00a057&Prime; de long x 24&Prime; de large x 48&Prime; de haut \/ (144,78 cm de long x 60,96 cm de large x 121,92 cm de haut)<\/p>","protected":false},"excerpt":{"rendered":"<p id=\"tw-target-text\" class=\"tw-data-text tw-text-large XcVN5d tw-ta\" dir=\"ltr\" data-placeholder=\"Traducci\u00f3n\"><span class=\"Y2IQFc\" lang=\"fr\">Le syst\u00e8me de g\u00e9n\u00e9rateur triphas\u00e9 magn\u00e9tique sans contact de ce pr\u00e9cor couch\u00e9 offre une large gamme de r\u00e9sistance. 25 r\u00e9glages de r\u00e9sistance diff\u00e9rents permettent aux utilisateurs de maximiser les entra\u00eenements.<\/span><\/p>\n<p class=\"tw-data-text tw-text-large XcVN5d tw-ta\" dir=\"ltr\" data-placeholder=\"Traducci\u00f3n\"><span class=\"Y2IQFc\" lang=\"fr\"> Les niveaux de r\u00e9sistance vont de 18 watts (niveau 1 \u00e0 20 tr\/min) \u00e0 500 watts (niveau 25 \u00e0 100 tr\/min) et 750 watts (niveau 25 \u00e0 150 tr\/min). <\/span><\/p>\n<p class=\"tw-data-text tw-text-large XcVN5d tw-ta\" dir=\"ltr\" data-placeholder=\"Traducci\u00f3n\"><span class=\"Y2IQFc\" lang=\"fr\">Cette s\u00e9rie d&rsquo;exp\u00e9riences precor a une manivelle en 3 pi\u00e8ces qui se serre positivement, r\u00e9duisant ainsi le besoin d&rsquo;ajustements p\u00e9riodiques. Le bras de manivelle de 9\/16&Prime; accepte n&rsquo;importe quelle p\u00e9dale de v\u00e9lo de route ou de montagne standard. <\/span><\/p>\n<p class=\"tw-data-text tw-text-large XcVN5d tw-ta\" dir=\"ltr\" data-placeholder=\"Traducci\u00f3n\"><span class=\"Y2IQFc\" lang=\"fr\">Le syst\u00e8me d&rsquo;entra\u00eenement \u00e0 double acc\u00e9l\u00e9ration permet un fonctionnement doux, confortable et silencieux.<\/span><\/p>\n<p class=\"tw-data-text tw-text-large XcVN5d tw-ta\" dir=\"ltr\" data-placeholder=\"Traducci\u00f3n\"><span class=\"Y2IQFc\" lang=\"fr\"> Le v\u00e9lo couch\u00e9 846i est dot\u00e9 d&rsquo;un g\u00e9n\u00e9rateur triphas\u00e9\/syst\u00e8me de r\u00e9sistance aux courants de Foucault qui ne n\u00e9cessite aucune batterie de secours afin d&rsquo;alimenter le v\u00e9lo.Son entra\u00eenement par courroie permet un fonctionnement plus doux et plus silencieux et une maintenance r\u00e9duite<\/span><\/p>","protected":false},"featured_media":8523,"comment_status":"closed","ping_status":"closed","template":"","meta":[],"product_brand":[],"product_cat":[318,322],"product_tag":[],"class_list":{"0":"post-8521","1":"product","2":"type-product","3":"status-publish","4":"has-post-thumbnail","6":"product_cat-cardiovasculaire","7":"product_cat-velo","9":"first","10":"instock","11":"sale","12":"taxable","13":"shipping-taxable","14":"purchasable","15":"product-type-simple"},"_links":{"self":[{"href":"http:\/\/canadianfitnessequipment.ca\/en\/wp-json\/wp\/v2\/product\/8521","targetHints":{"allow":["GET"]}}],"collection":[{"href":"http:\/\/canadianfitnessequipment.ca\/en\/wp-json\/wp\/v2\/product"}],"about":[{"href":"http:\/\/canadianfitnessequipment.ca\/en\/wp-json\/wp\/v2\/types\/product"}],"replies":[{"embeddable":true,"href":"http:\/\/canadianfitnessequipment.ca\/en\/wp-json\/wp\/v2\/comments?post=8521"}],"wp:featuredmedia":[{"embeddable":true,"href":"http:\/\/canadianfitnessequipment.ca\/en\/wp-json\/wp\/v2\/media\/8523"}],"wp:attachment":[{"href":"http:\/\/canadianfitnessequipment.ca\/en\/wp-json\/wp\/v2\/media?parent=8521"}],"wp:term":[{"taxonomy":"product_brand","embeddable":true,"href":"http:\/\/canadianfitnessequipment.ca\/en\/wp-json\/wp\/v2\/product_brand?post=8521"},{"taxonomy":"product_cat","embeddable":true,"href":"http:\/\/canadianfitnessequipment.ca\/en\/wp-json\/wp\/v2\/product_cat?post=8521"},{"taxonomy":"product_tag","embeddable":true,"href":"http:\/\/canadianfitnessequipment.ca\/en\/wp-json\/wp\/v2\/product_tag?post=8521"}],"curies":[{"name":"wp","href":"https:\/\/api.w.org\/{rel}","templated":true}]}}