{"id":8502,"date":"2021-06-16T12:35:30","date_gmt":"2021-06-16T16:35:30","guid":{"rendered":"https:\/\/www.canadianfitnessequipment.ca?post_type=product&#038;p=8502"},"modified":"2021-06-16T12:41:50","modified_gmt":"2021-06-16T16:41:50","slug":"8502","status":"publish","type":"product","link":"http:\/\/canadianfitnessequipment.ca\/en\/product\/8502\/","title":{"rendered":"Precor EFX 532i Lower body Elliptical Usag\u00e9"},"content":{"rendered":"<p id=\"tw-target-text\" class=\"tw-data-text tw-text-large XcVN5d tw-ta\" dir=\"ltr\" data-placeholder=\"Traducci\u00f3n\"><span class=\"Y2IQFc\" lang=\"fr\">\u00c9quip\u00e9 de la technologie exclusive CrossRamp\u00ae de Precor qui alterne des angles de rampe elliptiques entre 15 et 40 degr\u00e9s vers l&rsquo;avant et vers l&rsquo;arri\u00e8re, il isole et entra\u00eene des groupes musculaires sp\u00e9cifiques et offre une grande vari\u00e9t\u00e9 d&rsquo;exercices pour tous les muscles du bas du corps. <\/span><\/p>\n<p class=\"tw-data-text tw-text-large XcVN5d tw-ta\" dir=\"ltr\" data-placeholder=\"Traducci\u00f3n\"><span class=\"Y2IQFc\" lang=\"fr\">Le syst\u00e8me de g\u00e9n\u00e9rateur \u00e0 6 phases n&rsquo;a aucune pi\u00e8ce de contact, ce qui r\u00e9duit la friction et l&rsquo;usure, et fournit 20 niveaux pour adapter les entra\u00eenements avec une r\u00e9sistance constante. Les 20 niveaux de r\u00e9sistance vont de 18 watts (niveau 1 \u00e0 40 PPM) \u00e0 720 watts (niveau 20 \u00e0 200 PPM).<\/span><\/p>\n<p class=\"tw-data-text tw-text-large XcVN5d tw-ta\" dir=\"ltr\" data-placeholder=\"Traducci\u00f3n\"><span class=\"Y2IQFc\" lang=\"fr\">Alimentation en option disponible en cas de longues p\u00e9riodes de non-utilisation ou si l&rsquo;\u00e9cran doit rester allum\u00e9 en continu pendant plus de 30 secondes apr\u00e8s la fin de l&rsquo;entra\u00eenement. <\/span><\/p>\n<p class=\"tw-data-text tw-text-large XcVN5d tw-ta\" dir=\"ltr\" data-placeholder=\"Traducci\u00f3n\"><span class=\"Y2IQFc\" lang=\"fr\">Caract\u00e9ristiques de la console\u00a0: Indicateurs \u00e9lectroniques\u00a0: Calories, Distance, Fr\u00e9quence cardiaque, Profil, Endurance, Inclinaison, Foul\u00e9es, Foul\u00e9es par minute, Temps \u00e9coul\u00e9, Temps restant, Pourcentage effectu\u00e9, R\u00e9sum\u00e9 de l&rsquo;entra\u00eenement, Analyse de la fr\u00e9quence cardiaque<\/span><\/p>","protected":false},"excerpt":{"rendered":"<p id=\"tw-target-text\" class=\"tw-data-text tw-text-large XcVN5d tw-ta\" dir=\"ltr\" data-placeholder=\"Traducci\u00f3n\"><span class=\"Y2IQFc\" lang=\"fr\">L&rsquo;elliptique 532i est \u00e9quip\u00e9 de la technologie exclusive CrossRamp\u00ae qui vous permet de modifier la trajectoire elliptique entre 15 et 40 degr\u00e9s dans les mouvements de foul\u00e9e avant et arri\u00e8re, permettant l&rsquo;entra\u00eenement de diff\u00e9rentes sections musculaires et offrant une grande vari\u00e9t\u00e9 d&rsquo;exercices possibles. <\/span><\/p>\n<p class=\"tw-data-text tw-text-large XcVN5d tw-ta\" dir=\"ltr\" data-placeholder=\"Traducci\u00f3n\"><span class=\"Y2IQFc\" lang=\"fr\">Le 536i est id\u00e9al pour les petites installations commerciales. Couverture arri\u00e8re durable pour r\u00e9duire les dommages potentiels lorsqu&rsquo;un poids excessif est appliqu\u00e9 Biom\u00e9canique valid\u00e9e par le laboratoire de biom\u00e9canique de la Western Washington University pour les utilisateurs de tout niveau et pratiquement tout teint physique (couvrant 95% des hommes et des femmes). <\/span><\/p>\n<p class=\"tw-data-text tw-text-large XcVN5d tw-ta\" dir=\"ltr\" data-placeholder=\"Traducci\u00f3n\"><span class=\"Y2IQFc\" lang=\"fr\">Excellente stabilit\u00e9 et libert\u00e9 de mouvement pour les utilisateurs de tout teint physique. Roues simples en polyur\u00e9thane avec un tr\u00e8s grand axe et des roulements \u00e9tanches qui glissent sur des rails en aluminium extrud\u00e9 de pr\u00e9cision pour r\u00e9partir le poids de l&rsquo;utilisateur, offrant une plus grande efficacit\u00e9 et un mouvement beaucoup plus fluide.<\/span><\/p>","protected":false},"featured_media":8504,"comment_status":"closed","ping_status":"closed","template":"","meta":[],"product_brand":[],"product_cat":[318,320],"product_tag":[],"class_list":{"0":"post-8502","1":"product","2":"type-product","3":"status-publish","4":"has-post-thumbnail","6":"product_cat-cardiovasculaire","7":"product_cat-elliptiques","9":"first","10":"instock","11":"sale","12":"taxable","13":"shipping-taxable","14":"purchasable","15":"product-type-simple"},"_links":{"self":[{"href":"http:\/\/canadianfitnessequipment.ca\/en\/wp-json\/wp\/v2\/product\/8502","targetHints":{"allow":["GET"]}}],"collection":[{"href":"http:\/\/canadianfitnessequipment.ca\/en\/wp-json\/wp\/v2\/product"}],"about":[{"href":"http:\/\/canadianfitnessequipment.ca\/en\/wp-json\/wp\/v2\/types\/product"}],"replies":[{"embeddable":true,"href":"http:\/\/canadianfitnessequipment.ca\/en\/wp-json\/wp\/v2\/comments?post=8502"}],"wp:featuredmedia":[{"embeddable":true,"href":"http:\/\/canadianfitnessequipment.ca\/en\/wp-json\/wp\/v2\/media\/8504"}],"wp:attachment":[{"href":"http:\/\/canadianfitnessequipment.ca\/en\/wp-json\/wp\/v2\/media?parent=8502"}],"wp:term":[{"taxonomy":"product_brand","embeddable":true,"href":"http:\/\/canadianfitnessequipment.ca\/en\/wp-json\/wp\/v2\/product_brand?post=8502"},{"taxonomy":"product_cat","embeddable":true,"href":"http:\/\/canadianfitnessequipment.ca\/en\/wp-json\/wp\/v2\/product_cat?post=8502"},{"taxonomy":"product_tag","embeddable":true,"href":"http:\/\/canadianfitnessequipment.ca\/en\/wp-json\/wp\/v2\/product_tag?post=8502"}],"curies":[{"name":"wp","href":"https:\/\/api.w.org\/{rel}","templated":true}]}}