{"id":8492,"date":"2021-06-15T14:32:36","date_gmt":"2021-06-15T18:32:36","guid":{"rendered":"https:\/\/www.canadianfitnessequipment.ca?post_type=product&#038;p=8492"},"modified":"2021-06-15T14:32:36","modified_gmt":"2021-06-15T18:32:36","slug":"hoist-roman-chair-used","status":"publish","type":"product","link":"http:\/\/canadianfitnessequipment.ca\/en\/product\/hoist-roman-chair-used\/","title":{"rendered":"Hoist roman chair us\u00e9d"},"content":{"rendered":"<p>Largeur du produit\u00a0:\u00a031,50&Prime; (80\u00a0cm)<\/p>\n<p>Hauteur du produit : 39,50&Prime; (100 cm)<\/p>\n<p>Longueur du produit : 52,50&Prime; (133 cm)<\/p>","protected":false},"excerpt":{"rendered":"<p>Huit positions r\u00e9glables de 0\u00b0 \u00e0 35\u00b0<\/p>\n<p>\u2022 R\u00e9glable d&rsquo;une chaise hyper \u00e0 35\u00b0 \u00e0 une chaise romaine compl\u00e8te<\/p>\n<p>\u2022 Neuf positions de patin \u00e0 roulettes et de barre de pied r\u00e9glables<\/p>\n<p>\u2022 La surface antid\u00e9rapante de la barre de pied assure un placement s\u00fbr du pied<\/p>\n<p>\u2022 Les goupilles de verrouillage int\u00e9gr\u00e9es maintiennent le cadre en place en toute s\u00e9curit\u00e9<\/p>\n<p>\u2022 Cadre moderne am\u00e9lior\u00e9 avec tube ovale<\/p>\n<p>\u2022 Couvre-pieds non m\u00e9talliques pour prot\u00e9ger le sol<\/p>","protected":false},"featured_media":8494,"comment_status":"closed","ping_status":"closed","template":"","meta":[],"product_brand":[],"product_cat":[332,338],"product_tag":[],"class_list":{"0":"post-8492","1":"product","2":"type-product","3":"status-publish","4":"has-post-thumbnail","6":"product_cat-accessoires","7":"product_cat-bancs","9":"first","10":"instock","11":"sale","12":"taxable","13":"shipping-taxable","14":"purchasable","15":"product-type-simple"},"_links":{"self":[{"href":"http:\/\/canadianfitnessequipment.ca\/en\/wp-json\/wp\/v2\/product\/8492","targetHints":{"allow":["GET"]}}],"collection":[{"href":"http:\/\/canadianfitnessequipment.ca\/en\/wp-json\/wp\/v2\/product"}],"about":[{"href":"http:\/\/canadianfitnessequipment.ca\/en\/wp-json\/wp\/v2\/types\/product"}],"replies":[{"embeddable":true,"href":"http:\/\/canadianfitnessequipment.ca\/en\/wp-json\/wp\/v2\/comments?post=8492"}],"wp:featuredmedia":[{"embeddable":true,"href":"http:\/\/canadianfitnessequipment.ca\/en\/wp-json\/wp\/v2\/media\/8494"}],"wp:attachment":[{"href":"http:\/\/canadianfitnessequipment.ca\/en\/wp-json\/wp\/v2\/media?parent=8492"}],"wp:term":[{"taxonomy":"product_brand","embeddable":true,"href":"http:\/\/canadianfitnessequipment.ca\/en\/wp-json\/wp\/v2\/product_brand?post=8492"},{"taxonomy":"product_cat","embeddable":true,"href":"http:\/\/canadianfitnessequipment.ca\/en\/wp-json\/wp\/v2\/product_cat?post=8492"},{"taxonomy":"product_tag","embeddable":true,"href":"http:\/\/canadianfitnessequipment.ca\/en\/wp-json\/wp\/v2\/product_tag?post=8492"}],"curies":[{"name":"wp","href":"https:\/\/api.w.org\/{rel}","templated":true}]}}