{"id":8476,"date":"2021-06-15T12:52:31","date_gmt":"2021-06-15T16:52:31","guid":{"rendered":"https:\/\/www.canadianfitnessequipment.ca?post_type=product&#038;p=8476"},"modified":"2021-06-15T12:52:32","modified_gmt":"2021-06-15T16:52:32","slug":"olympic-shoulder-bench-atlantis-usage","status":"publish","type":"product","link":"http:\/\/canadianfitnessequipment.ca\/en\/product\/olympic-shoulder-bench-atlantis-usage\/","title":{"rendered":"olympic shoulder bench atlantis Usag\u00e9"},"content":{"rendered":"<p>sp\u00e9cifications<\/p>\n<p>Largeur 67&Prime; (170 cm)<\/p>\n<p>Hauteur 71 \u2033 (180 cm)<\/p>\n<p>Longueur 76&Prime; (193 cm)<\/p>\n<p>Poids 316 lb (143 kg)<\/p>\n<p>&nbsp;<\/p>\n<p>&nbsp;<\/p>","protected":false},"excerpt":{"rendered":"<p>Les d\u00e9butants et les halt\u00e9rophiles appr\u00e9cieront grandement les avantages de ce m\u00e9canisme de d\u00e9marrage.<\/p>\n<p>Le repose-pieds permet aux utilisateurs de s&rsquo;appuyer lors de r\u00e9p\u00e9titions intenses.<\/p>\n<p>Les cornes de stockage de poids standard \u00e9liminent le besoin d&rsquo;arbres de poids s\u00e9par\u00e9s.<\/p>\n<p>Syst\u00e8me d&rsquo;\u00e9tag\u00e8res de protection moul\u00e9.<\/p>","protected":false},"featured_media":8480,"comment_status":"closed","ping_status":"closed","template":"","meta":[],"product_brand":[],"product_cat":[332,338],"product_tag":[],"class_list":{"0":"post-8476","1":"product","2":"type-product","3":"status-publish","4":"has-post-thumbnail","6":"product_cat-accessoires","7":"product_cat-bancs","9":"first","10":"instock","11":"sale","12":"taxable","13":"shipping-taxable","14":"purchasable","15":"product-type-simple"},"_links":{"self":[{"href":"http:\/\/canadianfitnessequipment.ca\/en\/wp-json\/wp\/v2\/product\/8476","targetHints":{"allow":["GET"]}}],"collection":[{"href":"http:\/\/canadianfitnessequipment.ca\/en\/wp-json\/wp\/v2\/product"}],"about":[{"href":"http:\/\/canadianfitnessequipment.ca\/en\/wp-json\/wp\/v2\/types\/product"}],"replies":[{"embeddable":true,"href":"http:\/\/canadianfitnessequipment.ca\/en\/wp-json\/wp\/v2\/comments?post=8476"}],"wp:featuredmedia":[{"embeddable":true,"href":"http:\/\/canadianfitnessequipment.ca\/en\/wp-json\/wp\/v2\/media\/8480"}],"wp:attachment":[{"href":"http:\/\/canadianfitnessequipment.ca\/en\/wp-json\/wp\/v2\/media?parent=8476"}],"wp:term":[{"taxonomy":"product_brand","embeddable":true,"href":"http:\/\/canadianfitnessequipment.ca\/en\/wp-json\/wp\/v2\/product_brand?post=8476"},{"taxonomy":"product_cat","embeddable":true,"href":"http:\/\/canadianfitnessequipment.ca\/en\/wp-json\/wp\/v2\/product_cat?post=8476"},{"taxonomy":"product_tag","embeddable":true,"href":"http:\/\/canadianfitnessequipment.ca\/en\/wp-json\/wp\/v2\/product_tag?post=8476"}],"curies":[{"name":"wp","href":"https:\/\/api.w.org\/{rel}","templated":true}]}}