{"id":8467,"date":"2021-06-11T11:21:44","date_gmt":"2021-06-11T15:21:44","guid":{"rendered":"https:\/\/www.canadianfitnessequipment.ca?post_type=product&#038;p=8467"},"modified":"2021-06-11T11:22:57","modified_gmt":"2021-06-11T15:22:57","slug":"atlantis-incline-chest-press-plate-load-usage","status":"publish","type":"product","link":"http:\/\/canadianfitnessequipment.ca\/en\/product\/atlantis-incline-chest-press-plate-load-usage\/","title":{"rendered":"Atlantis IncChest press, Plate load usag\u00e9"},"content":{"rendered":"<p>sp\u00e9cifications<\/p>\n<p>Largeur 59 \u2033 (150 cm)<\/p>\n<p>Hauteur 43 \u2033 (109 cm)<\/p>\n<p>Longueur 66&Prime; (168 cm)<\/p>\n<p>Poids 275 lb (125 kg)<\/p>","protected":false},"excerpt":{"rendered":"<p>Le mouvement convergent reproduit le mieux les mouvements de poids libres.<\/p>\n<p>Bras de levier ind\u00e9pendants.<\/p>\n<p>angle de 30 degr\u00e9s.<\/p>\n<p>La r\u00e9sistance initiale pour chaque bras est de 9 kg \/ 20 lb.<\/p>\n<p>Les bras d&rsquo;articulation assist\u00e9s par ressort permettent aux utilisateurs de s\u00e9lectionner l&rsquo;amplitude de mouvement souhait\u00e9e.<\/p>\n<p>Les cornes de stockage de poids standard \u00e9liminent le besoin d&rsquo;arbres de poids s\u00e9par\u00e9s.<\/p>","protected":false},"featured_media":8469,"comment_status":"closed","ping_status":"closed","template":"","meta":[],"product_brand":[],"product_cat":[339,323],"product_tag":[],"class_list":{"0":"post-8467","1":"product","2":"type-product","3":"status-publish","4":"has-post-thumbnail","6":"product_cat-bras","7":"product_cat-equipements-de-force","9":"first","10":"instock","11":"sale","12":"taxable","13":"shipping-taxable","14":"purchasable","15":"product-type-simple"},"_links":{"self":[{"href":"http:\/\/canadianfitnessequipment.ca\/en\/wp-json\/wp\/v2\/product\/8467","targetHints":{"allow":["GET"]}}],"collection":[{"href":"http:\/\/canadianfitnessequipment.ca\/en\/wp-json\/wp\/v2\/product"}],"about":[{"href":"http:\/\/canadianfitnessequipment.ca\/en\/wp-json\/wp\/v2\/types\/product"}],"replies":[{"embeddable":true,"href":"http:\/\/canadianfitnessequipment.ca\/en\/wp-json\/wp\/v2\/comments?post=8467"}],"wp:featuredmedia":[{"embeddable":true,"href":"http:\/\/canadianfitnessequipment.ca\/en\/wp-json\/wp\/v2\/media\/8469"}],"wp:attachment":[{"href":"http:\/\/canadianfitnessequipment.ca\/en\/wp-json\/wp\/v2\/media?parent=8467"}],"wp:term":[{"taxonomy":"product_brand","embeddable":true,"href":"http:\/\/canadianfitnessequipment.ca\/en\/wp-json\/wp\/v2\/product_brand?post=8467"},{"taxonomy":"product_cat","embeddable":true,"href":"http:\/\/canadianfitnessequipment.ca\/en\/wp-json\/wp\/v2\/product_cat?post=8467"},{"taxonomy":"product_tag","embeddable":true,"href":"http:\/\/canadianfitnessequipment.ca\/en\/wp-json\/wp\/v2\/product_tag?post=8467"}],"curies":[{"name":"wp","href":"https:\/\/api.w.org\/{rel}","templated":true}]}}