{"id":8446,"date":"2021-06-10T13:26:54","date_gmt":"2021-06-10T17:26:54","guid":{"rendered":"https:\/\/www.canadianfitnessequipment.ca?post_type=product&#038;p=8446"},"modified":"2021-06-10T13:32:27","modified_gmt":"2021-06-10T17:32:27","slug":"matrix-versa-divering-lat-pull-down","status":"publish","type":"product","link":"http:\/\/canadianfitnessequipment.ca\/en\/product\/matrix-versa-divering-lat-pull-down\/","title":{"rendered":"MATRIX Versa Divering Lat Pull Down"},"content":{"rendered":"<p id=\"tw-target-text\" class=\"tw-data-text tw-text-large XcVN5d tw-ta\" dir=\"ltr\" data-placeholder=\"Traducci\u00f3n\"><span class=\"Y2IQFc\" lang=\"fr\">Dimensions hors tout \u00ab\u00a0statiques\u00a0\u00bb (L x l x H) 152 x 161 x 195 cm \/ 59,6&Prime; x 63,1&Prime; x 76,7&Prime; <\/span><\/p>\n<p class=\"tw-data-text tw-text-large XcVN5d tw-ta\" dir=\"ltr\" data-placeholder=\"Traducci\u00f3n\"><span class=\"Y2IQFc\" lang=\"fr\">Dimensions hors tout \u00ab\u00a0en cours d&rsquo;utilisation\u00a0\u00bb (L x l x H) 152 x 161 x 195 cm \/ 59,6&Prime; x 63,1&Prime; x 76,7&Prime; <\/span><\/p>\n<p class=\"tw-data-text tw-text-large XcVN5d tw-ta\" dir=\"ltr\" data-placeholder=\"Traducci\u00f3n\"><span class=\"Y2IQFc\" lang=\"fr\">Poids du produit 382 kg \/ 842 lb <\/span><\/p>\n<p class=\"tw-data-text tw-text-large XcVN5d tw-ta\" dir=\"ltr\" data-placeholder=\"Traducci\u00f3n\"><span class=\"Y2IQFc\" lang=\"fr\">Poids total de la pile 108 kg \/ 240 lb <\/span><\/p>\n<p class=\"tw-data-text tw-text-large XcVN5d tw-ta\" dir=\"ltr\" data-placeholder=\"Traducci\u00f3n\"><span class=\"Y2IQFc\" lang=\"fr\">La plaque de poids augmente de 4,5 kg \/ 10 lb <\/span><\/p>\n<p class=\"tw-data-text tw-text-large XcVN5d tw-ta\" dir=\"ltr\" data-placeholder=\"Traducci\u00f3n\"><span class=\"Y2IQFc\" lang=\"fr\">Syst\u00e8me de poids incr\u00e9mentiel 1,1, 2,3, 3,4 kg \/ 2,5, 5, 7,5 lb <\/span><\/p>\n<p class=\"tw-data-text tw-text-large XcVN5d tw-ta\" dir=\"ltr\" data-placeholder=\"Traducci\u00f3n\"><span class=\"Y2IQFc\" lang=\"fr\">Poids d&rsquo;entra\u00eenement maximal 111,4 kg \/ 247,5 lb <\/span><\/p>\n<p class=\"tw-data-text tw-text-large XcVN5d tw-ta\" dir=\"ltr\" data-placeholder=\"Traducci\u00f3n\"><span class=\"Y2IQFc\" lang=\"fr\">Hauteur de pile constante de 53 \u00ab\u00a0Oui<\/span><\/p>","protected":false},"excerpt":{"rendered":"<p id=\"tw-target-text\" class=\"tw-data-text tw-text-large XcVN5d tw-ta\" dir=\"ltr\" data-placeholder=\"Traducci\u00f3n\"><span class=\"Y2IQFc\" lang=\"fr\">Les mouvements de bras divergents ind\u00e9pendants offrent une trajectoire de mouvement naturelle et plus grande vari\u00e9t\u00e9 d&rsquo;exercices Le si\u00e8ge inclin\u00e9 encourage la position correcte de l&rsquo;utilisateur Les coussinets de cuisse et le si\u00e8ge s&rsquo;ajustent facilement pour plus de stabilit\u00e9, ergonomie et confort am\u00e9lior\u00e9s <\/span><\/p>\n<p class=\"tw-data-text tw-text-large XcVN5d tw-ta\" dir=\"ltr\" data-placeholder=\"Traducci\u00f3n\"><span class=\"Y2IQFc\" lang=\"fr\">Les poign\u00e9es sp\u00e9cifiques \u00e0 l&rsquo;action offrent un confort accru et force de pr\u00e9hension am\u00e9lior\u00e9e Fonctionnalit\u00e9s optionnelles de la console d&rsquo;entra\u00eenement intelligente Programmes de force, de force et d&rsquo;endurance \u00e0 donner membres une exp\u00e9rience de formation guid\u00e9e sp\u00e9cifique pour ses objectifs<\/span><\/p>","protected":false},"featured_media":8448,"comment_status":"closed","ping_status":"closed","template":"","meta":[],"product_brand":[],"product_cat":[325,323],"product_tag":[],"class_list":{"0":"post-8446","1":"product","2":"type-product","3":"status-publish","4":"has-post-thumbnail","6":"product_cat-dos","7":"product_cat-equipements-de-force","9":"first","10":"instock","11":"sale","12":"taxable","13":"shipping-taxable","14":"purchasable","15":"product-type-simple"},"_links":{"self":[{"href":"http:\/\/canadianfitnessequipment.ca\/en\/wp-json\/wp\/v2\/product\/8446","targetHints":{"allow":["GET"]}}],"collection":[{"href":"http:\/\/canadianfitnessequipment.ca\/en\/wp-json\/wp\/v2\/product"}],"about":[{"href":"http:\/\/canadianfitnessequipment.ca\/en\/wp-json\/wp\/v2\/types\/product"}],"replies":[{"embeddable":true,"href":"http:\/\/canadianfitnessequipment.ca\/en\/wp-json\/wp\/v2\/comments?post=8446"}],"wp:featuredmedia":[{"embeddable":true,"href":"http:\/\/canadianfitnessequipment.ca\/en\/wp-json\/wp\/v2\/media\/8448"}],"wp:attachment":[{"href":"http:\/\/canadianfitnessequipment.ca\/en\/wp-json\/wp\/v2\/media?parent=8446"}],"wp:term":[{"taxonomy":"product_brand","embeddable":true,"href":"http:\/\/canadianfitnessequipment.ca\/en\/wp-json\/wp\/v2\/product_brand?post=8446"},{"taxonomy":"product_cat","embeddable":true,"href":"http:\/\/canadianfitnessequipment.ca\/en\/wp-json\/wp\/v2\/product_cat?post=8446"},{"taxonomy":"product_tag","embeddable":true,"href":"http:\/\/canadianfitnessequipment.ca\/en\/wp-json\/wp\/v2\/product_tag?post=8446"}],"curies":[{"name":"wp","href":"https:\/\/api.w.org\/{rel}","templated":true}]}}