{"id":8434,"date":"2021-06-09T17:14:37","date_gmt":"2021-06-09T21:14:37","guid":{"rendered":"https:\/\/www.canadianfitnessequipment.ca?post_type=product&#038;p=8434"},"modified":"2021-06-09T17:14:37","modified_gmt":"2021-06-09T21:14:37","slug":"life-fitness-pro-2-back-extension-usage","status":"publish","type":"product","link":"http:\/\/canadianfitnessequipment.ca\/en\/product\/life-fitness-pro-2-back-extension-usage\/","title":{"rendered":"LIFE FITNESS PRO 2 BACK EXTENSION USAG\u00c9"},"content":{"rendered":"<p>Description<\/p>\n<p>Poids : 560 livres.<\/p>\n<p>Pile de poids\u00a0: 295\u00a0lbs.<\/p>\n<p>Taille: 46 \u00ab\u00a0L x 40&Prime; L x 55 \u00a0\u00bb<\/p>\n<p>H Il s&rsquo;agit de la gamme la plus polyvalente d&rsquo;\u00e9quipements monoposte de s\u00e9lecteurs disponibles dans l&rsquo;industrie. La gamme de 22 pi\u00e8ces pr\u00e9sente une construction principalement soud\u00e9e pour la durabilit\u00e9, des ajustements pouvant \u00eatre effectu\u00e9s \u00e0 partir de la position d&rsquo;exercice de l&rsquo;utilisateur et la plupart des meilleures biom\u00e9caniques disponibles. Il est con\u00e7u pour s&rsquo;adapter \u00e0 un large \u00e9ventail d&rsquo;utilisateurs de 4&rsquo;10\u00a0\u00bb \u00e0 6&rsquo;6&Prime;.<\/p>\n<p>Les mouvements de l&rsquo;exercice sont d\u00e9finis par une machine et conviennent \u00e0 tous les niveaux d&rsquo;athl\u00e8tes, qu&rsquo;il s&rsquo;agisse d&rsquo;adultes actifs et non en forme, de fitness g\u00e9n\u00e9ral et d&rsquo;athl\u00e8tes professionnels.<\/p>\n<p>&nbsp;<\/p>\n<p>&nbsp;<\/p>","protected":false},"excerpt":{"rendered":"<p>Construction du cadre : Acier de qualit\u00e9 m\u00e9canique fabriqu\u00e9 aux \u00c9tats-Unis Achet\u00e9 en quantit\u00e9s de production pour assurer la meilleure coh\u00e9rence. Tube rectangulaire de 2 \u00ab\u00a0x 3\u00a0\u00bb et 2 \u00ab\u00a0x 4&Prime; avec une \u00e9paisseur de calibre 11 (paroi .120)Ajustements du si\u00e8ge: Si\u00e8ges \u00e0 cliquet par incr\u00e9ment de \u00bd \u00a0\u00bb qui peuvent \u00eatre ajust\u00e9s d&rsquo;une seule main pour une utilisation facile.<\/p>\n<p>Plaques de poids : plaques de poids en acier massif de 1 \u00ab\u00a0, couvercles de pile de poids avant, bagues de plaque de poids \u00e0 faible friction, autolubrifiantes pour minimiser le bruit et la friction. Goupille de poids magn\u00e9tique pour des ajustements faciles et s\u00fbrs. Chaque pile a deux 5 livres int\u00e9gr\u00e9s. augmenter les poids d\u00e9roulants pour des incr\u00e9ments de r\u00e9sistance plus petits.<\/p>\n<p>Tiges de guidage : tiges de guidage en acier inoxydable 3\/4&Prime; pour la pile de poids.Cordes et poulies &#8211; Construction \u00e0 7 x 19 torons, corde lubrifi\u00e9e enduite de nylon conforme aux sp\u00e9cifications militaires am\u00e9ricaines. Les poulies impr\u00e9gn\u00e9es de fibre de verre de 4 \u00bd\u00a0\u00bb et 6&Prime; de diam\u00e8tre ont des roulements scell\u00e9s.<\/p>\n<p>Bras de mouvement : contrepoids pour assurer une r\u00e9sistance initiale plus l\u00e9g\u00e8rePoign\u00e9es : les positions de pr\u00e9hension sont con\u00e7ues pour maintenir une position neutre du poignet dans toute l&rsquo;amplitude de mouvement.<\/p>","protected":false},"featured_media":8436,"comment_status":"closed","ping_status":"closed","template":"","meta":[],"product_brand":[],"product_cat":[325,323],"product_tag":[],"class_list":{"0":"post-8434","1":"product","2":"type-product","3":"status-publish","4":"has-post-thumbnail","6":"product_cat-dos","7":"product_cat-equipements-de-force","9":"first","10":"instock","11":"sale","12":"taxable","13":"shipping-taxable","14":"purchasable","15":"product-type-simple"},"_links":{"self":[{"href":"http:\/\/canadianfitnessequipment.ca\/en\/wp-json\/wp\/v2\/product\/8434","targetHints":{"allow":["GET"]}}],"collection":[{"href":"http:\/\/canadianfitnessequipment.ca\/en\/wp-json\/wp\/v2\/product"}],"about":[{"href":"http:\/\/canadianfitnessequipment.ca\/en\/wp-json\/wp\/v2\/types\/product"}],"replies":[{"embeddable":true,"href":"http:\/\/canadianfitnessequipment.ca\/en\/wp-json\/wp\/v2\/comments?post=8434"}],"wp:featuredmedia":[{"embeddable":true,"href":"http:\/\/canadianfitnessequipment.ca\/en\/wp-json\/wp\/v2\/media\/8436"}],"wp:attachment":[{"href":"http:\/\/canadianfitnessequipment.ca\/en\/wp-json\/wp\/v2\/media?parent=8434"}],"wp:term":[{"taxonomy":"product_brand","embeddable":true,"href":"http:\/\/canadianfitnessequipment.ca\/en\/wp-json\/wp\/v2\/product_brand?post=8434"},{"taxonomy":"product_cat","embeddable":true,"href":"http:\/\/canadianfitnessequipment.ca\/en\/wp-json\/wp\/v2\/product_cat?post=8434"},{"taxonomy":"product_tag","embeddable":true,"href":"http:\/\/canadianfitnessequipment.ca\/en\/wp-json\/wp\/v2\/product_tag?post=8434"}],"curies":[{"name":"wp","href":"https:\/\/api.w.org\/{rel}","templated":true}]}}