{"id":8431,"date":"2021-06-09T16:41:49","date_gmt":"2021-06-09T20:41:49","guid":{"rendered":"https:\/\/www.canadianfitnessequipment.ca?post_type=product&#038;p=8431"},"modified":"2021-06-09T16:41:49","modified_gmt":"2021-06-09T20:41:49","slug":"technogym-element-arm-extension-usage","status":"publish","type":"product","link":"http:\/\/canadianfitnessequipment.ca\/en\/product\/technogym-element-arm-extension-usage\/","title":{"rendered":"TECHNOGYM ELEMENT ARM EXTENSION USAG\u00c9"},"content":{"rendered":"<p>SP\u00c9CIFICATIONS<\/p>\n<p>Poids : 170kg<\/p>\n<p>Dimensions : 142 cm x 79 cm x 142 cm<\/p>","protected":false},"excerpt":{"rendered":"<p style=\"text-align: left;\">L&rsquo;extension de bras Technogym Element Series vous permet d&rsquo;entra\u00eener efficacement et en toute s\u00e9curit\u00e9 les muscles des bras, en particulier les triceps, \u00e0 partir d&rsquo;une position assise confortable et ergonomique.<\/p>\n<p style=\"text-align: left;\">Vous ne pouvez pas vous tromper avec cet \u00e9quipement incroyable qui plaira \u00e0 coup s\u00fbr m\u00eame aux athl\u00e8tes les plus passionn\u00e9s et les plus exigeants. Physiocam &#8211; Cette fonction permet de fournir une r\u00e9sistance variable pour s&rsquo;adapter \u00e0 la courbe de force sp\u00e9cifique du groupe musculaire entra\u00een\u00e9Les utilisateurs per\u00e7oivent une r\u00e9sistance constante tout au long de l&rsquo;exerciceBioseat &#8211; Le si\u00e8ge et le dossier ergonomiques sont de forme anatomique pour soutenir la colonne vert\u00e9brale et ? pour aider les utilisateurs \u00e0 adopter la bonne position pendant la formation La technologie Biomotion reproduit le mouvement naturel du corps. La ligne Element + a \u00e9t\u00e9 con\u00e7ue pour combiner l&rsquo;excellente biom\u00e9canique et le confort de Technogym avec un design \u00e9l\u00e9gant et intemporel.<\/p>\n<p style=\"text-align: left;\">La broche intelligente (en option) permet \u00e0 l&rsquo;utilisateur d&rsquo;augmenter progressivement la chargeL&rsquo;articulation articul\u00e9e dans le bras de mouvement donne aux utilisateurs la libert\u00e9 de suivre leur propre chemin de mouvement naturel. Les bras ind\u00e9pendants permettent de r\u00e9aliser l&rsquo;exercice avec les deux bras simultan\u00e9ment ou en alternant les bras.<\/p>","protected":false},"featured_media":8433,"comment_status":"closed","ping_status":"closed","template":"","meta":[],"product_brand":[],"product_cat":[339,323,326],"product_tag":[],"class_list":{"0":"post-8431","1":"product","2":"type-product","3":"status-publish","4":"has-post-thumbnail","6":"product_cat-bras","7":"product_cat-equipements-de-force","8":"product_cat-triceps","10":"first","11":"instock","12":"sale","13":"taxable","14":"shipping-taxable","15":"purchasable","16":"product-type-simple"},"_links":{"self":[{"href":"http:\/\/canadianfitnessequipment.ca\/en\/wp-json\/wp\/v2\/product\/8431","targetHints":{"allow":["GET"]}}],"collection":[{"href":"http:\/\/canadianfitnessequipment.ca\/en\/wp-json\/wp\/v2\/product"}],"about":[{"href":"http:\/\/canadianfitnessequipment.ca\/en\/wp-json\/wp\/v2\/types\/product"}],"replies":[{"embeddable":true,"href":"http:\/\/canadianfitnessequipment.ca\/en\/wp-json\/wp\/v2\/comments?post=8431"}],"wp:featuredmedia":[{"embeddable":true,"href":"http:\/\/canadianfitnessequipment.ca\/en\/wp-json\/wp\/v2\/media\/8433"}],"wp:attachment":[{"href":"http:\/\/canadianfitnessequipment.ca\/en\/wp-json\/wp\/v2\/media?parent=8431"}],"wp:term":[{"taxonomy":"product_brand","embeddable":true,"href":"http:\/\/canadianfitnessequipment.ca\/en\/wp-json\/wp\/v2\/product_brand?post=8431"},{"taxonomy":"product_cat","embeddable":true,"href":"http:\/\/canadianfitnessequipment.ca\/en\/wp-json\/wp\/v2\/product_cat?post=8431"},{"taxonomy":"product_tag","embeddable":true,"href":"http:\/\/canadianfitnessequipment.ca\/en\/wp-json\/wp\/v2\/product_tag?post=8431"}],"curies":[{"name":"wp","href":"https:\/\/api.w.org\/{rel}","templated":true}]}}