{"id":8428,"date":"2021-06-09T16:20:23","date_gmt":"2021-06-09T20:20:23","guid":{"rendered":"https:\/\/www.canadianfitnessequipment.ca?post_type=product&#038;p=8428"},"modified":"2021-06-10T10:17:58","modified_gmt":"2021-06-10T14:17:58","slug":"technogym-element-lower-back","status":"publish","type":"product","link":"http:\/\/canadianfitnessequipment.ca\/en\/product\/technogym-element-lower-back\/","title":{"rendered":"TECHNOGYM ELEMENT LOWER BACK USAG\u00c9"},"content":{"rendered":"<p>Caract\u00e9ristiques<\/p>\n<p>La conception du coussin dorsal encourage l&rsquo;extension des muscles du bas du dos tout en minimisant l&rsquo;extension des hanches.Le r\u00e9glage de la ROM est facilement s\u00e9lectionn\u00e9 avec le bouton de d\u00e9verrouillage et s&rsquo;adapte aux pr\u00e9f\u00e9rences individuelles ou aux limitations physiques.Les doubles supports de pied offrent un soutien et une stabilisation pendant l&rsquo;exercice sans aucun r\u00e9glage requisEntra\u00eenement sp\u00e9cifique des muscles du bas du dosPr\u00e9vention et traitement des probl\u00e8mes articulaires de la colonne vert\u00e9braleAm\u00e9lioration de la posture.<\/p>\n<p>&nbsp;<\/p>\n<p>SP\u00c9CIFICATIONS TECHNIQUES<\/p>\n<p>Dimensions : 56&Prime; H x 37&Prime; L x 47&Prime; L<\/p>\n<p>Poids : 400 livres.<\/p>\n<p>Pile de poids : 140 lb.<\/p>\n<p>&nbsp;<\/p>","protected":false},"excerpt":{"rendered":"<p>Le TechnoGym Lower Back pr\u00e9sente la conception du coussin dorsal qui encourage l&rsquo;extension des muscles du bas du dos tout en minimisant l&rsquo;extension des hanches. De plus, cette unit\u00e9 commerciale dispose du r\u00e9glage de la ROM qui est facilement s\u00e9lectionn\u00e9 avec le d\u00e9clencheur et s&rsquo;adapte aux pr\u00e9f\u00e9rences individuelles ou aux limitations physiques.<\/p>\n<p>Les doubles supports de pied offrent un soutien et une stabilisation pendant l&rsquo;exercice sans aucun r\u00e9glage requis Les leviers, boutons et broches sont jaune vif et extr\u00eamement visibles. Il y a tr\u00e8s peu de r\u00e9glages sur chaque \u00e9quipement, et tous sont facilement accessibles depuis la position d&rsquo;entra\u00eenement.<\/p>\n<p>De plus, dans la mesure du possible, les commandes de r\u00e9glage sont plac\u00e9es \u00e0 des emplacements coh\u00e9rents sur toute la ligne.<\/p>","protected":false},"featured_media":8430,"comment_status":"closed","ping_status":"closed","template":"","meta":[],"product_brand":[],"product_cat":[325,323],"product_tag":[],"class_list":{"0":"post-8428","1":"product","2":"type-product","3":"status-publish","4":"has-post-thumbnail","6":"product_cat-dos","7":"product_cat-equipements-de-force","9":"first","10":"instock","11":"sale","12":"taxable","13":"shipping-taxable","14":"purchasable","15":"product-type-simple"},"_links":{"self":[{"href":"http:\/\/canadianfitnessequipment.ca\/en\/wp-json\/wp\/v2\/product\/8428","targetHints":{"allow":["GET"]}}],"collection":[{"href":"http:\/\/canadianfitnessequipment.ca\/en\/wp-json\/wp\/v2\/product"}],"about":[{"href":"http:\/\/canadianfitnessequipment.ca\/en\/wp-json\/wp\/v2\/types\/product"}],"replies":[{"embeddable":true,"href":"http:\/\/canadianfitnessequipment.ca\/en\/wp-json\/wp\/v2\/comments?post=8428"}],"wp:featuredmedia":[{"embeddable":true,"href":"http:\/\/canadianfitnessequipment.ca\/en\/wp-json\/wp\/v2\/media\/8430"}],"wp:attachment":[{"href":"http:\/\/canadianfitnessequipment.ca\/en\/wp-json\/wp\/v2\/media?parent=8428"}],"wp:term":[{"taxonomy":"product_brand","embeddable":true,"href":"http:\/\/canadianfitnessequipment.ca\/en\/wp-json\/wp\/v2\/product_brand?post=8428"},{"taxonomy":"product_cat","embeddable":true,"href":"http:\/\/canadianfitnessequipment.ca\/en\/wp-json\/wp\/v2\/product_cat?post=8428"},{"taxonomy":"product_tag","embeddable":true,"href":"http:\/\/canadianfitnessequipment.ca\/en\/wp-json\/wp\/v2\/product_tag?post=8428"}],"curies":[{"name":"wp","href":"https:\/\/api.w.org\/{rel}","templated":true}]}}