{"id":8421,"date":"2021-06-09T15:32:07","date_gmt":"2021-06-09T19:32:07","guid":{"rendered":"https:\/\/www.canadianfitnessequipment.ca?post_type=product&#038;p=8421"},"modified":"2021-06-09T15:32:07","modified_gmt":"2021-06-09T19:32:07","slug":"atlantis-hyper-extension-bench-usage","status":"publish","type":"product","link":"http:\/\/canadianfitnessequipment.ca\/en\/product\/atlantis-hyper-extension-bench-usage\/","title":{"rendered":"ATLANTIS  Hyper Extension BENCH USAG\u00c9"},"content":{"rendered":"<p><strong>Specifications<\/strong><\/p>\n<p>&nbsp;<\/p>\n<table>\n<tbody>\n<tr>\n<td width=\"78\"><strong>Width<\/strong><\/td>\n<td>35\u2033(89cm)<\/td>\n<\/tr>\n<tr>\n<td width=\"78\"><strong>Height<\/strong><\/td>\n<td>48\u2033(122 cm)<\/td>\n<\/tr>\n<tr>\n<td width=\"78\"><strong>Length<\/strong><\/td>\n<td>65\u2033(165 cm)<\/td>\n<\/tr>\n<tr>\n<td width=\"78\"><strong>Weight<\/strong><\/td>\n<td>150 lb (68 kg)<\/td>\n<\/tr>\n<\/tbody>\n<\/table>","protected":false},"excerpt":{"rendered":"<pre id=\"tw-target-text\" class=\"tw-data-text tw-text-large XcVN5d tw-ta\" dir=\"ltr\" data-placeholder=\"Traducci\u00f3n\"><span class=\"Y2IQFc\" lang=\"fr\">Description du produit\r\n- R\u00e9glage de la profondeur sur l'assemblage du pied.\r\n- Les coussinets de cuisse inclin\u00e9s offrent une stabilit\u00e9 suppl\u00e9mentaire et permettent des exercices obliques.\r\n-Compl\u00e8tement prot\u00e9g\u00e9 par des canalisations \u00e0 fort impact.<\/span><\/pre>","protected":false},"featured_media":8423,"comment_status":"closed","ping_status":"closed","template":"","meta":[],"product_brand":[],"product_cat":[332,338],"product_tag":[],"class_list":{"0":"post-8421","1":"product","2":"type-product","3":"status-publish","4":"has-post-thumbnail","6":"product_cat-accessoires","7":"product_cat-bancs","9":"first","10":"instock","11":"sale","12":"taxable","13":"shipping-taxable","14":"purchasable","15":"product-type-simple"},"_links":{"self":[{"href":"http:\/\/canadianfitnessequipment.ca\/en\/wp-json\/wp\/v2\/product\/8421","targetHints":{"allow":["GET"]}}],"collection":[{"href":"http:\/\/canadianfitnessequipment.ca\/en\/wp-json\/wp\/v2\/product"}],"about":[{"href":"http:\/\/canadianfitnessequipment.ca\/en\/wp-json\/wp\/v2\/types\/product"}],"replies":[{"embeddable":true,"href":"http:\/\/canadianfitnessequipment.ca\/en\/wp-json\/wp\/v2\/comments?post=8421"}],"wp:featuredmedia":[{"embeddable":true,"href":"http:\/\/canadianfitnessequipment.ca\/en\/wp-json\/wp\/v2\/media\/8423"}],"wp:attachment":[{"href":"http:\/\/canadianfitnessequipment.ca\/en\/wp-json\/wp\/v2\/media?parent=8421"}],"wp:term":[{"taxonomy":"product_brand","embeddable":true,"href":"http:\/\/canadianfitnessequipment.ca\/en\/wp-json\/wp\/v2\/product_brand?post=8421"},{"taxonomy":"product_cat","embeddable":true,"href":"http:\/\/canadianfitnessequipment.ca\/en\/wp-json\/wp\/v2\/product_cat?post=8421"},{"taxonomy":"product_tag","embeddable":true,"href":"http:\/\/canadianfitnessequipment.ca\/en\/wp-json\/wp\/v2\/product_tag?post=8421"}],"curies":[{"name":"wp","href":"https:\/\/api.w.org\/{rel}","templated":true}]}}