{"id":8416,"date":"2021-06-08T15:42:04","date_gmt":"2021-06-08T19:42:04","guid":{"rendered":"https:\/\/www.canadianfitnessequipment.ca?post_type=product&#038;p=8416"},"modified":"2021-06-08T15:42:04","modified_gmt":"2021-06-08T19:42:04","slug":"body-masters-home-gym-usage","status":"publish","type":"product","link":"http:\/\/canadianfitnessequipment.ca\/en\/product\/body-masters-home-gym-usage\/","title":{"rendered":"BODY MASTERS HOME GYM USAG\u00c9"},"content":{"rendered":"<h1 style=\"background: white; margin: 0cm 0cm 3.6pt 0cm;\"><span style=\"font-size: 21.0pt; font-family: 'Arial',sans-serif; color: #202124; background: #F8F9FA;\">L&rsquo;unit\u00e9 est en excellent \u00e9tat. <\/span><\/h1>\n<h1 style=\"background: white; margin: 0cm 0cm 3.6pt 0cm;\"><span style=\"font-size: 21.0pt; font-family: 'Arial',sans-serif; color: #202124; background: #F8F9FA;\">\u00a0<\/span><\/h1>\n<h1 style=\"background: white; margin: 0cm 0cm 3.6pt 0cm;\"><span style=\"font-size: 21.0pt; font-family: 'Arial',sans-serif; color: #202124; background: #F8F9FA;\">Ces unit\u00e9s ont \u00e9galement la capacit\u00e9 de se s\u00e9parer et de se tenir librement.<\/span><\/h1>","protected":false},"excerpt":{"rendered":"<p>Bodymasters 3 stations multi-postes.<\/p>\n<p>Il s&rsquo;agit d&rsquo;une unit\u00e9 de qualit\u00e9 commerciale avec un encombrement relativement faible.<\/p>\n<p>Cette unit\u00e9 ira parfaitement contre un mur, ce qui \u00e9conomise de l&rsquo;espace.<\/p>","protected":false},"featured_media":8418,"comment_status":"closed","ping_status":"closed","template":"","meta":[],"product_brand":[],"product_cat":[323,337],"product_tag":[],"class_list":{"0":"post-8416","1":"product","2":"type-product","3":"status-publish","4":"has-post-thumbnail","6":"product_cat-equipements-de-force","7":"product_cat-equipements-multifonctionnel","9":"first","10":"instock","11":"sale","12":"taxable","13":"shipping-taxable","14":"purchasable","15":"product-type-simple"},"_links":{"self":[{"href":"http:\/\/canadianfitnessequipment.ca\/en\/wp-json\/wp\/v2\/product\/8416","targetHints":{"allow":["GET"]}}],"collection":[{"href":"http:\/\/canadianfitnessequipment.ca\/en\/wp-json\/wp\/v2\/product"}],"about":[{"href":"http:\/\/canadianfitnessequipment.ca\/en\/wp-json\/wp\/v2\/types\/product"}],"replies":[{"embeddable":true,"href":"http:\/\/canadianfitnessequipment.ca\/en\/wp-json\/wp\/v2\/comments?post=8416"}],"wp:featuredmedia":[{"embeddable":true,"href":"http:\/\/canadianfitnessequipment.ca\/en\/wp-json\/wp\/v2\/media\/8418"}],"wp:attachment":[{"href":"http:\/\/canadianfitnessequipment.ca\/en\/wp-json\/wp\/v2\/media?parent=8416"}],"wp:term":[{"taxonomy":"product_brand","embeddable":true,"href":"http:\/\/canadianfitnessequipment.ca\/en\/wp-json\/wp\/v2\/product_brand?post=8416"},{"taxonomy":"product_cat","embeddable":true,"href":"http:\/\/canadianfitnessequipment.ca\/en\/wp-json\/wp\/v2\/product_cat?post=8416"},{"taxonomy":"product_tag","embeddable":true,"href":"http:\/\/canadianfitnessequipment.ca\/en\/wp-json\/wp\/v2\/product_tag?post=8416"}],"curies":[{"name":"wp","href":"https:\/\/api.w.org\/{rel}","templated":true}]}}