{"id":8408,"date":"2021-06-08T14:43:56","date_gmt":"2021-06-08T18:43:56","guid":{"rendered":"https:\/\/www.canadianfitnessequipment.ca?post_type=product&#038;p=8408"},"modified":"2021-06-08T14:43:56","modified_gmt":"2021-06-08T18:43:56","slug":"tapis-roulant-precor-811-v1","status":"publish","type":"product","link":"http:\/\/canadianfitnessequipment.ca\/en\/product\/tapis-roulant-precor-811-v1\/","title":{"rendered":"TAPIS ROULANT PRECOR 811 V1"},"content":{"rendered":"<p>Sp\u00e9cifications du produit<\/p>\n<p>-Dimensions (L x l x H)\u00a0: 83 x 35 x 62 pouces \/ 211 x 89 x 157,5 cm<\/p>\n<p>-Hauteur du produit avec PVS : 78 po \/ 198 cm-Poids : 420 lb \/ 190 kg<\/p>\n<p>-Puissance : aliment\u00e9 ; 120V\/20 amp\u00e8res, circuit d\u00e9di\u00e9<\/p>\n<p>-Nombre total d&rsquo;entra\u00eenements\u00a0:\u00a07-<\/p>\n<p>Entra\u00eenement du moteur\u00a0: correction du facteur de puissance (PFC)<\/p>\n<p>-Plage de vitesse : 0,5 \u2013 12 mph \/ 0,8 \u2013 20 km\/h<\/p>\n<p>-Plage d&rsquo;\u00e9l\u00e9vation\u00a0: 0\u00a0% &#8211; 15\u00a0% (incr\u00e9ments de 0,5\u00a0%)<\/p>\n<p>-S\u00e9lection de la langue : anglais, n\u00e9erlandais, fran\u00e7ais, allemand, italien, portugais,Russe romanis\u00e9 et espagnol<\/p>","protected":false},"excerpt":{"rendered":"<p>Le TRM 811 combine une conception et des performances r\u00e9fl\u00e9chies pour offrir unl&rsquo;exp\u00e9rience de l&rsquo;utilisateur qui se sent bien.<\/p>\n<p>Notre TRM 811 vous permet defournir un environnement ax\u00e9 sur le client. Silencieux et efficaces, nous avonsrationalis\u00e9 l&rsquo;assemblage et inclus des outils de diagnostic pour augmenter la disponibilit\u00e9et r\u00e9duire les co\u00fbts d&rsquo;exploitation.<\/p>\n<p>Points forts du produit\u00a0-Console-Cr\u00e9\u00e9e pour compl\u00e9ter toute la gamme Experience SeriesTM, la console P10dispose d&rsquo;une console \u00e0 LED qui se concentre sur les statistiques de condition physique essentielles quigarder les utilisateurs en mouvement.<\/p>\n<p>-Correction du facteur de puissance (PFC)-<\/p>\n<p>Nos entra\u00eenements de moteur \u00e0 courant alternatif 4 HP hautement efficaces sont optimis\u00e9s avec PFC pour une augmentationefficacit\u00e9, performances am\u00e9lior\u00e9es et jusqu&rsquo;\u00e0 30 % de r\u00e9duction de la consommation d&rsquo;\u00e9nergie.<\/p>\n<p>-Technologie int\u00e9gr\u00e9e Footplant\u2122-<\/p>\n<p>Reconna\u00eet les vitesses naturelles des pieds des utilisateurs et s&rsquo;adapte \u00e0 chaque foul\u00e9e pour unsensation ultra-douce qui am\u00e9liore leur exp\u00e9rience d&rsquo;entra\u00eenement.<\/p>\n<p>-Syst\u00e8me de contr\u00f4le d&rsquo;impact Ground Effects\u00ae-<\/p>\n<p>Notre syst\u00e8me brevet\u00e9 combine un amorti, un soutien et une stabilit\u00e9 id\u00e9aux pourles pratiquants. Les ponts Precor sont con\u00e7us pour fournir plus d&rsquo;absorption \u00e0 l&rsquo;avanto\u00f9 les pieds des utilisateurs frappent la ceinture et une rigidit\u00e9 suppl\u00e9mentaire \u00e0 l&rsquo;arri\u00e8re pour une pouss\u00e9e ferme.<\/p>\n<p>-Voyant d&rsquo;\u00e9tat actif-<\/p>\n<p>Pour augmenter le temps de fonctionnement, un voyant d&rsquo;\u00e9tat externe vous permet, \u00e0 vous et \u00e0 votre personnel, de conna\u00eetre en un coup d&rsquo;\u0153il lel&rsquo;\u00e9tat de fonctionnement de votre tapis roulant et quand effectuer l&rsquo;entretien de longue dur\u00e9e<\/p>","protected":false},"featured_media":8410,"comment_status":"closed","ping_status":"closed","template":"","meta":[],"product_brand":[],"product_cat":[318,319],"product_tag":[],"class_list":{"0":"post-8408","1":"product","2":"type-product","3":"status-publish","4":"has-post-thumbnail","6":"product_cat-cardiovasculaire","7":"product_cat-tapis-roulants","9":"first","10":"instock","11":"sale","12":"taxable","13":"shipping-taxable","14":"purchasable","15":"product-type-simple"},"_links":{"self":[{"href":"http:\/\/canadianfitnessequipment.ca\/en\/wp-json\/wp\/v2\/product\/8408","targetHints":{"allow":["GET"]}}],"collection":[{"href":"http:\/\/canadianfitnessequipment.ca\/en\/wp-json\/wp\/v2\/product"}],"about":[{"href":"http:\/\/canadianfitnessequipment.ca\/en\/wp-json\/wp\/v2\/types\/product"}],"replies":[{"embeddable":true,"href":"http:\/\/canadianfitnessequipment.ca\/en\/wp-json\/wp\/v2\/comments?post=8408"}],"wp:featuredmedia":[{"embeddable":true,"href":"http:\/\/canadianfitnessequipment.ca\/en\/wp-json\/wp\/v2\/media\/8410"}],"wp:attachment":[{"href":"http:\/\/canadianfitnessequipment.ca\/en\/wp-json\/wp\/v2\/media?parent=8408"}],"wp:term":[{"taxonomy":"product_brand","embeddable":true,"href":"http:\/\/canadianfitnessequipment.ca\/en\/wp-json\/wp\/v2\/product_brand?post=8408"},{"taxonomy":"product_cat","embeddable":true,"href":"http:\/\/canadianfitnessequipment.ca\/en\/wp-json\/wp\/v2\/product_cat?post=8408"},{"taxonomy":"product_tag","embeddable":true,"href":"http:\/\/canadianfitnessequipment.ca\/en\/wp-json\/wp\/v2\/product_tag?post=8408"}],"curies":[{"name":"wp","href":"https:\/\/api.w.org\/{rel}","templated":true}]}}