{"id":8405,"date":"2021-06-08T14:30:46","date_gmt":"2021-06-08T18:30:46","guid":{"rendered":"https:\/\/www.canadianfitnessequipment.ca?post_type=product&#038;p=8405"},"modified":"2021-06-08T14:30:46","modified_gmt":"2021-06-08T18:30:46","slug":"star-trac-nxt-indoor-cycle-7000-usage","status":"publish","type":"product","link":"http:\/\/canadianfitnessequipment.ca\/en\/product\/star-trac-nxt-indoor-cycle-7000-usage\/","title":{"rendered":"Star Trac NXT Indoor Cycle 7000  USAG\u00c9"},"content":{"rendered":"<p>\u00c9tendre l&rsquo;exp\u00e9rience du cyclisme en salle au-del\u00e0 du studio et sur le sol cardio<\/p>\n<p>-Num\u00e9ro de mod\u00e8le : 7000<\/p>\n<p>-Dimensions hors tout : 53,9&Prime; l x 20,6&Prime; l x 40&Prime; h (136,9 x 52,3 x 101,6 cm)-Poids total : 113,5 lb (51,5 kg)<\/p>\n<p>-Poids du volant : 43 lb (19,5 kg)<\/p>\n<p>-Bienvenue dans le syst\u00e8me Indoor Cycling!Que vous souhaitiez perdre du poids, gagner de l&rsquo;\u00e9nergie ou que vous recherchiez simplement un entra\u00eenement aussi amusant qu&rsquo;efficace, le syst\u00e8me Indoor Cycling peut vous aider \u00e0 retrouver la meilleure forme de votre vie.<\/p>","protected":false},"excerpt":{"rendered":"<p>Le Indoor Cycle NXT combine des fonctionnalit\u00e9s ax\u00e9es sur l&rsquo;utilisateur avec un degr\u00e9 \u00e9lev\u00e9 de r\u00e9glage pour offrir les meilleures performances de sa cat\u00e9gorie aux cyclistes de toutes formes, tailles et capacit\u00e9s.<\/p>\n<p>Pour maintenir une qualit\u00e9 sans compromis sortie apr\u00e8s sortie, le v\u00e9lo d&rsquo;int\u00e9rieur NXT est dot\u00e9 d&rsquo;un syst\u00e8me de manivelle extra-durable, de mat\u00e9riaux antirouille et d&rsquo;une construction solide comme le roc. Combinez le programme Indoor Cycling et le Indoor Cycle NXT avec le service client, l&rsquo;assistance et la formation in\u00e9gal\u00e9s de Star Trac, et vous disposerez de tous les outils n\u00e9cessaires pour faire passer votre installation \u00e0 la vitesse sup\u00e9rieure.<\/p>","protected":false},"featured_media":8407,"comment_status":"closed","ping_status":"closed","template":"","meta":[],"product_brand":[],"product_cat":[318,336],"product_tag":[],"class_list":{"0":"post-8405","1":"product","2":"type-product","3":"status-publish","4":"has-post-thumbnail","6":"product_cat-cardiovasculaire","7":"product_cat-velo-spinning","9":"first","10":"instock","11":"taxable","12":"shipping-taxable","13":"product-type-simple"},"_links":{"self":[{"href":"http:\/\/canadianfitnessequipment.ca\/en\/wp-json\/wp\/v2\/product\/8405","targetHints":{"allow":["GET"]}}],"collection":[{"href":"http:\/\/canadianfitnessequipment.ca\/en\/wp-json\/wp\/v2\/product"}],"about":[{"href":"http:\/\/canadianfitnessequipment.ca\/en\/wp-json\/wp\/v2\/types\/product"}],"replies":[{"embeddable":true,"href":"http:\/\/canadianfitnessequipment.ca\/en\/wp-json\/wp\/v2\/comments?post=8405"}],"wp:featuredmedia":[{"embeddable":true,"href":"http:\/\/canadianfitnessequipment.ca\/en\/wp-json\/wp\/v2\/media\/8407"}],"wp:attachment":[{"href":"http:\/\/canadianfitnessequipment.ca\/en\/wp-json\/wp\/v2\/media?parent=8405"}],"wp:term":[{"taxonomy":"product_brand","embeddable":true,"href":"http:\/\/canadianfitnessequipment.ca\/en\/wp-json\/wp\/v2\/product_brand?post=8405"},{"taxonomy":"product_cat","embeddable":true,"href":"http:\/\/canadianfitnessequipment.ca\/en\/wp-json\/wp\/v2\/product_cat?post=8405"},{"taxonomy":"product_tag","embeddable":true,"href":"http:\/\/canadianfitnessequipment.ca\/en\/wp-json\/wp\/v2\/product_tag?post=8405"}],"curies":[{"name":"wp","href":"https:\/\/api.w.org\/{rel}","templated":true}]}}