{"id":8401,"date":"2021-06-08T14:10:33","date_gmt":"2021-06-08T18:10:33","guid":{"rendered":"https:\/\/www.canadianfitnessequipment.ca?post_type=product&#038;p=8401"},"modified":"2021-06-08T14:12:50","modified_gmt":"2021-06-08T18:12:50","slug":"freemotion-s11-9-carbon-drive-indoor-cycle-usage","status":"publish","type":"product","link":"http:\/\/canadianfitnessequipment.ca\/en\/product\/freemotion-s11-9-carbon-drive-indoor-cycle-usage\/","title":{"rendered":"Freemotion S11.9 Carbon Drive Indoor Cycle USAG\u00c9"},"content":{"rendered":"<p>Caract\u00e9ristiques<\/p>\n<p>&nbsp;<\/p>\n<p>Rapport de d\u00e9multiplication \u00e9lev\u00e9, volant d&rsquo;inertie lest\u00e9 et entra\u00eenement en carbone pour une conduite en douceur.<\/p>\n<p>-P\u00e9dales double face compatibles avec la plupart des chaussures de cyclisme.<\/p>\n<p>-Syst\u00e8me de r\u00e9sistance magn\u00e9tique.-Guidon avant\/arri\u00e8re de 2&Prime; et si\u00e8ge r\u00e9glable.<\/p>\n<p>-Selle ergonomique.<\/p>\n<p>-Bouton de r\u00e9sistance avec frein \u00e0 arr\u00eat rapide.<\/p>\n<p>-Dimensions : 50&Prime; x 20,1&Prime; x 39&Prime; (127 cm x 51 cm \u00a0\u00a0\u00a0\u00a0x 99 cm)-Poids : 125 livres.<\/p>","protected":false},"excerpt":{"rendered":"<p>Le v\u00e9lo d&rsquo;int\u00e9rieur FreeMotion s11.9 Carbon Drive offre une conduite douce, silencieuse et r\u00e9aliste sur un cycle d&rsquo;entra\u00eenement par courroie avec les avantages d&rsquo;inertie \u00e9lev\u00e9e et antid\u00e9rapants d&rsquo;un entra\u00eenement par cha\u00eene. Fabriqu\u00e9 \u00e0 partir d&rsquo;un cadre en aluminium l\u00e9ger, facile \u00e0 entretenir et \u00e0 transporter, le v\u00e9lo d&rsquo;int\u00e9rieur s11.9 Carbon Drive est con\u00e7u de mani\u00e8re ergonomique pour s&rsquo;adapter \u00e0 90 % des cyclistes mesurant de 5&prime; \u00e0 6&rsquo;9\u00a0\u00bb et il est solide &#8211; vraiment r\u00e9sistant pour supporter des charges lourdes et intensives utiliser. Le v\u00e9lo d&rsquo;int\u00e9rieur dispose d&rsquo;un syst\u00e8me de r\u00e9sistance magn\u00e9tique sophistiqu\u00e9 pour rendre le v\u00e9lo pratiquement sans entretien et est id\u00e9al pour une utilisation \u00e0 la maison ou dans une salle de sport professionnelle.<\/p>","protected":false},"featured_media":8403,"comment_status":"closed","ping_status":"closed","template":"","meta":[],"product_brand":[],"product_cat":[318,336],"product_tag":[],"class_list":{"0":"post-8401","1":"product","2":"type-product","3":"status-publish","4":"has-post-thumbnail","6":"product_cat-cardiovasculaire","7":"product_cat-velo-spinning","9":"first","10":"instock","11":"sale","12":"taxable","13":"shipping-taxable","14":"purchasable","15":"product-type-simple"},"_links":{"self":[{"href":"http:\/\/canadianfitnessequipment.ca\/en\/wp-json\/wp\/v2\/product\/8401","targetHints":{"allow":["GET"]}}],"collection":[{"href":"http:\/\/canadianfitnessequipment.ca\/en\/wp-json\/wp\/v2\/product"}],"about":[{"href":"http:\/\/canadianfitnessequipment.ca\/en\/wp-json\/wp\/v2\/types\/product"}],"replies":[{"embeddable":true,"href":"http:\/\/canadianfitnessequipment.ca\/en\/wp-json\/wp\/v2\/comments?post=8401"}],"wp:featuredmedia":[{"embeddable":true,"href":"http:\/\/canadianfitnessequipment.ca\/en\/wp-json\/wp\/v2\/media\/8403"}],"wp:attachment":[{"href":"http:\/\/canadianfitnessequipment.ca\/en\/wp-json\/wp\/v2\/media?parent=8401"}],"wp:term":[{"taxonomy":"product_brand","embeddable":true,"href":"http:\/\/canadianfitnessequipment.ca\/en\/wp-json\/wp\/v2\/product_brand?post=8401"},{"taxonomy":"product_cat","embeddable":true,"href":"http:\/\/canadianfitnessequipment.ca\/en\/wp-json\/wp\/v2\/product_cat?post=8401"},{"taxonomy":"product_tag","embeddable":true,"href":"http:\/\/canadianfitnessequipment.ca\/en\/wp-json\/wp\/v2\/product_tag?post=8401"}],"curies":[{"name":"wp","href":"https:\/\/api.w.org\/{rel}","templated":true}]}}