{"id":8397,"date":"2021-06-08T13:42:25","date_gmt":"2021-06-08T17:42:25","guid":{"rendered":"https:\/\/www.canadianfitnessequipment.ca?post_type=product&#038;p=8397"},"modified":"2021-06-08T13:59:32","modified_gmt":"2021-06-08T17:59:32","slug":"matrix-livestrong-velo-spinning-usage","status":"publish","type":"product","link":"http:\/\/canadianfitnessequipment.ca\/en\/product\/matrix-livestrong-velo-spinning-usage\/","title":{"rendered":"Matrix Livestrong  V\u00e9lo Spinning USAG\u00c9"},"content":{"rendered":"<h3><strong>The Livestrong S-Series Indoor Cycle features:<\/strong><\/h3>\n<p>\u2013 40-lb Flywheel<br \/>\n\u2013 Cantilevered brake resistance system<br \/>\n\u2013 Kevlar belt system<br \/>\n\u2013 Combination SPD-compatible Pedals<br \/>\n\u2013 Indoor Cycling Computer\u2122<br \/>\n\u2013 Fore\/aft saddle adjustments<br \/>\n\u2013 Telemetric Heart Rate Monitoring (strap not included)<br \/>\n\u2013 Water bottle holder, transport wheels<br \/>\n\u2013 Max User Weight: 290 lbs<br \/>\n\u2013 Dimensions\/Weight: 47.2\u2033L x 21.2\u2033W x 40.9\u2033H \/ 113 lbs<\/p>","protected":false},"excerpt":{"rendered":"<p id=\"tw-target-text\" class=\"tw-data-text tw-text-large XcVN5d tw-ta\" dir=\"ltr\" data-placeholder=\"Traduction\"><span class=\"Y2IQFc\" lang=\"fr\">Le v\u00e9lo d&rsquo;int\u00e9rieur Livestrong S-Series est dot\u00e9 de l&rsquo;ensemble de conception exclusif LIVESTRONG\u00ae : une finition de peinture en poudre de platine haute brillance sur un cadre en acier avec des d\u00e9tails en plastique \u00e0 effet carbone sup\u00e9rieur. Le rev\u00eatement en poudre r\u00e9sistant \u00e0 la rouille et la protection d&rsquo;entra\u00eenement prot\u00e8gent contre la transpiration et l&rsquo;abrasion. Ce v\u00e9lo de spin attrayant et ultra doux sera un ajout pr\u00e9cieux pour compl\u00e9ter votre salle de gym \u00e0 domicile. Le cycle Livestrong S-Series obtient d&rsquo;excellentes critiques pour \u00eatre un v\u00e9lo sur lequel Lance Armstrong lui-m\u00eame s&rsquo;entra\u00eenerait \u00e0 l&rsquo;int\u00e9rieur.<\/span><\/p>","protected":false},"featured_media":8399,"comment_status":"closed","ping_status":"closed","template":"","meta":[],"product_brand":[],"product_cat":[318,336],"product_tag":[],"class_list":{"0":"post-8397","1":"product","2":"type-product","3":"status-publish","4":"has-post-thumbnail","6":"product_cat-cardiovasculaire","7":"product_cat-velo-spinning","9":"first","10":"instock","11":"sale","12":"taxable","13":"shipping-taxable","14":"purchasable","15":"product-type-simple"},"_links":{"self":[{"href":"http:\/\/canadianfitnessequipment.ca\/en\/wp-json\/wp\/v2\/product\/8397","targetHints":{"allow":["GET"]}}],"collection":[{"href":"http:\/\/canadianfitnessequipment.ca\/en\/wp-json\/wp\/v2\/product"}],"about":[{"href":"http:\/\/canadianfitnessequipment.ca\/en\/wp-json\/wp\/v2\/types\/product"}],"replies":[{"embeddable":true,"href":"http:\/\/canadianfitnessequipment.ca\/en\/wp-json\/wp\/v2\/comments?post=8397"}],"wp:featuredmedia":[{"embeddable":true,"href":"http:\/\/canadianfitnessequipment.ca\/en\/wp-json\/wp\/v2\/media\/8399"}],"wp:attachment":[{"href":"http:\/\/canadianfitnessequipment.ca\/en\/wp-json\/wp\/v2\/media?parent=8397"}],"wp:term":[{"taxonomy":"product_brand","embeddable":true,"href":"http:\/\/canadianfitnessequipment.ca\/en\/wp-json\/wp\/v2\/product_brand?post=8397"},{"taxonomy":"product_cat","embeddable":true,"href":"http:\/\/canadianfitnessequipment.ca\/en\/wp-json\/wp\/v2\/product_cat?post=8397"},{"taxonomy":"product_tag","embeddable":true,"href":"http:\/\/canadianfitnessequipment.ca\/en\/wp-json\/wp\/v2\/product_tag?post=8397"}],"curies":[{"name":"wp","href":"https:\/\/api.w.org\/{rel}","templated":true}]}}