{"id":8308,"date":"2021-04-07T16:38:28","date_gmt":"2021-04-07T20:38:28","guid":{"rendered":"https:\/\/www.canadianfitnessequipment.ca?post_type=product&#038;p=8308"},"modified":"2021-04-07T16:44:15","modified_gmt":"2021-04-07T20:44:15","slug":"precor-trm-835","status":"publish","type":"product","link":"http:\/\/canadianfitnessequipment.ca\/en\/product\/precor-trm-835\/","title":{"rendered":"Precor TRM 835"},"content":{"rendered":"<p><strong>Affichage :<\/strong> vitesse, inclinaison, distance, rythme, vitesse moyenne, calories, fr\u00e9quence cardiaque, temps \u00e9coul\u00e9, temps restant, % termin\u00e9, temps dans la zone, temps de segment, Cals\/min, Cals\/h, Watts, MET, fr\u00e9quence cardiaque cible, fr\u00e9quence cardiaque moyenne, augmentation d\u2019inclinaison, profil d\u2019entra\u00eenement, r\u00e9capitulatif de l\u2019entra\u00eenement.<\/p>\n<p><strong>Programmes\u00a0:<\/strong> manuel, intervalles, intervalle personnalis\u00e9, fr\u00e9quence cardiaque, HRC de base, HRC de perte de poids personnalis\u00e9, HRC de perte de poids, perte de poids, 1 A\u00e9robic, 2 A\u00e9robic, HRC de perte de poids personnalis\u00e9, HRC de perte de poids, vari\u00e9t\u00e9, al\u00e9atoire, 1 Cross Country, 2 Cross Country ,1 fessier, 2 fessier, 1 personnalis\u00e9, 2 personnalis\u00e9, performance, suivi, 5 km, test de fitness Gerkin, USAF PRT, Marine PRT, Arm\u00e9e PFT, USMC PFT, Police PEB, test Pompier WFI.<\/p>","protected":false},"excerpt":{"rendered":"<p>Dimensions: 83\u2033 x 35\u2033 x 69\u2033<br \/>\nDiam\u00e8tre du rouleau : 3,5\u2019\u2019<br \/>\nPoids maximum de l\u2019utilisateur : 400 lb<br \/>\nTaille haute : 9.5 po<br \/>\nGamme de vitesse : 0.5 \u2013 16 mph \/ .8 \u2013 25.5 km \/ h<br \/>\nD\u00e9clin \/ Gamme d\u2019inclinaison : -3% de d\u00e9clin \u00e0 15% d\u2019inclinaison par incr\u00e9ments de 0,5%<br \/>\nSurface courante : 60\u2019\u2019 Long. x 22\u2019\u2019 Larg.<\/p>","protected":false},"featured_media":8310,"comment_status":"closed","ping_status":"closed","template":"","meta":[],"product_brand":[],"product_cat":[318,319],"product_tag":[],"class_list":{"0":"post-8308","1":"product","2":"type-product","3":"status-publish","4":"has-post-thumbnail","6":"product_cat-cardiovasculaire","7":"product_cat-tapis-roulants","9":"first","10":"instock","11":"taxable","12":"shipping-taxable","13":"product-type-simple"},"_links":{"self":[{"href":"http:\/\/canadianfitnessequipment.ca\/en\/wp-json\/wp\/v2\/product\/8308","targetHints":{"allow":["GET"]}}],"collection":[{"href":"http:\/\/canadianfitnessequipment.ca\/en\/wp-json\/wp\/v2\/product"}],"about":[{"href":"http:\/\/canadianfitnessequipment.ca\/en\/wp-json\/wp\/v2\/types\/product"}],"replies":[{"embeddable":true,"href":"http:\/\/canadianfitnessequipment.ca\/en\/wp-json\/wp\/v2\/comments?post=8308"}],"wp:featuredmedia":[{"embeddable":true,"href":"http:\/\/canadianfitnessequipment.ca\/en\/wp-json\/wp\/v2\/media\/8310"}],"wp:attachment":[{"href":"http:\/\/canadianfitnessequipment.ca\/en\/wp-json\/wp\/v2\/media?parent=8308"}],"wp:term":[{"taxonomy":"product_brand","embeddable":true,"href":"http:\/\/canadianfitnessequipment.ca\/en\/wp-json\/wp\/v2\/product_brand?post=8308"},{"taxonomy":"product_cat","embeddable":true,"href":"http:\/\/canadianfitnessequipment.ca\/en\/wp-json\/wp\/v2\/product_cat?post=8308"},{"taxonomy":"product_tag","embeddable":true,"href":"http:\/\/canadianfitnessequipment.ca\/en\/wp-json\/wp\/v2\/product_tag?post=8308"}],"curies":[{"name":"wp","href":"https:\/\/api.w.org\/{rel}","templated":true}]}}